{"id":78977,"date":"2025-07-11T15:36:24","date_gmt":"2025-07-11T12:36:24","guid":{"rendered":"https:\/\/demo8.ecube.lv\/sezona.lv\/products\/suunto-mc-2-360-in-d-nh-compass\/"},"modified":"2025-07-14T15:32:45","modified_gmt":"2025-07-14T12:32:45","slug":"suunto-mc-2-360-in-d-nh-compass","status":"publish","type":"product","link":"https:\/\/sezona.lv\/en\/products\/suunto-mc-2-360-in-d-nh-compass\/","title":{"rendered":"SUUNTO MC-2\/360\/IN\/D\/NH COMPASS"},"content":{"rendered":"<p>Balans\u0113&scaron;ana: zieme\u013cu puslod\u0113 <br \/>&Scaron;\u0137idruma kapsula  <br \/>Gultnis: d\u0101rgakme\u0146s <br \/>Palielin\u0101ta lupa  <br \/>Spogulis <br \/>Klinometrs <br \/>Izm\u0113ri: 65  x  101  x  18 mm <br \/>Svars: 74g <br \/>Ra\u017eots Somij\u0101<\/p>\n","protected":false},"excerpt":{"rendered":"<p>Balans\u0113&scaron;ana: zieme\u013cu puslod\u0113 &Scaron;\u0137idruma kapsula Gultnis: d\u0101rgakme\u0146s Palielin\u0101ta lupa Spogulis Klinometrs Izm\u0113ri: 65 x 101 x 18 mm Svars: 74g Ra\u017eots Somij\u0101<\/p>\n","protected":false},"featured_media":59790,"template":"","meta":[],"product_brand":[905],"product_cat":[4626],"product_tag":[],"class_list":{"0":"post-78977","1":"product","2":"type-product","3":"status-publish","4":"has-post-thumbnail","6":"product_brand-suunto","7":"product_cat-compasses-navigation-watches-radios","9":"first","10":"instock","11":"shipping-taxable","12":"purchasable","13":"product-type-simple"},"_links":{"self":[{"href":"https:\/\/sezona.lv\/en\/wp-json\/wp\/v2\/product\/78977","targetHints":{"allow":["GET"]}}],"collection":[{"href":"https:\/\/sezona.lv\/en\/wp-json\/wp\/v2\/product"}],"about":[{"href":"https:\/\/sezona.lv\/en\/wp-json\/wp\/v2\/types\/product"}],"wp:featuredmedia":[{"embeddable":true,"href":"https:\/\/sezona.lv\/en\/wp-json\/wp\/v2\/media\/59790"}],"wp:attachment":[{"href":"https:\/\/sezona.lv\/en\/wp-json\/wp\/v2\/media?parent=78977"}],"wp:term":[{"taxonomy":"product_brand","embeddable":true,"href":"https:\/\/sezona.lv\/en\/wp-json\/wp\/v2\/product_brand?post=78977"},{"taxonomy":"product_cat","embeddable":true,"href":"https:\/\/sezona.lv\/en\/wp-json\/wp\/v2\/product_cat?post=78977"},{"taxonomy":"product_tag","embeddable":true,"href":"https:\/\/sezona.lv\/en\/wp-json\/wp\/v2\/product_tag?post=78977"}],"curies":[{"name":"wp","href":"https:\/\/api.w.org\/{rel}","templated":true}]}}