{"id":78979,"date":"2025-07-14T15:32:46","date_gmt":"2025-07-14T12:32:46","guid":{"rendered":"https:\/\/demo8.ecube.lv\/sezona.lv\/products\/suunto-kompass-mb-6-g-6400\/"},"modified":"2025-07-14T15:32:46","modified_gmt":"2025-07-14T12:32:46","slug":"suunto-kompass-mb-6-g-6400","status":"publish","type":"product","link":"https:\/\/sezona.lv\/en\/products\/suunto-kompass-mb-6-g-6400\/","title":{"rendered":"SUUNTO KOMPASS MB-6 G 6400"},"content":{"rendered":"<p>Tips: Kakl\u0101 karin\u0101mie<\/p>\n<p>Skalu m\u0113rvien\u012bba: Gr\u0101di<\/p>\n<p>Izm\u0113ri: 240 x 92 x 35mm<\/p>\n<p>Svars: 59g<\/p>\n","protected":false},"excerpt":{"rendered":"<p>Tips: Kakl\u0101 karin\u0101mie Skalu m\u0113rvien\u012bba: Gr\u0101di Izm\u0113ri: 240 x 92 x 35mm Svars: 59g<\/p>\n","protected":false},"featured_media":0,"template":"","meta":[],"product_brand":[905],"product_cat":[4587],"product_tag":[],"class_list":{"0":"post-78979","1":"product","2":"type-product","3":"status-publish","5":"product_brand-suunto","6":"product_cat-sports","8":"first","9":"instock","10":"shipping-taxable","11":"purchasable","12":"product-type-simple"},"_links":{"self":[{"href":"https:\/\/sezona.lv\/en\/wp-json\/wp\/v2\/product\/78979","targetHints":{"allow":["GET"]}}],"collection":[{"href":"https:\/\/sezona.lv\/en\/wp-json\/wp\/v2\/product"}],"about":[{"href":"https:\/\/sezona.lv\/en\/wp-json\/wp\/v2\/types\/product"}],"wp:attachment":[{"href":"https:\/\/sezona.lv\/en\/wp-json\/wp\/v2\/media?parent=78979"}],"wp:term":[{"taxonomy":"product_brand","embeddable":true,"href":"https:\/\/sezona.lv\/en\/wp-json\/wp\/v2\/product_brand?post=78979"},{"taxonomy":"product_cat","embeddable":true,"href":"https:\/\/sezona.lv\/en\/wp-json\/wp\/v2\/product_cat?post=78979"},{"taxonomy":"product_tag","embeddable":true,"href":"https:\/\/sezona.lv\/en\/wp-json\/wp\/v2\/product_tag?post=78979"}],"curies":[{"name":"wp","href":"https:\/\/api.w.org\/{rel}","templated":true}]}}