{"id":78982,"date":"2025-07-14T15:32:49","date_gmt":"2025-07-14T12:32:49","guid":{"rendered":"https:\/\/demo8.ecube.lv\/sezona.lv\/products\/pokorny-volejbola-tikls-league-sport-4-fiks-metala-trose\/"},"modified":"2025-07-14T15:32:49","modified_gmt":"2025-07-14T12:32:49","slug":"pokorny-volejbola-tikls-league-sport-4-fiks-metala-trose","status":"publish","type":"product","link":"https:\/\/sezona.lv\/en\/products\/pokorny-volejbola-tikls-league-sport-4-fiks-metala-trose\/","title":{"rendered":"Pokorny Volejbola t\u012bkls LEAGUE SPORT, 4-fiks, met\u0101la trose"},"content":{"rendered":"<p>Volejbola t\u012bkls kas paredz\u0113ts iek&scaron;telp\u0101m. <\/p>\n<p> &#8211; PE (polietil\u0113ns).<br \/> &#8211; virves biezums 3.0 mm.<br \/> &#8211; kr\u0101sa  melna.<br \/> &#8211; met\u0101la trose.<\/p>\n","protected":false},"excerpt":{"rendered":"<p>Volejbola t\u012bkls kas paredz\u0113ts iek&scaron;telp\u0101m. &#8211; PE (polietil\u0113ns). &#8211; virves biezums 3.0 mm. &#8211; kr\u0101sa melna. &#8211; met\u0101la trose.<\/p>\n","protected":false},"featured_media":0,"template":"","meta":[],"product_brand":[],"product_cat":[4587,4602,4669,4925],"product_tag":[],"class_list":{"0":"post-78982","1":"product","2":"type-product","3":"status-publish","5":"product_cat-sports","6":"product_cat-summer-sports-sports","7":"product_cat-volleyball-summer-sports-sports","8":"product_cat-volleyball-nets-en-dupcheck-746-volleyball-summer-sports-sports","10":"first","11":"instock","12":"shipping-taxable","13":"purchasable","14":"product-type-simple"},"_links":{"self":[{"href":"https:\/\/sezona.lv\/en\/wp-json\/wp\/v2\/product\/78982","targetHints":{"allow":["GET"]}}],"collection":[{"href":"https:\/\/sezona.lv\/en\/wp-json\/wp\/v2\/product"}],"about":[{"href":"https:\/\/sezona.lv\/en\/wp-json\/wp\/v2\/types\/product"}],"wp:attachment":[{"href":"https:\/\/sezona.lv\/en\/wp-json\/wp\/v2\/media?parent=78982"}],"wp:term":[{"taxonomy":"product_brand","embeddable":true,"href":"https:\/\/sezona.lv\/en\/wp-json\/wp\/v2\/product_brand?post=78982"},{"taxonomy":"product_cat","embeddable":true,"href":"https:\/\/sezona.lv\/en\/wp-json\/wp\/v2\/product_cat?post=78982"},{"taxonomy":"product_tag","embeddable":true,"href":"https:\/\/sezona.lv\/en\/wp-json\/wp\/v2\/product_tag?post=78982"}],"curies":[{"name":"wp","href":"https:\/\/api.w.org\/{rel}","templated":true}]}}