{"id":78987,"date":"2025-07-11T16:50:12","date_gmt":"2025-07-11T13:50:12","guid":{"rendered":"https:\/\/demo8.ecube.lv\/sezona.lv\/products\/pokorny-cehols-volejbola-antennam-2-gab\/"},"modified":"2025-07-14T15:32:53","modified_gmt":"2025-07-14T12:32:53","slug":"pokorny-cehols-volejbola-antennam-2-gab","status":"publish","type":"product","link":"https:\/\/sezona.lv\/en\/products\/pokorny-cehols-volejbola-antennam-2-gab\/","title":{"rendered":"Pokorny \u010cehols Volejbola antenn\u0101m, 2 gab."},"content":{"rendered":"<p>\u010cehols Volejbola antenn\u0101m, 2 gab. ( dzeltens vai balts )<\/p>\n","protected":false},"excerpt":{"rendered":"<p>\u010cehols Volejbola antenn\u0101m, 2 gab. ( dzeltens vai balts )<\/p>\n","protected":false},"featured_media":71197,"template":"","meta":[],"product_brand":[],"product_cat":[4602,4669,4925],"product_tag":[],"class_list":{"0":"post-78987","1":"product","2":"type-product","3":"status-publish","4":"has-post-thumbnail","6":"product_cat-summer-sports-sports","7":"product_cat-volleyball-summer-sports-sports","8":"product_cat-volleyball-nets-en-dupcheck-746-volleyball-summer-sports-sports","10":"first","11":"instock","12":"shipping-taxable","13":"purchasable","14":"product-type-simple"},"_links":{"self":[{"href":"https:\/\/sezona.lv\/en\/wp-json\/wp\/v2\/product\/78987","targetHints":{"allow":["GET"]}}],"collection":[{"href":"https:\/\/sezona.lv\/en\/wp-json\/wp\/v2\/product"}],"about":[{"href":"https:\/\/sezona.lv\/en\/wp-json\/wp\/v2\/types\/product"}],"wp:featuredmedia":[{"embeddable":true,"href":"https:\/\/sezona.lv\/en\/wp-json\/wp\/v2\/media\/71197"}],"wp:attachment":[{"href":"https:\/\/sezona.lv\/en\/wp-json\/wp\/v2\/media?parent=78987"}],"wp:term":[{"taxonomy":"product_brand","embeddable":true,"href":"https:\/\/sezona.lv\/en\/wp-json\/wp\/v2\/product_brand?post=78987"},{"taxonomy":"product_cat","embeddable":true,"href":"https:\/\/sezona.lv\/en\/wp-json\/wp\/v2\/product_cat?post=78987"},{"taxonomy":"product_tag","embeddable":true,"href":"https:\/\/sezona.lv\/en\/wp-json\/wp\/v2\/product_tag?post=78987"}],"curies":[{"name":"wp","href":"https:\/\/api.w.org\/{rel}","templated":true}]}}