{"id":78988,"date":"2025-07-14T15:32:54","date_gmt":"2025-07-14T12:32:54","guid":{"rendered":"https:\/\/demo8.ecube.lv\/sezona.lv\/products\/pokorny-pludmales-volejbola-linijas-sport\/"},"modified":"2025-07-14T15:32:54","modified_gmt":"2025-07-14T12:32:54","slug":"pokorny-pludmales-volejbola-linijas-sport","status":"publish","type":"product","link":"https:\/\/sezona.lv\/en\/products\/pokorny-pludmales-volejbola-linijas-sport\/","title":{"rendered":"Pokorny Pludmales Volejbola l\u012bnijas \u201eSPORT\u201c"},"content":{"rendered":"<p>Pludmales Volejbola l\u012bnijas &bdquo;SPORT&ldquo; 16&#215;8 m, pl. 5 cm,ar \u0101\u0137iem, PP<\/p>\n","protected":false},"excerpt":{"rendered":"<p>Pludmales Volejbola l\u012bnijas &bdquo;SPORT&ldquo; 16&#215;8 m, pl. 5 cm,ar \u0101\u0137iem, PP<\/p>\n","protected":false},"featured_media":0,"template":"","meta":[],"product_brand":[],"product_cat":[4587,4602,4669,4925],"product_tag":[],"class_list":{"0":"post-78988","1":"product","2":"type-product","3":"status-publish","5":"product_cat-sports","6":"product_cat-summer-sports-sports","7":"product_cat-volleyball-summer-sports-sports","8":"product_cat-volleyball-nets-en-dupcheck-746-volleyball-summer-sports-sports","10":"first","11":"instock","12":"shipping-taxable","13":"purchasable","14":"product-type-simple"},"_links":{"self":[{"href":"https:\/\/sezona.lv\/en\/wp-json\/wp\/v2\/product\/78988","targetHints":{"allow":["GET"]}}],"collection":[{"href":"https:\/\/sezona.lv\/en\/wp-json\/wp\/v2\/product"}],"about":[{"href":"https:\/\/sezona.lv\/en\/wp-json\/wp\/v2\/types\/product"}],"wp:attachment":[{"href":"https:\/\/sezona.lv\/en\/wp-json\/wp\/v2\/media?parent=78988"}],"wp:term":[{"taxonomy":"product_brand","embeddable":true,"href":"https:\/\/sezona.lv\/en\/wp-json\/wp\/v2\/product_brand?post=78988"},{"taxonomy":"product_cat","embeddable":true,"href":"https:\/\/sezona.lv\/en\/wp-json\/wp\/v2\/product_cat?post=78988"},{"taxonomy":"product_tag","embeddable":true,"href":"https:\/\/sezona.lv\/en\/wp-json\/wp\/v2\/product_tag?post=78988"}],"curies":[{"name":"wp","href":"https:\/\/api.w.org\/{rel}","templated":true}]}}