{"id":78989,"date":"2025-07-11T16:50:15","date_gmt":"2025-07-11T13:50:15","guid":{"rendered":"https:\/\/demo8.ecube.lv\/sezona.lv\/products\/pokorny-pludmales-volejbola-tikls-beach-econom\/"},"modified":"2025-07-14T15:32:55","modified_gmt":"2025-07-14T12:32:55","slug":"pokorny-pludmales-volejbola-tikls-beach-econom","status":"publish","type":"product","link":"https:\/\/sezona.lv\/en\/products\/pokorny-pludmales-volejbola-tikls-beach-econom\/","title":{"rendered":"Pokorny Pludmales Volejbola t\u012bkls BEACH ECONOM"},"content":{"rendered":"<p>Pludm.Volejbola t\u012bkls BEACH ECONOM,PP,PES lente,2.5mm,4-fiks, met\u0101la trose (oran\u017es,zils)<\/p>\n","protected":false},"excerpt":{"rendered":"<p>Pludm.Volejbola t\u012bkls BEACH ECONOM,PP,PES lente,2.5mm,4-fiks, met\u0101la trose (oran\u017es,zils)<\/p>\n","protected":false},"featured_media":71200,"template":"","meta":[],"product_brand":[],"product_cat":[4602,4669,4925],"product_tag":[],"class_list":{"0":"post-78989","1":"product","2":"type-product","3":"status-publish","4":"has-post-thumbnail","6":"product_cat-summer-sports-sports","7":"product_cat-volleyball-summer-sports-sports","8":"product_cat-volleyball-nets-en-dupcheck-746-volleyball-summer-sports-sports","10":"first","11":"instock","12":"shipping-taxable","13":"purchasable","14":"product-type-simple"},"_links":{"self":[{"href":"https:\/\/sezona.lv\/en\/wp-json\/wp\/v2\/product\/78989","targetHints":{"allow":["GET"]}}],"collection":[{"href":"https:\/\/sezona.lv\/en\/wp-json\/wp\/v2\/product"}],"about":[{"href":"https:\/\/sezona.lv\/en\/wp-json\/wp\/v2\/types\/product"}],"wp:featuredmedia":[{"embeddable":true,"href":"https:\/\/sezona.lv\/en\/wp-json\/wp\/v2\/media\/71200"}],"wp:attachment":[{"href":"https:\/\/sezona.lv\/en\/wp-json\/wp\/v2\/media?parent=78989"}],"wp:term":[{"taxonomy":"product_brand","embeddable":true,"href":"https:\/\/sezona.lv\/en\/wp-json\/wp\/v2\/product_brand?post=78989"},{"taxonomy":"product_cat","embeddable":true,"href":"https:\/\/sezona.lv\/en\/wp-json\/wp\/v2\/product_cat?post=78989"},{"taxonomy":"product_tag","embeddable":true,"href":"https:\/\/sezona.lv\/en\/wp-json\/wp\/v2\/product_tag?post=78989"}],"curies":[{"name":"wp","href":"https:\/\/api.w.org\/{rel}","templated":true}]}}