{"id":78990,"date":"2025-07-14T15:32:56","date_gmt":"2025-07-14T12:32:56","guid":{"rendered":"https:\/\/demo8.ecube.lv\/sezona.lv\/products\/pokorny-pludmales-volejbola-tikls-beach-sport\/"},"modified":"2025-07-14T15:32:56","modified_gmt":"2025-07-14T12:32:56","slug":"pokorny-pludmales-volejbola-tikls-beach-sport","status":"publish","type":"product","link":"https:\/\/sezona.lv\/en\/products\/pokorny-pludmales-volejbola-tikls-beach-sport\/","title":{"rendered":"Pokorny Pludmales Volejbola t\u012bkls BEACH SPORT"},"content":{"rendered":"<p>Pludm.Volejbola t\u012bkls BEACH SPORT,PE,PVC lente,3mm,6-fiks, met\u0101la trose<\/p>\n","protected":false},"excerpt":{"rendered":"<p>Pludm.Volejbola t\u012bkls BEACH SPORT,PE,PVC lente,3mm,6-fiks, met\u0101la trose<\/p>\n","protected":false},"featured_media":0,"template":"","meta":[],"product_brand":[],"product_cat":[4587,4602,4669,4925],"product_tag":[],"class_list":{"0":"post-78990","1":"product","2":"type-product","3":"status-publish","5":"product_cat-sports","6":"product_cat-summer-sports-sports","7":"product_cat-volleyball-summer-sports-sports","8":"product_cat-volleyball-nets-en-dupcheck-746-volleyball-summer-sports-sports","10":"first","11":"instock","12":"shipping-taxable","13":"purchasable","14":"product-type-simple"},"_links":{"self":[{"href":"https:\/\/sezona.lv\/en\/wp-json\/wp\/v2\/product\/78990","targetHints":{"allow":["GET"]}}],"collection":[{"href":"https:\/\/sezona.lv\/en\/wp-json\/wp\/v2\/product"}],"about":[{"href":"https:\/\/sezona.lv\/en\/wp-json\/wp\/v2\/types\/product"}],"wp:attachment":[{"href":"https:\/\/sezona.lv\/en\/wp-json\/wp\/v2\/media?parent=78990"}],"wp:term":[{"taxonomy":"product_brand","embeddable":true,"href":"https:\/\/sezona.lv\/en\/wp-json\/wp\/v2\/product_brand?post=78990"},{"taxonomy":"product_cat","embeddable":true,"href":"https:\/\/sezona.lv\/en\/wp-json\/wp\/v2\/product_cat?post=78990"},{"taxonomy":"product_tag","embeddable":true,"href":"https:\/\/sezona.lv\/en\/wp-json\/wp\/v2\/product_tag?post=78990"}],"curies":[{"name":"wp","href":"https:\/\/api.w.org\/{rel}","templated":true}]}}