{"id":78991,"date":"2025-07-14T15:32:59","date_gmt":"2025-07-14T12:32:59","guid":{"rendered":"https:\/\/demo8.ecube.lv\/sezona.lv\/products\/pokorny-tenisa-tikls-standard-double-3mm-metala-trose\/"},"modified":"2025-07-14T15:32:59","modified_gmt":"2025-07-14T12:32:59","slug":"pokorny-tenisa-tikls-standard-double-3mm-metala-trose","status":"publish","type":"product","link":"https:\/\/sezona.lv\/en\/products\/pokorny-tenisa-tikls-standard-double-3mm-metala-trose\/","title":{"rendered":"Pokorny Tenisa t\u012bkls STANDARD, double, 3mm, met\u0101la trose"},"content":{"rendered":"<p>Tenisa t\u012bkls STANDARD, double, PP, 3mm, melns, met\u0101la trose<\/p>\n","protected":false},"excerpt":{"rendered":"<p>Tenisa t\u012bkls STANDARD, double, PP, 3mm, melns, met\u0101la trose<\/p>\n","protected":false},"featured_media":0,"template":"","meta":[],"product_brand":[],"product_cat":[4587,4602,4673,4918],"product_tag":[],"class_list":{"0":"post-78991","1":"product","2":"type-product","3":"status-publish","5":"product_cat-sports","6":"product_cat-summer-sports-sports","7":"product_cat-tennis-summer-sports-sports","8":"product_cat-tennis-courts-equipment-tennis-summer-sports-sports","10":"first","11":"instock","12":"shipping-taxable","13":"purchasable","14":"product-type-simple"},"_links":{"self":[{"href":"https:\/\/sezona.lv\/en\/wp-json\/wp\/v2\/product\/78991","targetHints":{"allow":["GET"]}}],"collection":[{"href":"https:\/\/sezona.lv\/en\/wp-json\/wp\/v2\/product"}],"about":[{"href":"https:\/\/sezona.lv\/en\/wp-json\/wp\/v2\/types\/product"}],"wp:attachment":[{"href":"https:\/\/sezona.lv\/en\/wp-json\/wp\/v2\/media?parent=78991"}],"wp:term":[{"taxonomy":"product_brand","embeddable":true,"href":"https:\/\/sezona.lv\/en\/wp-json\/wp\/v2\/product_brand?post=78991"},{"taxonomy":"product_cat","embeddable":true,"href":"https:\/\/sezona.lv\/en\/wp-json\/wp\/v2\/product_cat?post=78991"},{"taxonomy":"product_tag","embeddable":true,"href":"https:\/\/sezona.lv\/en\/wp-json\/wp\/v2\/product_tag?post=78991"}],"curies":[{"name":"wp","href":"https:\/\/api.w.org\/{rel}","templated":true}]}}