{"id":78994,"date":"2025-07-11T16:50:20","date_gmt":"2025-07-11T13:50:20","guid":{"rendered":"https:\/\/demo8.ecube.lv\/sezona.lv\/products\/pokorny-tenisa-centrala-lente-econom\/"},"modified":"2025-07-14T15:33:05","modified_gmt":"2025-07-14T12:33:05","slug":"pokorny-tenisa-centrala-lente-econom","status":"publish","type":"product","link":"https:\/\/sezona.lv\/en\/products\/pokorny-tenisa-centrala-lente-econom\/","title":{"rendered":"Pokorny Tenisa centr\u0101l\u0101 lente ECONOM"},"content":{"rendered":"<p>Tenisa centr\u0101l\u0101 lente ECONOM<\/p>\n","protected":false},"excerpt":{"rendered":"<p>Tenisa centr\u0101l\u0101 lente ECONOM<\/p>\n","protected":false},"featured_media":71209,"template":"","meta":[],"product_brand":[],"product_cat":[4602,4673,4918],"product_tag":[],"class_list":{"0":"post-78994","1":"product","2":"type-product","3":"status-publish","4":"has-post-thumbnail","6":"product_cat-summer-sports-sports","7":"product_cat-tennis-summer-sports-sports","8":"product_cat-tennis-courts-equipment-tennis-summer-sports-sports","10":"first","11":"instock","12":"shipping-taxable","13":"purchasable","14":"product-type-simple"},"_links":{"self":[{"href":"https:\/\/sezona.lv\/en\/wp-json\/wp\/v2\/product\/78994","targetHints":{"allow":["GET"]}}],"collection":[{"href":"https:\/\/sezona.lv\/en\/wp-json\/wp\/v2\/product"}],"about":[{"href":"https:\/\/sezona.lv\/en\/wp-json\/wp\/v2\/types\/product"}],"wp:featuredmedia":[{"embeddable":true,"href":"https:\/\/sezona.lv\/en\/wp-json\/wp\/v2\/media\/71209"}],"wp:attachment":[{"href":"https:\/\/sezona.lv\/en\/wp-json\/wp\/v2\/media?parent=78994"}],"wp:term":[{"taxonomy":"product_brand","embeddable":true,"href":"https:\/\/sezona.lv\/en\/wp-json\/wp\/v2\/product_brand?post=78994"},{"taxonomy":"product_cat","embeddable":true,"href":"https:\/\/sezona.lv\/en\/wp-json\/wp\/v2\/product_cat?post=78994"},{"taxonomy":"product_tag","embeddable":true,"href":"https:\/\/sezona.lv\/en\/wp-json\/wp\/v2\/product_tag?post=78994"}],"curies":[{"name":"wp","href":"https:\/\/api.w.org\/{rel}","templated":true}]}}