{"id":78995,"date":"2025-07-14T15:33:06","date_gmt":"2025-07-14T12:33:06","guid":{"rendered":"https:\/\/demo8.ecube.lv\/sezona.lv\/products\/pokorny-tenisa-centrala-lente-econom-ar-skruvejamo-aki\/"},"modified":"2025-07-14T15:33:06","modified_gmt":"2025-07-14T12:33:06","slug":"pokorny-tenisa-centrala-lente-econom-ar-skruvejamo-aki","status":"publish","type":"product","link":"https:\/\/sezona.lv\/en\/products\/pokorny-tenisa-centrala-lente-econom-ar-skruvejamo-aki\/","title":{"rendered":"Pokorny Tenisa centr\u0101l\u0101 lente ECONOM ar skruv\u0113j\u0101mo \u0101\u0137i"},"content":{"rendered":"<p>Tenisa centr\u0101l\u0101 lente ECONOM ar skruv\u0113j\u0101mo \u0101\u0137i<\/p>\n","protected":false},"excerpt":{"rendered":"<p>Tenisa centr\u0101l\u0101 lente ECONOM ar skruv\u0113j\u0101mo \u0101\u0137i<\/p>\n","protected":false},"featured_media":0,"template":"","meta":[],"product_brand":[],"product_cat":[4587,4602,4673,4918],"product_tag":[],"class_list":{"0":"post-78995","1":"product","2":"type-product","3":"status-publish","5":"product_cat-sports","6":"product_cat-summer-sports-sports","7":"product_cat-tennis-summer-sports-sports","8":"product_cat-tennis-courts-equipment-tennis-summer-sports-sports","10":"first","11":"instock","12":"shipping-taxable","13":"purchasable","14":"product-type-simple"},"_links":{"self":[{"href":"https:\/\/sezona.lv\/en\/wp-json\/wp\/v2\/product\/78995","targetHints":{"allow":["GET"]}}],"collection":[{"href":"https:\/\/sezona.lv\/en\/wp-json\/wp\/v2\/product"}],"about":[{"href":"https:\/\/sezona.lv\/en\/wp-json\/wp\/v2\/types\/product"}],"wp:attachment":[{"href":"https:\/\/sezona.lv\/en\/wp-json\/wp\/v2\/media?parent=78995"}],"wp:term":[{"taxonomy":"product_brand","embeddable":true,"href":"https:\/\/sezona.lv\/en\/wp-json\/wp\/v2\/product_brand?post=78995"},{"taxonomy":"product_cat","embeddable":true,"href":"https:\/\/sezona.lv\/en\/wp-json\/wp\/v2\/product_cat?post=78995"},{"taxonomy":"product_tag","embeddable":true,"href":"https:\/\/sezona.lv\/en\/wp-json\/wp\/v2\/product_tag?post=78995"}],"curies":[{"name":"wp","href":"https:\/\/api.w.org\/{rel}","templated":true}]}}