{"id":78997,"date":"2025-07-11T16:50:23","date_gmt":"2025-07-11T13:50:23","guid":{"rendered":"https:\/\/demo8.ecube.lv\/sezona.lv\/products\/pokorny-florbola-tikls-standart\/"},"modified":"2025-07-14T15:33:08","modified_gmt":"2025-07-14T12:33:08","slug":"pokorny-florbola-tikls-standart","status":"publish","type":"product","link":"https:\/\/sezona.lv\/en\/products\/pokorny-florbola-tikls-standart\/","title":{"rendered":"Pokorny Florbola t\u012bkls STANDART"},"content":{"rendered":"<p>Florbola t\u012bkls STANDART 160&#215;115 cm, PA 2mm, aug&scaron;. Dzi\u013cums 40 cm; apak&scaron; dzi\u013cums 60 cm, 2 gab<\/p>\n","protected":false},"excerpt":{"rendered":"<p>Florbola t\u012bkls STANDART 160&#215;115 cm, PA 2mm, aug&scaron;. Dzi\u013cums 40 cm; apak&scaron; dzi\u013cums 60 cm, 2 gab<\/p>\n","protected":false},"featured_media":71215,"template":"","meta":[],"product_brand":[],"product_cat":[4602,4633,4643],"product_tag":[],"class_list":{"0":"post-78997","1":"product","2":"type-product","3":"status-publish","4":"has-post-thumbnail","6":"product_cat-summer-sports-sports","7":"product_cat-floorball-summer-sports-sports","8":"product_cat-floorball-accessories-floorball-summer-sports-sports","10":"first","11":"instock","12":"shipping-taxable","13":"purchasable","14":"product-type-simple"},"_links":{"self":[{"href":"https:\/\/sezona.lv\/en\/wp-json\/wp\/v2\/product\/78997","targetHints":{"allow":["GET"]}}],"collection":[{"href":"https:\/\/sezona.lv\/en\/wp-json\/wp\/v2\/product"}],"about":[{"href":"https:\/\/sezona.lv\/en\/wp-json\/wp\/v2\/types\/product"}],"wp:featuredmedia":[{"embeddable":true,"href":"https:\/\/sezona.lv\/en\/wp-json\/wp\/v2\/media\/71215"}],"wp:attachment":[{"href":"https:\/\/sezona.lv\/en\/wp-json\/wp\/v2\/media?parent=78997"}],"wp:term":[{"taxonomy":"product_brand","embeddable":true,"href":"https:\/\/sezona.lv\/en\/wp-json\/wp\/v2\/product_brand?post=78997"},{"taxonomy":"product_cat","embeddable":true,"href":"https:\/\/sezona.lv\/en\/wp-json\/wp\/v2\/product_cat?post=78997"},{"taxonomy":"product_tag","embeddable":true,"href":"https:\/\/sezona.lv\/en\/wp-json\/wp\/v2\/product_tag?post=78997"}],"curies":[{"name":"wp","href":"https:\/\/api.w.org\/{rel}","templated":true}]}}