{"id":78998,"date":"2025-07-11T16:50:24","date_gmt":"2025-07-11T13:50:24","guid":{"rendered":"https:\/\/demo8.ecube.lv\/sezona.lv\/products\/pokorny-handbola-tikls\/"},"modified":"2025-07-14T15:33:09","modified_gmt":"2025-07-14T12:33:09","slug":"pokorny-handbola-tikls","status":"publish","type":"product","link":"https:\/\/sezona.lv\/en\/products\/pokorny-handbola-tikls\/","title":{"rendered":"Pokorny Handbola t\u012bkls"},"content":{"rendered":"<p>Handbola t\u012bkls, PE, 2mm, melns, 2&#215;3,10m, dzi\u013c aug&scaron;. 0.95, acs 10&#215;10 cm 2 gb.<\/p>\n","protected":false},"excerpt":{"rendered":"<p>Handbola t\u012bkls, PE, 2mm, melns, 2&#215;3,10m, dzi\u013c aug&scaron;. 0.95, acs 10&#215;10 cm 2 gb.<\/p>\n","protected":false},"featured_media":0,"template":"","meta":[],"product_brand":[],"product_cat":[4602,4928],"product_tag":[],"class_list":{"0":"post-78998","1":"product","2":"type-product","3":"status-publish","5":"product_cat-summer-sports-sports","6":"product_cat-handball-summer-sports-sports","8":"first","9":"instock","10":"shipping-taxable","11":"purchasable","12":"product-type-simple"},"_links":{"self":[{"href":"https:\/\/sezona.lv\/en\/wp-json\/wp\/v2\/product\/78998","targetHints":{"allow":["GET"]}}],"collection":[{"href":"https:\/\/sezona.lv\/en\/wp-json\/wp\/v2\/product"}],"about":[{"href":"https:\/\/sezona.lv\/en\/wp-json\/wp\/v2\/types\/product"}],"wp:attachment":[{"href":"https:\/\/sezona.lv\/en\/wp-json\/wp\/v2\/media?parent=78998"}],"wp:term":[{"taxonomy":"product_brand","embeddable":true,"href":"https:\/\/sezona.lv\/en\/wp-json\/wp\/v2\/product_brand?post=78998"},{"taxonomy":"product_cat","embeddable":true,"href":"https:\/\/sezona.lv\/en\/wp-json\/wp\/v2\/product_cat?post=78998"},{"taxonomy":"product_tag","embeddable":true,"href":"https:\/\/sezona.lv\/en\/wp-json\/wp\/v2\/product_tag?post=78998"}],"curies":[{"name":"wp","href":"https:\/\/api.w.org\/{rel}","templated":true}]}}