{"id":79000,"date":"2025-07-11T16:50:26","date_gmt":"2025-07-11T13:50:26","guid":{"rendered":"https:\/\/demo8.ecube.lv\/sezona.lv\/products\/pokorny-rapsanas-virve-6-m\/"},"modified":"2025-07-14T15:33:11","modified_gmt":"2025-07-14T12:33:11","slug":"pokorny-rapsanas-virve-6-m","status":"publish","type":"product","link":"https:\/\/sezona.lv\/en\/products\/pokorny-rapsanas-virve-6-m\/","title":{"rendered":"Pokorny R\u0101p\u0161an\u0101s virve 6 m"},"content":{"rendered":"<p>R\u0101p&scaron;an\u0101s virve 6 m<\/p>\n","protected":false},"excerpt":{"rendered":"<p>R\u0101p&scaron;an\u0101s virve 6 m<\/p>\n","protected":false},"featured_media":71222,"template":"","meta":[],"product_brand":[],"product_cat":[967],"product_tag":[],"class_list":{"0":"post-79000","1":"product","2":"type-product","3":"status-publish","4":"has-post-thumbnail","6":"product_cat-bez-kategorijas","8":"first","9":"instock","10":"shipping-taxable","11":"purchasable","12":"product-type-simple"},"_links":{"self":[{"href":"https:\/\/sezona.lv\/en\/wp-json\/wp\/v2\/product\/79000","targetHints":{"allow":["GET"]}}],"collection":[{"href":"https:\/\/sezona.lv\/en\/wp-json\/wp\/v2\/product"}],"about":[{"href":"https:\/\/sezona.lv\/en\/wp-json\/wp\/v2\/types\/product"}],"wp:featuredmedia":[{"embeddable":true,"href":"https:\/\/sezona.lv\/en\/wp-json\/wp\/v2\/media\/71222"}],"wp:attachment":[{"href":"https:\/\/sezona.lv\/en\/wp-json\/wp\/v2\/media?parent=79000"}],"wp:term":[{"taxonomy":"product_brand","embeddable":true,"href":"https:\/\/sezona.lv\/en\/wp-json\/wp\/v2\/product_brand?post=79000"},{"taxonomy":"product_cat","embeddable":true,"href":"https:\/\/sezona.lv\/en\/wp-json\/wp\/v2\/product_cat?post=79000"},{"taxonomy":"product_tag","embeddable":true,"href":"https:\/\/sezona.lv\/en\/wp-json\/wp\/v2\/product_tag?post=79000"}],"curies":[{"name":"wp","href":"https:\/\/api.w.org\/{rel}","templated":true}]}}