{"id":79001,"date":"2025-07-11T16:50:27","date_gmt":"2025-07-11T13:50:27","guid":{"rendered":"https:\/\/demo8.ecube.lv\/sezona.lv\/products\/pokorny-rapsanas-virve-7-m\/"},"modified":"2025-07-14T15:33:12","modified_gmt":"2025-07-14T12:33:12","slug":"pokorny-rapsanas-virve-7-m","status":"publish","type":"product","link":"https:\/\/sezona.lv\/en\/products\/pokorny-rapsanas-virve-7-m\/","title":{"rendered":"Pokorny R\u0101p\u0161an\u0101s virve 7 m"},"content":{"rendered":"<p>R\u0101p&scaron;an\u0101s virve 7 m<\/p>\n","protected":false},"excerpt":{"rendered":"<p>R\u0101p&scaron;an\u0101s virve 7 m<\/p>\n","protected":false},"featured_media":71225,"template":"","meta":[],"product_brand":[],"product_cat":[967],"product_tag":[],"class_list":{"0":"post-79001","1":"product","2":"type-product","3":"status-publish","4":"has-post-thumbnail","6":"product_cat-bez-kategorijas","8":"first","9":"instock","10":"shipping-taxable","11":"purchasable","12":"product-type-simple"},"_links":{"self":[{"href":"https:\/\/sezona.lv\/en\/wp-json\/wp\/v2\/product\/79001","targetHints":{"allow":["GET"]}}],"collection":[{"href":"https:\/\/sezona.lv\/en\/wp-json\/wp\/v2\/product"}],"about":[{"href":"https:\/\/sezona.lv\/en\/wp-json\/wp\/v2\/types\/product"}],"wp:featuredmedia":[{"embeddable":true,"href":"https:\/\/sezona.lv\/en\/wp-json\/wp\/v2\/media\/71225"}],"wp:attachment":[{"href":"https:\/\/sezona.lv\/en\/wp-json\/wp\/v2\/media?parent=79001"}],"wp:term":[{"taxonomy":"product_brand","embeddable":true,"href":"https:\/\/sezona.lv\/en\/wp-json\/wp\/v2\/product_brand?post=79001"},{"taxonomy":"product_cat","embeddable":true,"href":"https:\/\/sezona.lv\/en\/wp-json\/wp\/v2\/product_cat?post=79001"},{"taxonomy":"product_tag","embeddable":true,"href":"https:\/\/sezona.lv\/en\/wp-json\/wp\/v2\/product_tag?post=79001"}],"curies":[{"name":"wp","href":"https:\/\/api.w.org\/{rel}","templated":true}]}}