{"id":79006,"date":"2025-07-11T16:50:37","date_gmt":"2025-07-11T13:50:37","guid":{"rendered":"https:\/\/demo8.ecube.lv\/sezona.lv\/products\/rapala-nazis-saltwater-serrated-sncsfs8\/"},"modified":"2025-07-14T15:33:18","modified_gmt":"2025-07-14T12:33:18","slug":"rapala-nazis-saltwater-serrated-sncsfs8","status":"publish","type":"product","link":"https:\/\/sezona.lv\/en\/products\/rapala-nazis-saltwater-serrated-sncsfs8\/","title":{"rendered":"Rapala nazis Saltwater Serrated SNCSFS8"},"content":{"rendered":"<p>Rapala nazis Saltwater Serrated SNCSFS8.<\/p>\n<p>Ner\u016bs\u0113jo&scaron;ais t\u0113rauda asmens.<\/p>\n<p>Spals izgatavots no termoplastikas.<\/p>\n<p>Viegli t\u012br\u0101ms un glab\u0101jams.<\/p>\n<p>Asme\u0146a garums: 20 cm<\/p>\n","protected":false},"excerpt":{"rendered":"<p>Rapala nazis Saltwater Serrated SNCSFS8. Ner\u016bs\u0113jo&scaron;ais t\u0113rauda asmens. Spals izgatavots no termoplastikas. Viegli t\u012br\u0101ms un glab\u0101jams. Asme\u0146a garums: 20 cm<\/p>\n","protected":false},"featured_media":71240,"template":"","meta":[],"product_brand":[],"product_cat":[4558,4571,4733],"product_tag":[],"class_list":{"0":"post-79006","1":"product","2":"type-product","3":"status-publish","4":"has-post-thumbnail","6":"product_cat-for-tourism-recreation","7":"product_cat-dishes-knives-folding-tables-for-tourism-recreation","8":"product_cat-knives-dishes-knives-folding-tables-for-tourism-recreation","10":"first","11":"instock","12":"shipping-taxable","13":"purchasable","14":"product-type-simple"},"_links":{"self":[{"href":"https:\/\/sezona.lv\/en\/wp-json\/wp\/v2\/product\/79006","targetHints":{"allow":["GET"]}}],"collection":[{"href":"https:\/\/sezona.lv\/en\/wp-json\/wp\/v2\/product"}],"about":[{"href":"https:\/\/sezona.lv\/en\/wp-json\/wp\/v2\/types\/product"}],"wp:featuredmedia":[{"embeddable":true,"href":"https:\/\/sezona.lv\/en\/wp-json\/wp\/v2\/media\/71240"}],"wp:attachment":[{"href":"https:\/\/sezona.lv\/en\/wp-json\/wp\/v2\/media?parent=79006"}],"wp:term":[{"taxonomy":"product_brand","embeddable":true,"href":"https:\/\/sezona.lv\/en\/wp-json\/wp\/v2\/product_brand?post=79006"},{"taxonomy":"product_cat","embeddable":true,"href":"https:\/\/sezona.lv\/en\/wp-json\/wp\/v2\/product_cat?post=79006"},{"taxonomy":"product_tag","embeddable":true,"href":"https:\/\/sezona.lv\/en\/wp-json\/wp\/v2\/product_tag?post=79006"}],"curies":[{"name":"wp","href":"https:\/\/api.w.org\/{rel}","templated":true}]}}