{"id":79008,"date":"2025-07-14T15:33:20","date_gmt":"2025-07-14T12:33:20","guid":{"rendered":"https:\/\/demo8.ecube.lv\/sezona.lv\/products\/velotrenazieris-christopeit-al1-black-touchsc-9kg-150kg\/"},"modified":"2025-07-14T15:33:20","modified_gmt":"2025-07-14T12:33:20","slug":"velotrenazieris-christopeit-al1-black-touchsc-9kg-150kg","status":"publish","type":"product","link":"https:\/\/sezona.lv\/en\/products\/velotrenazieris-christopeit-al1-black-touchsc-9kg-150kg\/","title":{"rendered":"Velotrena\u017eieris Christopeit AL1 black TouchSc, 9kg\/150kg"},"content":{"rendered":"<p>&nbsp;<\/p>\n<div class=\"ma-main-container col2-right-layout\">\n<div class=\"container\">\n<div class=\"main\">\n<div class=\"main-inner\">\n<div class=\"row\">\n<div class=\"col-main col-xs-12 col-sm-9\">\n<div class=\"product-view\">\n<div class=\"product-essential\">\n<div class=\"row\">\n<div class=\"product-shop col-sm-7 col-md-87 col-sms-8 col-smb-12\">\n<div class=\"short-description\">\n<div class=\"std\">Specifik\u0101cija:<br \/>Magn\u0113tiska slodzes sist\u0113ma<br \/>Slodzes l\u012bme\u0146i<br \/>Pulsa m\u0113r\u012bjums ar dev\u0113jiem uz rokturiem<br \/>Horizont\u0101la un vertik\u0101la s\u0113dek\u013ca regul\u0113&scaron;ana<br \/>S\u0113dek\u013ca un st\u016bres sl\u012bpuma le\u0146\u0137a regul\u0113&scaron;ana<br \/>Displej\u0101: \u0100trums, Distance, Kop\u0113j\u0101 distance, Laiks, Kaloriju pat\u0113ri\u0146&scaron;, Pulsa bie\u017eums<br \/>Spararats &#8211; 9 kg<br \/>Iesp\u0113ja iestat\u012bt laika, distances un aptuven\u0101 kaloriju pat\u0113ri\u0146a limitu<br \/>Pazi\u0146o&scaron;ana par uzdoto parametru p\u0101rsniegumu<br \/>Platums: 59 cm<br \/>Garums: 96 cm<br \/>Augstums: 134 cm<br \/>Riten\u012b&scaron;i trena\u017eiera transport\u0113&scaron;anai<br \/>Maksim\u0101lais lietot\u0101ja svars &#8211; 150 kg<\/div>\n<\/div>\n<\/div>\n<\/div>\n<\/div>\n<\/div>\n<\/div>\n<\/div>\n<\/div>\n<\/div>\n<\/div>\n<\/div>\n","protected":false},"excerpt":{"rendered":"<p>&nbsp; Specifik\u0101cija:Magn\u0113tiska slodzes sist\u0113maSlodzes l\u012bme\u0146iPulsa m\u0113r\u012bjums ar dev\u0113jiem uz rokturiemHorizont\u0101la un vertik\u0101la s\u0113dek\u013ca regul\u0113&scaron;anaS\u0113dek\u013ca un st\u016bres sl\u012bpuma le\u0146\u0137a regul\u0113&scaron;anaDisplej\u0101: \u0100trums, Distance, Kop\u0113j\u0101 distance, Laiks, Kaloriju pat\u0113ri\u0146&scaron;, Pulsa bie\u017eumsSpararats &#8211; 9 kgIesp\u0113ja iestat\u012bt laika, distances un aptuven\u0101 kaloriju pat\u0113ri\u0146a limituPazi\u0146o&scaron;ana par uzdoto parametru p\u0101rsniegumuPlatums: 59 cmGarums: 96 cmAugstums: 134 cmRiten\u012b&scaron;i trena\u017eiera transport\u0113&scaron;anaiMaksim\u0101lais lietot\u0101ja svars &#8211; 150 [&hellip;]<\/p>\n","protected":false},"featured_media":0,"template":"","meta":[],"product_brand":[897],"product_cat":[4588,4589],"product_tag":[],"class_list":{"0":"post-79008","1":"product","2":"type-product","3":"status-publish","5":"product_brand-christopeit","6":"product_cat-trainers-sports","7":"product_cat-bicycle-trainers-trainers-sports","9":"first","10":"instock","11":"shipping-taxable","12":"purchasable","13":"product-type-simple"},"_links":{"self":[{"href":"https:\/\/sezona.lv\/en\/wp-json\/wp\/v2\/product\/79008","targetHints":{"allow":["GET"]}}],"collection":[{"href":"https:\/\/sezona.lv\/en\/wp-json\/wp\/v2\/product"}],"about":[{"href":"https:\/\/sezona.lv\/en\/wp-json\/wp\/v2\/types\/product"}],"wp:attachment":[{"href":"https:\/\/sezona.lv\/en\/wp-json\/wp\/v2\/media?parent=79008"}],"wp:term":[{"taxonomy":"product_brand","embeddable":true,"href":"https:\/\/sezona.lv\/en\/wp-json\/wp\/v2\/product_brand?post=79008"},{"taxonomy":"product_cat","embeddable":true,"href":"https:\/\/sezona.lv\/en\/wp-json\/wp\/v2\/product_cat?post=79008"},{"taxonomy":"product_tag","embeddable":true,"href":"https:\/\/sezona.lv\/en\/wp-json\/wp\/v2\/product_tag?post=79008"}],"curies":[{"name":"wp","href":"https:\/\/api.w.org\/{rel}","templated":true}]}}