{"id":79009,"date":"2025-07-14T15:33:20","date_gmt":"2025-07-14T12:33:20","guid":{"rendered":"https:\/\/demo8.ecube.lv\/sezona.lv\/products\/velotrenazieris-christopeit-al-2-ergo-black-touchscreen-9kg-150kg\/"},"modified":"2025-07-14T15:33:20","modified_gmt":"2025-07-14T12:33:20","slug":"velotrenazieris-christopeit-al-2-ergo-black-touchscreen-9kg-150kg","status":"publish","type":"product","link":"https:\/\/sezona.lv\/en\/products\/velotrenazieris-christopeit-al-2-ergo-black-touchscreen-9kg-150kg\/","title":{"rendered":"Velotrena\u017eieris Christopeit AL 2 ergo black, TouchScreen, 9kg\/ 150kg"},"content":{"rendered":"<p>&nbsp;<\/p>\n<div class=\"ma-main-container col2-right-layout\">\n<div class=\"container\">\n<div class=\"main\">\n<div class=\"main-inner\">\n<div class=\"row\">\n<div class=\"col-main col-xs-12 col-sm-9\">\n<div class=\"product-view\">\n<div class=\"product-essential\">\n<div class=\"row\">\n<div class=\"product-shop col-sm-7 col-md-87 col-sms-8 col-smb-12\">\n<div class=\"short-description\">\n<div class=\"std\">&bull; 24 so\u013cu motors<br \/>&bull; Slodze 9 kg<br \/>&bull; 6 treni\u0146programmas<br \/>&bull; 4 sirds darb\u012bbas programmas<br \/>&bull; 4 individu\u0101l\u0101s programmas<br \/>&bull; 1 manu\u0101li uzst\u0101d\u0101ma programma<br \/>&bull; 1 \u0136erme\u0146a svara programma<br \/>&bull; 1 \u0100truma programma ar pieciem so\u013ciem<br \/>&bull; Pulsa noteik&scaron;ana<br \/>&bull; Transport\u0113&scaron;anas rite\u0146i<br \/>&bull; Adapteris<br \/>&bull; Liels un \u0113rts vad\u012bbas ekr\u0101ns<br \/>&bull; Maksim\u0101lais lietot\u0101ja svars150 kg<\/div>\n<\/div>\n<\/div>\n<\/div>\n<\/div>\n<\/div>\n<\/div>\n<\/div>\n<\/div>\n<\/div>\n<\/div>\n<\/div>\n","protected":false},"excerpt":{"rendered":"<p>&nbsp; &bull; 24 so\u013cu motors&bull; Slodze 9 kg&bull; 6 treni\u0146programmas&bull; 4 sirds darb\u012bbas programmas&bull; 4 individu\u0101l\u0101s programmas&bull; 1 manu\u0101li uzst\u0101d\u0101ma programma&bull; 1 \u0136erme\u0146a svara programma&bull; 1 \u0100truma programma ar pieciem so\u013ciem&bull; Pulsa noteik&scaron;ana&bull; Transport\u0113&scaron;anas rite\u0146i&bull; Adapteris&bull; Liels un \u0113rts vad\u012bbas ekr\u0101ns&bull; Maksim\u0101lais lietot\u0101ja svars150 kg<\/p>\n","protected":false},"featured_media":0,"template":"","meta":[],"product_brand":[897],"product_cat":[4587,4588,4589],"product_tag":[],"class_list":{"0":"post-79009","1":"product","2":"type-product","3":"status-publish","5":"product_brand-christopeit","6":"product_cat-sports","7":"product_cat-trainers-sports","8":"product_cat-bicycle-trainers-trainers-sports","10":"first","11":"instock","12":"shipping-taxable","13":"purchasable","14":"product-type-simple"},"_links":{"self":[{"href":"https:\/\/sezona.lv\/en\/wp-json\/wp\/v2\/product\/79009","targetHints":{"allow":["GET"]}}],"collection":[{"href":"https:\/\/sezona.lv\/en\/wp-json\/wp\/v2\/product"}],"about":[{"href":"https:\/\/sezona.lv\/en\/wp-json\/wp\/v2\/types\/product"}],"wp:attachment":[{"href":"https:\/\/sezona.lv\/en\/wp-json\/wp\/v2\/media?parent=79009"}],"wp:term":[{"taxonomy":"product_brand","embeddable":true,"href":"https:\/\/sezona.lv\/en\/wp-json\/wp\/v2\/product_brand?post=79009"},{"taxonomy":"product_cat","embeddable":true,"href":"https:\/\/sezona.lv\/en\/wp-json\/wp\/v2\/product_cat?post=79009"},{"taxonomy":"product_tag","embeddable":true,"href":"https:\/\/sezona.lv\/en\/wp-json\/wp\/v2\/product_tag?post=79009"}],"curies":[{"name":"wp","href":"https:\/\/api.w.org\/{rel}","templated":true}]}}