{"id":79010,"date":"2025-07-14T15:33:21","date_gmt":"2025-07-14T12:33:21","guid":{"rendered":"https:\/\/demo8.ecube.lv\/sezona.lv\/products\/velotrenazieris-christopeit-bt4-ergo-ha-klase-7kg-120kg\/"},"modified":"2025-07-14T15:33:21","modified_gmt":"2025-07-14T12:33:21","slug":"velotrenazieris-christopeit-bt4-ergo-ha-klase-7kg-120kg","status":"publish","type":"product","link":"https:\/\/sezona.lv\/en\/products\/velotrenazieris-christopeit-bt4-ergo-ha-klase-7kg-120kg\/","title":{"rendered":"Velotrena\u017eieris Christopeit BT4 ergo, HA klase, 7kg\/120kg"},"content":{"rendered":"<p>Lielisks un klusi str\u0101d\u0101jo&scaron;s veloergometrs ar 7 kg spararata,  magn\u0113tisko&nbsp;brem\u017eu&nbsp;sist\u0113mu, 24 pretest\u012bbas l\u012bme\u0146iem, 21 treni\u0146u  programmu. Ar BT4 j\u016bs varat sasniegt iespaid\u012bgus rezult\u0101tus, neatst\u0101jot  savu m\u0101ju!<\/p>\n<ul>\n<li>Regul\u0113jami rokturi un s\u0113deklis;<\/li>\n<li>Horizont\u0101la un vertik\u0101la s\u0113dek\u013ca regul\u0113&scaron;ana;<\/li>\n<li>Rokas impulsu sensori;<\/li>\n<li>LCD ekr\u0101ns;<\/li>\n<li>Datora ekr\u0101n\u0101 par\u0101d\u0101s: laiks, \u0101trums, pat\u0113r\u0113t\u0101s kalorijas, pulss, vati;<\/li>\n<li>Jauda 250 W;<\/li>\n<li>24 pretest\u012bbas l\u012bme\u0146i (ar datoru kontrol\u0113ta pretest\u012bba);<\/li>\n<li>21 m\u0101c\u012bbu programma;<\/li>\n<li>10 iepriek&scaron; defin\u0113tas programmas;<\/li>\n<li>4 sirds ritma programmas;<\/li>\n<li>5 atsevi&scaron;\u0137as programmas;<\/li>\n<li>Viedt\u0101lru\u0146a un plan&scaron;etdatora tur\u0113t\u0101js;<\/li>\n<li>P\u0101rvad\u0101&scaron;anas rite\u0146i;<\/li>\n<li>Magn\u0113tisk\u0101 brem\u017eu sist\u0113ma;<\/li>\n<li>Spararata masa: 7 kg;<\/li>\n<li>Maksim\u0101lais lietot\u0101ja svars: 120 kg;<\/li>\n<li>Nepiecie&scaron;am\u0101 plat\u012bba veloergometra uzst\u0101d\u012b&scaron;\u0101nai:&nbsp;(I x P X A): 85 x 48 x 145 cm;<\/li>\n<li>Kvalit\u0101tes sertifik\u0101ti: EN ISO 20957-1 \/ EN 957-5, HA klase;<\/li>\n<li>Atbilst GS standartiem, TUV laboratorij\u0101&nbsp;veiktajiem testiem.<\/li>\n<\/ul>\n","protected":false},"excerpt":{"rendered":"<p>Lielisks un klusi str\u0101d\u0101jo&scaron;s veloergometrs ar 7 kg spararata, magn\u0113tisko&nbsp;brem\u017eu&nbsp;sist\u0113mu, 24 pretest\u012bbas l\u012bme\u0146iem, 21 treni\u0146u programmu. Ar BT4 j\u016bs varat sasniegt iespaid\u012bgus rezult\u0101tus, neatst\u0101jot savu m\u0101ju! Regul\u0113jami rokturi un s\u0113deklis; Horizont\u0101la un vertik\u0101la s\u0113dek\u013ca regul\u0113&scaron;ana; Rokas impulsu sensori; LCD ekr\u0101ns; Datora ekr\u0101n\u0101 par\u0101d\u0101s: laiks, \u0101trums, pat\u0113r\u0113t\u0101s kalorijas, pulss, vati; Jauda 250 W; 24 pretest\u012bbas l\u012bme\u0146i [&hellip;]<\/p>\n","protected":false},"featured_media":0,"template":"","meta":[],"product_brand":[897],"product_cat":[4587,4588,4589],"product_tag":[],"class_list":{"0":"post-79010","1":"product","2":"type-product","3":"status-publish","5":"product_brand-christopeit","6":"product_cat-sports","7":"product_cat-trainers-sports","8":"product_cat-bicycle-trainers-trainers-sports","10":"first","11":"instock","12":"shipping-taxable","13":"purchasable","14":"product-type-simple"},"_links":{"self":[{"href":"https:\/\/sezona.lv\/en\/wp-json\/wp\/v2\/product\/79010","targetHints":{"allow":["GET"]}}],"collection":[{"href":"https:\/\/sezona.lv\/en\/wp-json\/wp\/v2\/product"}],"about":[{"href":"https:\/\/sezona.lv\/en\/wp-json\/wp\/v2\/types\/product"}],"wp:attachment":[{"href":"https:\/\/sezona.lv\/en\/wp-json\/wp\/v2\/media?parent=79010"}],"wp:term":[{"taxonomy":"product_brand","embeddable":true,"href":"https:\/\/sezona.lv\/en\/wp-json\/wp\/v2\/product_brand?post=79010"},{"taxonomy":"product_cat","embeddable":true,"href":"https:\/\/sezona.lv\/en\/wp-json\/wp\/v2\/product_cat?post=79010"},{"taxonomy":"product_tag","embeddable":true,"href":"https:\/\/sezona.lv\/en\/wp-json\/wp\/v2\/product_tag?post=79010"}],"curies":[{"name":"wp","href":"https:\/\/api.w.org\/{rel}","templated":true}]}}