{"id":79011,"date":"2025-07-14T15:33:22","date_gmt":"2025-07-14T12:33:22","guid":{"rendered":"https:\/\/demo8.ecube.lv\/sezona.lv\/products\/velotrenazieris-christopeit-rs3-horizontalais-ergometriskais-10kg-150kg-class-ha\/"},"modified":"2025-07-14T15:33:22","modified_gmt":"2025-07-14T12:33:22","slug":"velotrenazieris-christopeit-rs3-horizontalais-ergometriskais-10kg-150kg-class-ha","status":"publish","type":"product","link":"https:\/\/sezona.lv\/en\/products\/velotrenazieris-christopeit-rs3-horizontalais-ergometriskais-10kg-150kg-class-ha\/","title":{"rendered":"Velotrena\u017eieris Christopeit RS3 horizont\u0101lais ergometriskais 10kg\/150kg, class HA"},"content":{"rendered":"<ul>\n<li>Regul\u0113jami rokturi un s\u0113deklis;<\/li>\n<li>Horizont\u0101la un vertik\u0101la s\u0113dek\u013ca regul\u0113&scaron;ana;<\/li>\n<li>Rokas impulsu sensori;<\/li>\n<li>LCD ekr\u0101ns;<\/li>\n<li>Datora ekr\u0101n\u0101 par\u0101d\u0101s: laiks, \u0101trums, pat\u0113r\u0113t\u0101s kalorijas, pulss;<\/li>\n<li>Jauda 350 W;<\/li>\n<li>10 iepriek&scaron; defin\u0113tas programmas;<\/li>\n<li>4 sirds ritma programmas;<\/li>\n<li>5 atsevi&scaron;\u0137as programmas;<\/li>\n<li>P\u0101rvad\u0101&scaron;anas rite\u0146i;<\/li>\n<li>Magn\u0113tisk\u0101 brem\u017eu sist\u0113ma;<\/li>\n<li>Spararata masa: 10 kg;<\/li>\n<li>Maksim\u0101lais lietot\u0101ja svars: 150 kg;<\/li>\n<li>Nepiecie&scaron;am\u0101 plat\u012bba veloergometra uzst\u0101d\u012b&scaron;\u0101nai:&nbsp;(I x P X A): 136 x 64 x 107 cm;<\/li>\n<li>Kvalit\u0101tes sertifik\u0101ti: EN ISO 20957-1 \/ EN 957-5, HA klase;<\/li>\n<li>Atbilst GS standartiem, TUV laboratorij\u0101&nbsp;veiktajiem testiem.<\/li>\n<\/ul>\n<p>&nbsp;<\/p>\n","protected":false},"excerpt":{"rendered":"<p>Regul\u0113jami rokturi un s\u0113deklis; Horizont\u0101la un vertik\u0101la s\u0113dek\u013ca regul\u0113&scaron;ana; Rokas impulsu sensori; LCD ekr\u0101ns; Datora ekr\u0101n\u0101 par\u0101d\u0101s: laiks, \u0101trums, pat\u0113r\u0113t\u0101s kalorijas, pulss; Jauda 350 W; 10 iepriek&scaron; defin\u0113tas programmas; 4 sirds ritma programmas; 5 atsevi&scaron;\u0137as programmas; P\u0101rvad\u0101&scaron;anas rite\u0146i; Magn\u0113tisk\u0101 brem\u017eu sist\u0113ma; Spararata masa: 10 kg; Maksim\u0101lais lietot\u0101ja svars: 150 kg; Nepiecie&scaron;am\u0101 plat\u012bba veloergometra uzst\u0101d\u012b&scaron;\u0101nai:&nbsp;(I x [&hellip;]<\/p>\n","protected":false},"featured_media":0,"template":"","meta":[],"product_brand":[897],"product_cat":[4587,4588,4589],"product_tag":[],"class_list":{"0":"post-79011","1":"product","2":"type-product","3":"status-publish","5":"product_brand-christopeit","6":"product_cat-sports","7":"product_cat-trainers-sports","8":"product_cat-bicycle-trainers-trainers-sports","10":"first","11":"instock","12":"shipping-taxable","13":"purchasable","14":"product-type-simple"},"_links":{"self":[{"href":"https:\/\/sezona.lv\/en\/wp-json\/wp\/v2\/product\/79011","targetHints":{"allow":["GET"]}}],"collection":[{"href":"https:\/\/sezona.lv\/en\/wp-json\/wp\/v2\/product"}],"about":[{"href":"https:\/\/sezona.lv\/en\/wp-json\/wp\/v2\/types\/product"}],"wp:attachment":[{"href":"https:\/\/sezona.lv\/en\/wp-json\/wp\/v2\/media?parent=79011"}],"wp:term":[{"taxonomy":"product_brand","embeddable":true,"href":"https:\/\/sezona.lv\/en\/wp-json\/wp\/v2\/product_brand?post=79011"},{"taxonomy":"product_cat","embeddable":true,"href":"https:\/\/sezona.lv\/en\/wp-json\/wp\/v2\/product_cat?post=79011"},{"taxonomy":"product_tag","embeddable":true,"href":"https:\/\/sezona.lv\/en\/wp-json\/wp\/v2\/product_tag?post=79011"}],"curies":[{"name":"wp","href":"https:\/\/api.w.org\/{rel}","templated":true}]}}