{"id":79012,"date":"2025-07-14T15:33:23","date_gmt":"2025-07-14T12:33:23","guid":{"rendered":"https:\/\/demo8.ecube.lv\/sezona.lv\/products\/christopeit-eliptiskais-trenazieris-ct3-eliptiskais-trenazieris-7kg-100kg\/"},"modified":"2025-07-14T15:33:23","modified_gmt":"2025-07-14T12:33:23","slug":"christopeit-eliptiskais-trenazieris-ct3-eliptiskais-trenazieris-7kg-100kg","status":"publish","type":"product","link":"https:\/\/sezona.lv\/en\/products\/christopeit-eliptiskais-trenazieris-ct3-eliptiskais-trenazieris-7kg-100kg\/","title":{"rendered":"Christopeit Eliptiskais trena\u017eieris CT3 Eliptiskais trena\u017eieris 7kg\/100kg"},"content":{"rendered":"<div id=\"specifikacii\" class=\"spec_title\">\n<div id=\"specifikacii\" class=\"spec_title\">Spararata masa: 7kg<\/div>\n<div class=\"spec_title\">Svars: 28kg<\/div>\n<div class=\"spec_title\">Maksim\u0101lais lietot\u0101ja svars: 100kg<\/div>\n<div class=\"spec_title\">Izm\u0113rs: 111 x 66 x x152 cm<\/div>\n<div class=\"spec_title\">8 pak\u0101pju manu\u0101l\u0101 pretest\u012bbas regul\u0113&scaron;ana<\/div>\n<div class=\"spec_title\">Pulsa m\u0113r\u012bjums ar dev\u0113jiem uz rokturiem<\/div>\n<div class=\"spec_title\"><span class=\"tlid-translation translation\"><span>3- E \/ F \/ L pogas (Enter \/ Function \/ Delete)<\/span><\/span><br \/><span class=\"tlid-translation translation\"><span><span class=\"tlid-translation translation\"><span>LCD digit\u0101lais displejs un plan&scaron;etdators \/ viedt\u0101lru\u0146a tur\u0113t\u0101js<\/span><\/span><\/span><\/span><\/div>\n<div class=\"spec_title\"><span class=\"tlid-translation translation\"><span>Displeja nolas\u012bjumi: <\/span><\/span><span class=\"tlid-translation translation\"><span><span class=\"tlid-translation translation\"><span>Laiks, \u0101trums, att\u0101lums, kaloriju pat\u0113ri\u0146&scaron;, pulsa \u0101trums un sken\u0113&scaron;ana<\/span><\/span><\/span><\/span><\/div>\n<div class=\"spec_title\"><\/div>\n<\/div>\n","protected":false},"excerpt":{"rendered":"<p>Spararata masa: 7kg Svars: 28kg Maksim\u0101lais lietot\u0101ja svars: 100kg Izm\u0113rs: 111 x 66 x x152 cm 8 pak\u0101pju manu\u0101l\u0101 pretest\u012bbas regul\u0113&scaron;ana Pulsa m\u0113r\u012bjums ar dev\u0113jiem uz rokturiem 3- E \/ F \/ L pogas (Enter \/ Function \/ Delete)LCD digit\u0101lais displejs un plan&scaron;etdators \/ viedt\u0101lru\u0146a tur\u0113t\u0101js Displeja nolas\u012bjumi: Laiks, \u0101trums, att\u0101lums, kaloriju pat\u0113ri\u0146&scaron;, pulsa \u0101trums [&hellip;]<\/p>\n","protected":false},"featured_media":0,"template":"","meta":[],"product_brand":[897],"product_cat":[4587,4588,4590],"product_tag":[],"class_list":{"0":"post-79012","1":"product","2":"type-product","3":"status-publish","5":"product_brand-christopeit","6":"product_cat-sports","7":"product_cat-trainers-sports","8":"product_cat-elliptical-trainers-trainers-sports","10":"first","11":"instock","12":"shipping-taxable","13":"purchasable","14":"product-type-simple"},"_links":{"self":[{"href":"https:\/\/sezona.lv\/en\/wp-json\/wp\/v2\/product\/79012","targetHints":{"allow":["GET"]}}],"collection":[{"href":"https:\/\/sezona.lv\/en\/wp-json\/wp\/v2\/product"}],"about":[{"href":"https:\/\/sezona.lv\/en\/wp-json\/wp\/v2\/types\/product"}],"wp:attachment":[{"href":"https:\/\/sezona.lv\/en\/wp-json\/wp\/v2\/media?parent=79012"}],"wp:term":[{"taxonomy":"product_brand","embeddable":true,"href":"https:\/\/sezona.lv\/en\/wp-json\/wp\/v2\/product_brand?post=79012"},{"taxonomy":"product_cat","embeddable":true,"href":"https:\/\/sezona.lv\/en\/wp-json\/wp\/v2\/product_cat?post=79012"},{"taxonomy":"product_tag","embeddable":true,"href":"https:\/\/sezona.lv\/en\/wp-json\/wp\/v2\/product_tag?post=79012"}],"curies":[{"name":"wp","href":"https:\/\/api.w.org\/{rel}","templated":true}]}}