{"id":79013,"date":"2025-07-14T15:33:24","date_gmt":"2025-07-14T12:33:24","guid":{"rendered":"https:\/\/demo8.ecube.lv\/sezona.lv\/products\/christopeit-ct4-velotrenaziera-un-eliptiska-trenaziera-kombinacija-7kg-100kg\/"},"modified":"2025-07-14T15:33:24","modified_gmt":"2025-07-14T12:33:24","slug":"christopeit-ct4-velotrenaziera-un-eliptiska-trenaziera-kombinacija-7kg-100kg","status":"publish","type":"product","link":"https:\/\/sezona.lv\/en\/products\/christopeit-ct4-velotrenaziera-un-eliptiska-trenaziera-kombinacija-7kg-100kg\/","title":{"rendered":"Christopeit CT4 Velotrena\u017eiera un eliptisk\u0101 trena\u017eiera kombin\u0101cija 7kg\/100kg"},"content":{"rendered":"<div id=\"specifikacii\" class=\"spec_title\">\n<div id=\"specifikacii\" class=\"spec_title\">Spararata masa: 7kg<\/div>\n<div class=\"spec_title\">Svars: 33kg<\/div>\n<div class=\"spec_title\">Maksim\u0101lais lietot\u0101ja svars: 100kg<\/div>\n<div class=\"spec_title\">Izm\u0113rs: 111 x 66 x x152 cm<\/div>\n<div class=\"spec_title\">Transport\u0113&scaron;anas ritenti\u0146i<\/div>\n<div class=\"spec_title\">8 pak\u0101pju manu\u0101l\u0101 pretest\u012bbas regul\u0113&scaron;ana<\/div>\n<div class=\"spec_title\">Pulsa m\u0113r\u012bjums ar dev\u0113jiem uz rokturiem<\/div>\n<div class=\"spec_title\"><span class=\"tlid-translation translation\"><span>3- E \/ F \/ L pogas (Enter \/ Function \/ Delete)<\/span><\/span><br \/><span class=\"tlid-translation translation\"><span><span class=\"tlid-translation translation\"><span>LCD digit\u0101lais displejs un plan&scaron;etdators \/ viedt\u0101lru\u0146a tur\u0113t\u0101js<\/span><\/span><\/span><\/span><\/div>\n<div class=\"spec_title\"><span class=\"tlid-translation translation\"><span>Displeja nolas\u012bjumi: <\/span><\/span><span class=\"tlid-translation translation\"><span><span class=\"tlid-translation translation\"><span>Laiks, \u0101trums, att\u0101lums, kaloriju pat\u0113ri\u0146&scaron;, pulsa \u0101trums un sken\u0113&scaron;ana<\/span><\/span><\/span><\/span><\/div>\n<div class=\"spec_title\"><\/div>\n<div class=\"spec_title\"><\/div>\n<\/div>\n","protected":false},"excerpt":{"rendered":"<p>Spararata masa: 7kg Svars: 33kg Maksim\u0101lais lietot\u0101ja svars: 100kg Izm\u0113rs: 111 x 66 x x152 cm Transport\u0113&scaron;anas ritenti\u0146i 8 pak\u0101pju manu\u0101l\u0101 pretest\u012bbas regul\u0113&scaron;ana Pulsa m\u0113r\u012bjums ar dev\u0113jiem uz rokturiem 3- E \/ F \/ L pogas (Enter \/ Function \/ Delete)LCD digit\u0101lais displejs un plan&scaron;etdators \/ viedt\u0101lru\u0146a tur\u0113t\u0101js Displeja nolas\u012bjumi: Laiks, \u0101trums, att\u0101lums, kaloriju pat\u0113ri\u0146&scaron;, [&hellip;]<\/p>\n","protected":false},"featured_media":0,"template":"","meta":[],"product_brand":[897],"product_cat":[4587,4588,4590],"product_tag":[],"class_list":{"0":"post-79013","1":"product","2":"type-product","3":"status-publish","5":"product_brand-christopeit","6":"product_cat-sports","7":"product_cat-trainers-sports","8":"product_cat-elliptical-trainers-trainers-sports","10":"first","11":"instock","12":"shipping-taxable","13":"purchasable","14":"product-type-simple"},"_links":{"self":[{"href":"https:\/\/sezona.lv\/en\/wp-json\/wp\/v2\/product\/79013","targetHints":{"allow":["GET"]}}],"collection":[{"href":"https:\/\/sezona.lv\/en\/wp-json\/wp\/v2\/product"}],"about":[{"href":"https:\/\/sezona.lv\/en\/wp-json\/wp\/v2\/types\/product"}],"wp:attachment":[{"href":"https:\/\/sezona.lv\/en\/wp-json\/wp\/v2\/media?parent=79013"}],"wp:term":[{"taxonomy":"product_brand","embeddable":true,"href":"https:\/\/sezona.lv\/en\/wp-json\/wp\/v2\/product_brand?post=79013"},{"taxonomy":"product_cat","embeddable":true,"href":"https:\/\/sezona.lv\/en\/wp-json\/wp\/v2\/product_cat?post=79013"},{"taxonomy":"product_tag","embeddable":true,"href":"https:\/\/sezona.lv\/en\/wp-json\/wp\/v2\/product_tag?post=79013"}],"curies":[{"name":"wp","href":"https:\/\/api.w.org\/{rel}","templated":true}]}}