{"id":79014,"date":"2025-07-14T15:33:25","date_gmt":"2025-07-14T12:33:25","guid":{"rendered":"https:\/\/demo8.ecube.lv\/sezona.lv\/products\/airesanas-trenazieris-christopeit-cambridge-ii-melns\/"},"modified":"2025-07-14T15:33:25","modified_gmt":"2025-07-14T12:33:25","slug":"airesanas-trenazieris-christopeit-cambridge-ii-melns","status":"publish","type":"product","link":"https:\/\/sezona.lv\/en\/products\/airesanas-trenazieris-christopeit-cambridge-ii-melns\/","title":{"rendered":"Air\u0113\u0161anas trena\u017eieris Christopeit Cambridge II, melns"},"content":{"rendered":"<p>Efekt\u012bvi tren\u0113 muguras, plecu, roku, k\u0101ju musku\u013cus un aug&scaron;\u0113jo \u0137erme\u0146a da\u013cu.<br \/> &#8211; 4 pretest\u012bbas l\u012bme\u0146i<br \/> &#8211; \u0113rts s\u0113deklis ar rull\u012b&scaron;u gult\u0146iem<br \/> &#8211; salok\u0101ma konstrukcija, lai ietaup\u012btu vietu<br \/> &#8211; displejs: laiks, skaits, skaits\/ min, kaloriju pat\u0113ri\u0146&scaron; un Scan<br \/> &#8211; stabila r\u0101mja konstrukcija<br \/> Maksim\u0101lais lietot\u0101ja svars: 120 kg<br \/> Izm\u0113ri: 173x44x53 cm<br \/> Izm\u0113ri saloc\u012bt\u0101 veid\u0101: 110x44x103 cm<\/p>\n","protected":false},"excerpt":{"rendered":"<p>Efekt\u012bvi tren\u0113 muguras, plecu, roku, k\u0101ju musku\u013cus un aug&scaron;\u0113jo \u0137erme\u0146a da\u013cu. &#8211; 4 pretest\u012bbas l\u012bme\u0146i &#8211; \u0113rts s\u0113deklis ar rull\u012b&scaron;u gult\u0146iem &#8211; salok\u0101ma konstrukcija, lai ietaup\u012btu vietu &#8211; displejs: laiks, skaits, skaits\/ min, kaloriju pat\u0113ri\u0146&scaron; un Scan &#8211; stabila r\u0101mja konstrukcija Maksim\u0101lais lietot\u0101ja svars: 120 kg Izm\u0113ri: 173x44x53 cm Izm\u0113ri saloc\u012bt\u0101 veid\u0101: 110x44x103 cm<\/p>\n","protected":false},"featured_media":0,"template":"","meta":[],"product_brand":[897],"product_cat":[4587,4588,4593],"product_tag":[],"class_list":{"0":"post-79014","1":"product","2":"type-product","3":"status-publish","5":"product_brand-christopeit","6":"product_cat-sports","7":"product_cat-trainers-sports","8":"product_cat-rowing-machines-trainers-sports","10":"first","11":"instock","12":"shipping-taxable","13":"purchasable","14":"product-type-simple"},"_links":{"self":[{"href":"https:\/\/sezona.lv\/en\/wp-json\/wp\/v2\/product\/79014","targetHints":{"allow":["GET"]}}],"collection":[{"href":"https:\/\/sezona.lv\/en\/wp-json\/wp\/v2\/product"}],"about":[{"href":"https:\/\/sezona.lv\/en\/wp-json\/wp\/v2\/types\/product"}],"wp:attachment":[{"href":"https:\/\/sezona.lv\/en\/wp-json\/wp\/v2\/media?parent=79014"}],"wp:term":[{"taxonomy":"product_brand","embeddable":true,"href":"https:\/\/sezona.lv\/en\/wp-json\/wp\/v2\/product_brand?post=79014"},{"taxonomy":"product_cat","embeddable":true,"href":"https:\/\/sezona.lv\/en\/wp-json\/wp\/v2\/product_cat?post=79014"},{"taxonomy":"product_tag","embeddable":true,"href":"https:\/\/sezona.lv\/en\/wp-json\/wp\/v2\/product_tag?post=79014"}],"curies":[{"name":"wp","href":"https:\/\/api.w.org\/{rel}","templated":true}]}}