{"id":79016,"date":"2025-07-11T16:50:51","date_gmt":"2025-07-11T13:50:51","guid":{"rendered":"https:\/\/demo8.ecube.lv\/sezona.lv\/products\/ziemas-zabaki-norfin-berings\/"},"modified":"2025-07-14T15:33:28","modified_gmt":"2025-07-14T12:33:28","slug":"ziemas-zabaki-norfin-berings","status":"publish","type":"product","link":"https:\/\/sezona.lv\/en\/products\/ziemas-zabaki-norfin-berings\/","title":{"rendered":"Ziemas z\u0101baki Norfin BERINGS"},"content":{"rendered":"<p><span id=\"result_box\" lang=\"lv\"><span title=\"Norfin Berings \u0441 \u043c\u0430\u043d\u0436.14862 - \u0421\u0430\u043f\u043e\u0433\u0438 \u0441\u0434\u0435\u043b\u0430\u043d\u044b \u0438\u0437 \u043c\u0430\u0442\u0435\u0440\u0438\u0430\u043b\u0430 EVA, \u0438\u043c\u0435\u044e\u0442 \u0432\u044b\u043d\u0438\u043c\u0430\u0435\u043c\u044b\u0439 \u0432\u043a\u043b\u0430\u0434\u044b\u0448, \u043e\u0431\u0435\u0441\u043f\u0435\u0447\u0438\u0432\u0430\u044e\u0442 \u0442\u0435\u0440\u043c\u043e\u0437\u0430\u0449\u0438\u0442\u0443 \u0432 \u0434\u0438\u043d\u0430\u043c\u0438\u043a\u0435 \u043f\u0440\u0438 \u0442\u0435\u043c\u043f\u0435\u0440\u0430\u0442\u0443\u0440\u0435 \u0434\u043e &ndash;45&deg;\u0421.\">Norfin  Berings &#8211; z\u0101baki izgatavoti no EVA materi\u0101la, ar iz\u0146emamu starpliku, dinamik\u0101 nodro&scaron;ina termisko aizsardz\u012bbu temperat\u016br\u0101  l\u012bdz -45 &deg; C. <\/span><span title=\"\u0423\u0434\u043e\u0431\u043d\u0430\u044f \u0430\u043c\u043e\u0440\u0442\u0438\u0437\u0438\u0440\u0443\u044e\u0449\u0430\u044f \u043a\u043e\u043b\u043e\u0434\u043a\u0430 \u043f\u043e\u0437\u0432\u043e\u043b\u044f\u0435\u0442 \u043f\u0440\u0435\u043e\u0434\u043e\u043b\u0435\u0432\u0430\u0442\u044c \u0431\u043e\u043b\u044c\u0448\u0438\u0435 \u0440\u0430\u0441\u0441\u0442\u043e\u044f\u043d\u0438\u044f \u043f\u043e \u0441\u043d\u0435\u0433\u0443 \u0438\u043b\u0438 \u043b\u044c\u0434\u0443 \u0441 \u043c\u0438\u043d\u0438\u043c\u0430\u043b\u044c\u043d\u044b\u043c\u0438 \u0444\u0438\u0437\u0438\u0447\u0435\u0441\u043a\u0438\u043c\u0438 \u0437\u0430\u0442\u0440\u0430\u0442\u0430\u043c\u0438 \u0438 \u043d\u0430\u0433\u0440\u0443\u0437\u043a\u0430\u043c\u0438 \u043d\u0430 \u0441\u0443\u0441\u0442\u0430\u0432\u044b \u0438 \u043f\u043e\u0437\u0432\u043e\u043d\u043e\u0447\u043d\u0438\u043a.\">\u0112rti  triecienu absorb\u0113jo&scaron;i apavi, \u013cauj p\u0101rvietoties lielos att\u0101lumos pa  sniegu vai ledu, ar minim\u0101lu fizisko piep\u016bli un bez lielas slodzes uz  loc\u012btav\u0101m, un mugurkaulu. <\/span><span title=\"\u041a\u043e\u043d\u0441\u0442\u0440\u0443\u043a\u0446\u0438\u044f \u043f\u043e\u0434\u043e\u0448\u0432\u044b, \u0431\u0435\u0437 \u0432\u044b\u0440\u0430\u0436\u0435\u043d\u043d\u043e\u0433\u043e \u043a\u0430\u0431\u043b\u0443\u043a\u0430, \u0443\u0432\u0435\u043b\u0438\u0447\u0438\u0432\u0430\u0435\u0442 \u0441\u0446\u0435\u043f\u043b\u0435\u043d\u0438\u0435 \u0438 \u0443\u0441\u0442\u043e\u0439\u0447\u0438\u0432\u043e\u0441\u0442\u044c \u043d\u0430 \u0441\u043d\u0435\u0433\u0443 \u0438 \u043b\u044c\u0434\u0443.\">Z\u0101baka uzb\u016bve bez izteikta pap\u0113\u017ea, palielina vilkmi un stabilit\u0101ti uz sniega, un ledus. <\/span><span title=\"\u0412\u043d\u0443\u0442\u0440\u0435\u043d\u043d\u0435\u0435 \u0441\u0442\u0440\u043e\u0435\u043d\u0438\u0435 \u043f\u043e\u0434\u043e\u0448\u0432\u044b \u0438\u043c\u0435\u0435\u0442 &laquo;\u0432\u0430\u0444\u0435\u043b\u044c\u043d\u0443\u044e \u0441\u0442\u0440\u0443\u043a\u0442\u0443\u0440\u0443&raquo;, \u043f\u043e\u0437\u0432\u043e\u043b\u044f\u044e\u0449\u0430\u044f \u0441\u043e\u0431\u0438\u0440\u0430\u0442\u044c \u043a\u043e\u043d\u0434\u0435\u043d\u0441\u0430\u0442 \u0441 \u0432\u043a\u043b\u0430\u0434\u044b\u0448\u0430, \u0435\u0441\u043b\u0438 \u043e\u043d \u043e\u0431\u0440\u0430\u0437\u043e\u0432\u0430\u043b\u0441\u044f.\">Iek&scaron;pus\u0113 ir &#8220;vafe\u013cu strukt\u016bra&#8221;, kas \u013cauj sav\u0101kt kondens\u0101tu no vinila, ja tas izveidotos. <\/span><span title=\"\u041c\u0430\u043d\u0436\u0435\u0442\u0430 \u043d\u0430 \u0437\u0430\u0432\u044f\u0437\u043a\u0430\u0445 \u043f\u0440\u0435\u0434\u043e\u0445\u0440\u0430\u043d\u044f\u0435\u0442 \u043d\u043e\u0433\u0443 \u043e\u0442 \u043f\u043e\u043f\u0430\u0434\u0430\u043d\u0438\u044f \u0441\u043d\u0435\u0433\u0430 \u0438 \u0432\u043b\u0430\u0433\u0438.\">Man\u017eete pasarg\u0101 p\u0113das no sniega un mitruma. <\/span><span title=\"\u041f\u044f\u0442\u0438\u0441\u043b\u043e\u0439\u043d\u044b\u0439 \u0432\u043a\u043b\u0430\u0434\u044b\u0448, \u0442\u043e\u043b\u0449\u0438\u043d\u043e\u0439 20 \u043c\u043c, \u043e\u0431\u0435\u0441\u043f\u0435\u0447\u0438\u0432\u0430\u0435\u0442 \u0442\u0435\u0440\u043c\u043e\u0438\u0437\u043e\u043b\u044f\u0446\u0438\u044e \u0438 \u043e\u0442\u0432\u043e\u0434 \u0432\u043b\u0430\u0433\u0438 \u043e\u0442 \u0442\u0435\u043b\u0430.&#010;&#010;&nbsp;&nbsp;&nbsp;&nbsp;\">Piecu sl\u0101\u0146u ieliktnis, 20 mm biezs, nodro&scaron;ina siltumizol\u0101ciju un mitruma novad\u012b&scaron;anu no \u0137erme\u0146a.<\/p>\n<p>&nbsp;&nbsp;&nbsp;&nbsp;<\/span><span title=\"70% \u0438\u0441\u043a\u0443\u0441\u0441\u0442\u0432\u0435\u043d\u043d\u044b\u0439 \u043c\u0435\u0445, 30% \u043d\u0430\u0442\u0443\u0440\u0430\u043b\u044c\u043d\u043e\u0439 \u043e\u0432\u0435\u0447\u044c\u0435\u0439 \u0448\u0435\u0440\u0441\u0442\u0438 &ndash; \u0442\u0435\u0440\u043c\u043e\u0437\u0430\u0449\u0438\u0442\u0430 \u0438 \u043e\u0442\u0432\u043e\u0434 \u0432\u043b\u0430\u0433\u0438 \u043e\u0442 \u043d\u043e\u0433.&#010;&nbsp;&nbsp;&nbsp;&nbsp;\">70% m\u0101ksl\u012bg\u0101s ka\u017eok\u0101das, 30% dabisk\u0101s aitu vilnas &#8211; siltuma un mitruma aizsardz\u012bba.<br \/>&nbsp;&nbsp;&nbsp;&nbsp;<\/span><span title=\"\u0422\u0440\u0438\u043a\u043e\u0442\u0430\u0436\u043d\u043e-\u0433\u0438\u0434\u0440\u043e\u0444\u043e\u0431\u043d\u043e\u0435 \u0432\u043e\u043b\u043e\u043a\u043d\u043e &ndash; \u043c\u0435\u043c\u0431\u0440\u0430\u043d\u0430 \u0434\u043b\u044f \u043e\u0442\u0432\u043e\u0434\u0430 \u0432\u043b\u0430\u0433\u0438.&#010;&nbsp;&nbsp;&nbsp;&nbsp;\">Ad\u012btas hidrofobiskas &scaron;\u0137iedras &#8211; membr\u0101na mitruma no\u0146em&scaron;anai.<br \/>&nbsp;&nbsp;&nbsp;&nbsp;<\/span><span title=\"\u041d\u0435\u0442\u043a\u0430\u043d\u043e\u0435 \u043f\u043e\u043b\u043e\u0442\u043d\u043e &ndash; \u0441\u043e\u0445\u0440\u0430\u043d\u044f\u0435\u0442 \u0444\u043e\u0440\u043c\u0443 \u0432\u043a\u043b\u0430\u0434\u044b\u0448\u0430.&#010;&nbsp;&nbsp;&nbsp;&nbsp;\">Neaustas audums &#8211; saglab\u0101 formu.<br \/>&nbsp;&nbsp;&nbsp;&nbsp;<\/span><span title=\"\u041c\u0435\u0442\u0430\u043b\u043b\u0438\u0437\u0438\u0440\u043e\u0432\u0430\u043d\u043d\u0430\u044f \u043f\u0435\u0440\u0444\u043e\u0440\u0438\u0440\u043e\u0432\u0430\u043d\u043d\u0430\u044f \u0444\u043e\u043b\u044c\u0433\u0430 &ndash; \u043e\u0442\u0440\u0430\u0436\u0430\u0435\u0442 \u0445\u043e\u043b\u043e\u0434 \u043d\u0430\u0440\u0443\u0436\u0443, \u0430 \u0442\u0435\u043f\u043b\u043e \u043a \u043d\u043e\u0433\u0435.&#010;&nbsp;&nbsp;&nbsp;&nbsp;\">Met\u0101liska perfor\u0113ta folija &#8211; atstaro aukstumu uz \u0101rpusi, bet siltumu pret k\u0101ju.<br \/>&nbsp;&nbsp;&nbsp;&nbsp;<\/span><span title=\"\u041c\u0435\u043c\u0431\u0440\u0430\u043d\u043d\u0430\u044f \u0437\u0430\u0449\u0438\u0442\u043d\u0430\u044f \u0441\u0435\u0442\u043a\u0430 &ndash; \u0441\u043e\u0445\u0440\u0430\u043d\u044f\u0435\u0442 \u0446\u0435\u043b\u043e\u0441\u0442\u043d\u043e\u0441\u0442\u044c \u0444\u043e\u043b\u044c\u0433\u0438.&#010;&nbsp;&nbsp;&nbsp;&nbsp;\">Membr\u0101nas aizsargsiksna &#8211; saglab\u0101 folijas viengabalain\u012bbu.<br \/>&nbsp;&nbsp;&nbsp;&nbsp;<\/span><span title=\"\u041c\u0430\u0442\u0435\u0440\u0438\u0430\u043b Oxford 600 - \u043f\u043e\u0432\u044b\u0448\u0430\u0435\u0442 \u0438\u0437\u043d\u043e\u0441\u043e\u0441\u0442\u043e\u0439\u043a\u043e\u0441\u0442\u044c \u043f\u044f\u0442\u043e\u0447\u043d\u043e\u0439 \u0447\u0430\u0441\u0442\u0438 \u0432\u043a\u043b\u0430\u0434\u044b\u0448\u0430\">Oxford 600 materi\u0101ls &#8211; palielina apvalka pap\u0113\u017ea da\u013cas nodilumiztur\u012bbu<\/span><\/span><\/p>\n","protected":false},"excerpt":{"rendered":"<p>Norfin Berings &#8211; z\u0101baki izgatavoti no EVA materi\u0101la, ar iz\u0146emamu starpliku, dinamik\u0101 nodro&scaron;ina termisko aizsardz\u012bbu temperat\u016br\u0101 l\u012bdz -45 &deg; C. \u0112rti triecienu absorb\u0113jo&scaron;i apavi, \u013cauj p\u0101rvietoties lielos att\u0101lumos pa sniegu vai ledu, ar minim\u0101lu fizisko piep\u016bli un bez lielas slodzes uz loc\u012btav\u0101m, un mugurkaulu. Z\u0101baka uzb\u016bve bez izteikta pap\u0113\u017ea, palielina vilkmi un stabilit\u0101ti uz sniega, [&hellip;]<\/p>\n","protected":false},"featured_media":0,"template":"","meta":[],"product_brand":[899],"product_cat":[4615],"product_tag":[],"class_list":{"0":"post-79016","1":"product","2":"type-product","3":"status-publish","5":"product_brand-norfin","6":"product_cat-winter-boots-recreation","8":"first","9":"instock","10":"shipping-taxable","11":"purchasable","12":"product-type-simple"},"_links":{"self":[{"href":"https:\/\/sezona.lv\/en\/wp-json\/wp\/v2\/product\/79016","targetHints":{"allow":["GET"]}}],"collection":[{"href":"https:\/\/sezona.lv\/en\/wp-json\/wp\/v2\/product"}],"about":[{"href":"https:\/\/sezona.lv\/en\/wp-json\/wp\/v2\/types\/product"}],"wp:attachment":[{"href":"https:\/\/sezona.lv\/en\/wp-json\/wp\/v2\/media?parent=79016"}],"wp:term":[{"taxonomy":"product_brand","embeddable":true,"href":"https:\/\/sezona.lv\/en\/wp-json\/wp\/v2\/product_brand?post=79016"},{"taxonomy":"product_cat","embeddable":true,"href":"https:\/\/sezona.lv\/en\/wp-json\/wp\/v2\/product_cat?post=79016"},{"taxonomy":"product_tag","embeddable":true,"href":"https:\/\/sezona.lv\/en\/wp-json\/wp\/v2\/product_tag?post=79016"}],"curies":[{"name":"wp","href":"https:\/\/api.w.org\/{rel}","templated":true}]}}