{"id":79018,"date":"2025-07-11T16:50:55","date_gmt":"2025-07-11T13:50:55","guid":{"rendered":"https:\/\/demo8.ecube.lv\/sezona.lv\/products\/cimdi-norfin-point-5\/"},"modified":"2025-07-14T15:33:30","modified_gmt":"2025-07-14T12:33:30","slug":"cimdi-norfin-point-5","status":"publish","type":"product","link":"https:\/\/sezona.lv\/en\/products\/cimdi-norfin-point-5\/","title":{"rendered":"Cimdi Norfin POINT 5"},"content":{"rendered":"<p>Siltie cimdi bez p\u0101rlok\u0101m\u0101s da\u013cas. &Scaron;ie cimdi ir \u0113rti akt\u012bvai mak&scaron;\u0137er\u0113&scaron;anai ar v\u0113rp&scaron;anu vai ziemas mak&scaron;\u0137er\u0113&scaron;anai no ledus.<\/p>\n<p><span id=\"result_box\" lang=\"lv\">Materi\u0101ls &#8211; bl\u012bva vilna ar membr\u0101nu un Pu, cimdi novada lieko mitrumu no rok\u0101m.<\/span><\/p>\n<p><span>Cimdi bez pirkstu da\u013cas. Lieliski pasarg\u0101s rokas no v\u0113ja un aukstuma.<\/span><\/p>\n<p>&nbsp;<\/p>\n","protected":false},"excerpt":{"rendered":"<p>Siltie cimdi bez p\u0101rlok\u0101m\u0101s da\u013cas. &Scaron;ie cimdi ir \u0113rti akt\u012bvai mak&scaron;\u0137er\u0113&scaron;anai ar v\u0113rp&scaron;anu vai ziemas mak&scaron;\u0137er\u0113&scaron;anai no ledus. Materi\u0101ls &#8211; bl\u012bva vilna ar membr\u0101nu un Pu, cimdi novada lieko mitrumu no rok\u0101m. Cimdi bez pirkstu da\u013cas. Lieliski pasarg\u0101s rokas no v\u0113ja un aukstuma. &nbsp;<\/p>\n","protected":false},"featured_media":107667,"template":"","meta":[],"product_brand":[899],"product_cat":[4628],"product_tag":[],"class_list":{"0":"post-79018","1":"product","2":"type-product","3":"status-publish","4":"has-post-thumbnail","6":"product_brand-norfin","7":"product_cat-gloves-winter-clothes-recreation","9":"first","10":"instock","11":"sale","12":"shipping-taxable","13":"purchasable","14":"product-type-simple"},"_links":{"self":[{"href":"https:\/\/sezona.lv\/en\/wp-json\/wp\/v2\/product\/79018","targetHints":{"allow":["GET"]}}],"collection":[{"href":"https:\/\/sezona.lv\/en\/wp-json\/wp\/v2\/product"}],"about":[{"href":"https:\/\/sezona.lv\/en\/wp-json\/wp\/v2\/types\/product"}],"wp:featuredmedia":[{"embeddable":true,"href":"https:\/\/sezona.lv\/en\/wp-json\/wp\/v2\/media\/107667"}],"wp:attachment":[{"href":"https:\/\/sezona.lv\/en\/wp-json\/wp\/v2\/media?parent=79018"}],"wp:term":[{"taxonomy":"product_brand","embeddable":true,"href":"https:\/\/sezona.lv\/en\/wp-json\/wp\/v2\/product_brand?post=79018"},{"taxonomy":"product_cat","embeddable":true,"href":"https:\/\/sezona.lv\/en\/wp-json\/wp\/v2\/product_cat?post=79018"},{"taxonomy":"product_tag","embeddable":true,"href":"https:\/\/sezona.lv\/en\/wp-json\/wp\/v2\/product_tag?post=79018"}],"curies":[{"name":"wp","href":"https:\/\/api.w.org\/{rel}","templated":true}]}}