{"id":79019,"date":"2025-07-14T15:33:31","date_gmt":"2025-07-14T12:33:31","guid":{"rendered":"https:\/\/demo8.ecube.lv\/sezona.lv\/products\/cepure-norfin-crystal\/"},"modified":"2025-07-14T15:33:31","modified_gmt":"2025-07-14T12:33:31","slug":"cepure-norfin-crystal","status":"publish","type":"product","link":"https:\/\/sezona.lv\/en\/products\/cepure-norfin-crystal\/","title":{"rendered":"Cepure Norfin CRYSTAL"},"content":{"rendered":"<p><span id=\"result_box\" lang=\"lv\"><span>Silta ziemas cepure, kas ir ide\u0101li piem\u0113rota zvejai, \u0101ra aktivit\u0101t\u0113m un ikdienas valk\u0101&scaron;anai.<\/span> <span>Materi\u0101ls: 100% ACRYL<\/span><br \/><\/span><span id=\"result_box\" class=\"short_text\" lang=\"lv\"><\/span><\/p>\n<p><span class=\"short_text\" lang=\"lv\"><span>L un XL izm\u0113rs.<\/span><\/span><\/p>\n<p>&nbsp;<\/p>\n","protected":false},"excerpt":{"rendered":"<p>Silta ziemas cepure, kas ir ide\u0101li piem\u0113rota zvejai, \u0101ra aktivit\u0101t\u0113m un ikdienas valk\u0101&scaron;anai. Materi\u0101ls: 100% ACRYL L un XL izm\u0113rs. &nbsp;<\/p>\n","protected":false},"featured_media":0,"template":"","meta":[],"product_brand":[899],"product_cat":[4619,4638,4640],"product_tag":[],"class_list":{"0":"post-79019","1":"product","2":"type-product","3":"status-publish","5":"product_brand-norfin","6":"product_cat-winter-clothes-recreation","7":"product_cat-hats-masks-winter-clothes-recreation","8":"product_cat-recreation","10":"first","11":"instock","12":"shipping-taxable","13":"purchasable","14":"product-type-simple"},"_links":{"self":[{"href":"https:\/\/sezona.lv\/en\/wp-json\/wp\/v2\/product\/79019","targetHints":{"allow":["GET"]}}],"collection":[{"href":"https:\/\/sezona.lv\/en\/wp-json\/wp\/v2\/product"}],"about":[{"href":"https:\/\/sezona.lv\/en\/wp-json\/wp\/v2\/types\/product"}],"wp:attachment":[{"href":"https:\/\/sezona.lv\/en\/wp-json\/wp\/v2\/media?parent=79019"}],"wp:term":[{"taxonomy":"product_brand","embeddable":true,"href":"https:\/\/sezona.lv\/en\/wp-json\/wp\/v2\/product_brand?post=79019"},{"taxonomy":"product_cat","embeddable":true,"href":"https:\/\/sezona.lv\/en\/wp-json\/wp\/v2\/product_cat?post=79019"},{"taxonomy":"product_tag","embeddable":true,"href":"https:\/\/sezona.lv\/en\/wp-json\/wp\/v2\/product_tag?post=79019"}],"curies":[{"name":"wp","href":"https:\/\/api.w.org\/{rel}","templated":true}]}}