{"id":79020,"date":"2025-07-11T16:50:57","date_gmt":"2025-07-11T13:50:57","guid":{"rendered":"https:\/\/demo8.ecube.lv\/sezona.lv\/products\/cepure-maska-norfin-beta\/"},"modified":"2025-07-14T15:33:32","modified_gmt":"2025-07-14T12:33:32","slug":"cepure-maska-norfin-beta","status":"publish","type":"product","link":"https:\/\/sezona.lv\/en\/products\/cepure-maska-norfin-beta\/","title":{"rendered":"Cepure-maska Norfin BETA"},"content":{"rendered":"<div class=\"std\">Cepure-maska Norfin Beta.<\/div>\n<p>V\u0113ja necaurlaid\u012bga, ar priek&scaron;\u0113jo da\u013cu no Windstop materi\u0101la.<\/p>\n","protected":false},"excerpt":{"rendered":"<p>Cepure-maska Norfin Beta. V\u0113ja necaurlaid\u012bga, ar priek&scaron;\u0113jo da\u013cu no Windstop materi\u0101la.<\/p>\n","protected":false},"featured_media":107366,"template":"","meta":[],"product_brand":[899],"product_cat":[4638],"product_tag":[],"class_list":{"0":"post-79020","1":"product","2":"type-product","3":"status-publish","4":"has-post-thumbnail","6":"product_brand-norfin","7":"product_cat-hats-masks-winter-clothes-recreation","9":"first","10":"instock","11":"sale","12":"shipping-taxable","13":"purchasable","14":"product-type-simple"},"_links":{"self":[{"href":"https:\/\/sezona.lv\/en\/wp-json\/wp\/v2\/product\/79020","targetHints":{"allow":["GET"]}}],"collection":[{"href":"https:\/\/sezona.lv\/en\/wp-json\/wp\/v2\/product"}],"about":[{"href":"https:\/\/sezona.lv\/en\/wp-json\/wp\/v2\/types\/product"}],"wp:featuredmedia":[{"embeddable":true,"href":"https:\/\/sezona.lv\/en\/wp-json\/wp\/v2\/media\/107366"}],"wp:attachment":[{"href":"https:\/\/sezona.lv\/en\/wp-json\/wp\/v2\/media?parent=79020"}],"wp:term":[{"taxonomy":"product_brand","embeddable":true,"href":"https:\/\/sezona.lv\/en\/wp-json\/wp\/v2\/product_brand?post=79020"},{"taxonomy":"product_cat","embeddable":true,"href":"https:\/\/sezona.lv\/en\/wp-json\/wp\/v2\/product_cat?post=79020"},{"taxonomy":"product_tag","embeddable":true,"href":"https:\/\/sezona.lv\/en\/wp-json\/wp\/v2\/product_tag?post=79020"}],"curies":[{"name":"wp","href":"https:\/\/api.w.org\/{rel}","templated":true}]}}