{"id":79022,"date":"2025-07-11T16:50:59","date_gmt":"2025-07-11T13:50:59","guid":{"rendered":"https:\/\/demo8.ecube.lv\/sezona.lv\/products\/cepure-norfin-norway-man\/"},"modified":"2025-07-14T15:33:34","modified_gmt":"2025-07-14T12:33:34","slug":"cepure-norfin-norway-man","status":"publish","type":"product","link":"https:\/\/sezona.lv\/en\/products\/cepure-norfin-norway-man\/","title":{"rendered":"Cepure Norfin NORWAY MAN"},"content":{"rendered":"<p>&nbsp;<\/p>\n<div class=\"std\">Cepure-maska Norfin Norway Man.<\/div>\n<div class=\"std\">Viegla ad\u012bta ziemas cepure.<\/div>\n<div class=\"std\">Materi\u0101ls: 100% akrils.<\/div>\n<p>Fl\u012bsa odere.<\/p>\n","protected":false},"excerpt":{"rendered":"<p>&nbsp; Cepure-maska Norfin Norway Man. Viegla ad\u012bta ziemas cepure. Materi\u0101ls: 100% akrils. Fl\u012bsa odere.<\/p>\n","protected":false},"featured_media":107405,"template":"","meta":[],"product_brand":[899],"product_cat":[4638],"product_tag":[],"class_list":{"0":"post-79022","1":"product","2":"type-product","3":"status-publish","4":"has-post-thumbnail","6":"product_brand-norfin","7":"product_cat-hats-masks-winter-clothes-recreation","9":"first","10":"instock","11":"shipping-taxable","12":"purchasable","13":"product-type-variable"},"_links":{"self":[{"href":"https:\/\/sezona.lv\/en\/wp-json\/wp\/v2\/product\/79022","targetHints":{"allow":["GET"]}}],"collection":[{"href":"https:\/\/sezona.lv\/en\/wp-json\/wp\/v2\/product"}],"about":[{"href":"https:\/\/sezona.lv\/en\/wp-json\/wp\/v2\/types\/product"}],"wp:featuredmedia":[{"embeddable":true,"href":"https:\/\/sezona.lv\/en\/wp-json\/wp\/v2\/media\/107405"}],"wp:attachment":[{"href":"https:\/\/sezona.lv\/en\/wp-json\/wp\/v2\/media?parent=79022"}],"wp:term":[{"taxonomy":"product_brand","embeddable":true,"href":"https:\/\/sezona.lv\/en\/wp-json\/wp\/v2\/product_brand?post=79022"},{"taxonomy":"product_cat","embeddable":true,"href":"https:\/\/sezona.lv\/en\/wp-json\/wp\/v2\/product_cat?post=79022"},{"taxonomy":"product_tag","embeddable":true,"href":"https:\/\/sezona.lv\/en\/wp-json\/wp\/v2\/product_tag?post=79022"}],"curies":[{"name":"wp","href":"https:\/\/api.w.org\/{rel}","templated":true}]}}