{"id":79024,"date":"2025-07-11T16:51:03","date_gmt":"2025-07-11T13:51:03","guid":{"rendered":"https:\/\/demo8.ecube.lv\/sezona.lv\/products\/termovela-norfin-comfort-line\/"},"modified":"2025-07-14T15:33:36","modified_gmt":"2025-07-14T12:33:36","slug":"termovela-norfin-comfort-line","status":"publish","type":"product","link":"https:\/\/sezona.lv\/en\/products\/termovela-norfin-comfort-line\/","title":{"rendered":"Termove\u013ca NORFIN COMFORT LINE"},"content":{"rendered":"<div id=\"description\" class=\"tab-pane active\">\n<div class=\"desc\">\n<div id=\"product-description\">\n<p>Silt\u0101 ve\u013ca ar papildu mikrofl\u012bsa siltin\u0101jumiem uz muguras un bik&scaron;u  aizmugur\u0113, lai pasarg\u0101tu \u012bpa&scaron;i jut\u012bg\u0101s \u0137erme\u0146a da\u013cas. Viegls un silts  poliestera materi\u0101ls aizvada lieko \u0137erme\u0146a mitrumu un nodro&scaron;ina  komfortablu saj\u016btu aukstos laika apst\u0101k\u013cos.<\/p>\n<p>SPECIFIK\u0100CIJA:<\/p>\n<ul>\n<li> Papildu fl\u012bsa uz&scaron;uves uz muguras<\/li>\n<li> Elast\u012bgas man&scaron;etes<\/li>\n<li> Savelkama jostas vieta<\/li>\n<li> Elast\u012bga jostasvieta<\/li>\n<li> Materi\u0101ls: 95% poliesters, 5% spandex<\/li>\n<li> Ieteicamais valk\u0101&scaron;anas veids: otrais termove\u013cas sl\u0101nis<\/li>\n<\/ul>\n<p>&nbsp;<\/p>\n<\/div>\n<\/div>\n<\/div>\n","protected":false},"excerpt":{"rendered":"<p>Silt\u0101 ve\u013ca ar papildu mikrofl\u012bsa siltin\u0101jumiem uz muguras un bik&scaron;u aizmugur\u0113, lai pasarg\u0101tu \u012bpa&scaron;i jut\u012bg\u0101s \u0137erme\u0146a da\u013cas. Viegls un silts poliestera materi\u0101ls aizvada lieko \u0137erme\u0146a mitrumu un nodro&scaron;ina komfortablu saj\u016btu aukstos laika apst\u0101k\u013cos. SPECIFIK\u0100CIJA: Papildu fl\u012bsa uz&scaron;uves uz muguras Elast\u012bgas man&scaron;etes Savelkama jostas vieta Elast\u012bga jostasvieta Materi\u0101ls: 95% poliesters, 5% spandex Ieteicamais valk\u0101&scaron;anas veids: otrais [&hellip;]<\/p>\n","protected":false},"featured_media":0,"template":"","meta":[],"product_brand":[899],"product_cat":[4619,4621,4985],"product_tag":[],"class_list":{"0":"post-79024","1":"product","2":"type-product","3":"status-publish","5":"product_brand-norfin","6":"product_cat-winter-clothes-recreation","7":"product_cat-thermal-underwear-winter-clothes-recreation","8":"product_cat-norfin-thermal-underwear-thermal-underwear-winter-clothes-recreation","10":"first","11":"instock","12":"shipping-taxable","13":"purchasable","14":"product-type-simple"},"_links":{"self":[{"href":"https:\/\/sezona.lv\/en\/wp-json\/wp\/v2\/product\/79024","targetHints":{"allow":["GET"]}}],"collection":[{"href":"https:\/\/sezona.lv\/en\/wp-json\/wp\/v2\/product"}],"about":[{"href":"https:\/\/sezona.lv\/en\/wp-json\/wp\/v2\/types\/product"}],"wp:attachment":[{"href":"https:\/\/sezona.lv\/en\/wp-json\/wp\/v2\/media?parent=79024"}],"wp:term":[{"taxonomy":"product_brand","embeddable":true,"href":"https:\/\/sezona.lv\/en\/wp-json\/wp\/v2\/product_brand?post=79024"},{"taxonomy":"product_cat","embeddable":true,"href":"https:\/\/sezona.lv\/en\/wp-json\/wp\/v2\/product_cat?post=79024"},{"taxonomy":"product_tag","embeddable":true,"href":"https:\/\/sezona.lv\/en\/wp-json\/wp\/v2\/product_tag?post=79024"}],"curies":[{"name":"wp","href":"https:\/\/api.w.org\/{rel}","templated":true}]}}