{"id":79025,"date":"2025-07-14T15:33:37","date_gmt":"2025-07-14T12:33:37","guid":{"rendered":"https:\/\/demo8.ecube.lv\/sezona.lv\/products\/makskeresanas-ziemas-kaste-lucky-john\/"},"modified":"2025-07-14T15:33:37","modified_gmt":"2025-07-14T12:33:37","slug":"makskeresanas-ziemas-kaste-lucky-john","status":"publish","type":"product","link":"https:\/\/sezona.lv\/en\/products\/makskeresanas-ziemas-kaste-lucky-john\/","title":{"rendered":"Mak\u0161\u0137er\u0113\u0161anas ziemas kaste Lucky John"},"content":{"rendered":"<div id=\"tab1\">\n<div>\n<p><span>Mak&scaron;\u0137er\u0113&scaron;anas piederumu kaste ziemas copei. Kaste piem\u0113rota da\u017e\u0101du mak&scaron;\u0137erlietu glab\u0101&scaron;anai un transport\u0113&scaron;anai, k\u0101 ar\u012b s\u0113d\u0113&scaron;anai uz t\u0101s. Kaste apr\u012bkota ar plastmasas kabatu mak&scaron;\u0137er\u012b&scaron;u glab\u0101&scaron;anai un plaukti\u0146u m\u0101nek\u013cu un citu nepiecie&scaron;amu lietu izvieto&scaron;anai situ\u0101cij\u0101s, kad ir nepiecie&scaron;ams \u0101tri t\u0101m piek\u013c\u016bt. Kastes iek&scaron;pus\u0113 ir b\u012bd\u0101ms plaukts da\u017e\u0101du s\u012bkumu glab\u0101&scaron;anai. &Scaron;\u012b mode\u013ca priek&scaron;roc\u012bba ir iesp\u0113ja atv\u0113rt kasti no ab\u0101m pus\u0113m.<\/span><\/p>\n<p>Izm\u0113rs: 38&times;26&times;31.5cm<\/p>\n<\/div>\n<\/div>\n","protected":false},"excerpt":{"rendered":"<p>Mak&scaron;\u0137er\u0113&scaron;anas piederumu kaste ziemas copei. Kaste piem\u0113rota da\u017e\u0101du mak&scaron;\u0137erlietu glab\u0101&scaron;anai un transport\u0113&scaron;anai, k\u0101 ar\u012b s\u0113d\u0113&scaron;anai uz t\u0101s. Kaste apr\u012bkota ar plastmasas kabatu mak&scaron;\u0137er\u012b&scaron;u glab\u0101&scaron;anai un plaukti\u0146u m\u0101nek\u013cu un citu nepiecie&scaron;amu lietu izvieto&scaron;anai situ\u0101cij\u0101s, kad ir nepiecie&scaron;ams \u0101tri t\u0101m piek\u013c\u016bt. Kastes iek&scaron;pus\u0113 ir b\u012bd\u0101ms plaukts da\u017e\u0101du s\u012bkumu glab\u0101&scaron;anai. &Scaron;\u012b mode\u013ca priek&scaron;roc\u012bba ir iesp\u0113ja atv\u0113rt kasti no [&hellip;]<\/p>\n","protected":false},"featured_media":0,"template":"","meta":[],"product_brand":[894],"product_cat":[4585,4612,4640],"product_tag":[],"class_list":{"0":"post-79025","1":"product","2":"type-product","3":"status-publish","5":"product_brand-salmo","6":"product_cat-winter-fishing-equipment-recreation","7":"product_cat-winter-boxes-chairs-sledge-winter-fishing-equipment-recreation","8":"product_cat-recreation","10":"first","11":"instock","12":"shipping-taxable","13":"purchasable","14":"product-type-simple"},"_links":{"self":[{"href":"https:\/\/sezona.lv\/en\/wp-json\/wp\/v2\/product\/79025","targetHints":{"allow":["GET"]}}],"collection":[{"href":"https:\/\/sezona.lv\/en\/wp-json\/wp\/v2\/product"}],"about":[{"href":"https:\/\/sezona.lv\/en\/wp-json\/wp\/v2\/types\/product"}],"wp:attachment":[{"href":"https:\/\/sezona.lv\/en\/wp-json\/wp\/v2\/media?parent=79025"}],"wp:term":[{"taxonomy":"product_brand","embeddable":true,"href":"https:\/\/sezona.lv\/en\/wp-json\/wp\/v2\/product_brand?post=79025"},{"taxonomy":"product_cat","embeddable":true,"href":"https:\/\/sezona.lv\/en\/wp-json\/wp\/v2\/product_cat?post=79025"},{"taxonomy":"product_tag","embeddable":true,"href":"https:\/\/sezona.lv\/en\/wp-json\/wp\/v2\/product_tag?post=79025"}],"curies":[{"name":"wp","href":"https:\/\/api.w.org\/{rel}","templated":true}]}}