{"id":79026,"date":"2025-07-14T15:33:38","date_gmt":"2025-07-14T12:33:38","guid":{"rendered":"https:\/\/demo8.ecube.lv\/sezona.lv\/products\/somina-vizuliem-un-mormiskam-salmo-h-8010\/"},"modified":"2025-07-14T15:33:38","modified_gmt":"2025-07-14T12:33:38","slug":"somina-vizuliem-un-mormiskam-salmo-h-8010","status":"publish","type":"product","link":"https:\/\/sezona.lv\/en\/products\/somina-vizuliem-un-mormiskam-salmo-h-8010\/","title":{"rendered":"Somi\u0146a vizu\u013ciem un mormi\u0161k\u0101m SALMO (H-8010)"},"content":{"rendered":"<p><span id=\"result_box\" lang=\"lv\"><span>Lai  nezaud\u0113tu savas iecien\u012bt\u0101s \u0113smas, k\u0101 ar\u012b  lai pasarg\u0101tu sevi no asiem \u0101\u0137iem un marmo&scaron;k\u0101m, tos var  uzglab\u0101t un transport\u0113t ar &scaron;\u0101du maisu kast\u012bti.<\/span><\/span><\/p>\n","protected":false},"excerpt":{"rendered":"<p>Lai nezaud\u0113tu savas iecien\u012bt\u0101s \u0113smas, k\u0101 ar\u012b lai pasarg\u0101tu sevi no asiem \u0101\u0137iem un marmo&scaron;k\u0101m, tos var uzglab\u0101t un transport\u0113t ar &scaron;\u0101du maisu kast\u012bti.<\/p>\n","protected":false},"featured_media":0,"template":"","meta":[],"product_brand":[894],"product_cat":[4585,4612,4640],"product_tag":[],"class_list":{"0":"post-79026","1":"product","2":"type-product","3":"status-publish","5":"product_brand-salmo","6":"product_cat-winter-fishing-equipment-recreation","7":"product_cat-winter-boxes-chairs-sledge-winter-fishing-equipment-recreation","8":"product_cat-recreation","10":"first","11":"instock","12":"shipping-taxable","13":"purchasable","14":"product-type-simple"},"_links":{"self":[{"href":"https:\/\/sezona.lv\/en\/wp-json\/wp\/v2\/product\/79026","targetHints":{"allow":["GET"]}}],"collection":[{"href":"https:\/\/sezona.lv\/en\/wp-json\/wp\/v2\/product"}],"about":[{"href":"https:\/\/sezona.lv\/en\/wp-json\/wp\/v2\/types\/product"}],"wp:attachment":[{"href":"https:\/\/sezona.lv\/en\/wp-json\/wp\/v2\/media?parent=79026"}],"wp:term":[{"taxonomy":"product_brand","embeddable":true,"href":"https:\/\/sezona.lv\/en\/wp-json\/wp\/v2\/product_brand?post=79026"},{"taxonomy":"product_cat","embeddable":true,"href":"https:\/\/sezona.lv\/en\/wp-json\/wp\/v2\/product_cat?post=79026"},{"taxonomy":"product_tag","embeddable":true,"href":"https:\/\/sezona.lv\/en\/wp-json\/wp\/v2\/product_tag?post=79026"}],"curies":[{"name":"wp","href":"https:\/\/api.w.org\/{rel}","templated":true}]}}