{"id":79028,"date":"2025-07-14T15:33:40","date_gmt":"2025-07-14T12:33:40","guid":{"rendered":"https:\/\/demo8.ecube.lv\/sezona.lv\/products\/lazer-asinamais-urbis-magnum-dzinejam-200mm\/"},"modified":"2025-07-14T15:33:40","modified_gmt":"2025-07-14T12:33:40","slug":"lazer-asinamais-urbis-magnum-dzinejam-200mm","status":"publish","type":"product","link":"https:\/\/sezona.lv\/en\/products\/lazer-asinamais-urbis-magnum-dzinejam-200mm\/","title":{"rendered":"Lazer asin\u0101mais urbis Magnum Dzin\u0113jam 200mm"},"content":{"rendered":"<p><span id=\"result_box\" lang=\"lv\"><span><span id=\"result_box\" lang=\"lv\"><span>Na\u017ei ir izgatavoti no augstas kvalit\u0101tes ner\u016bs\u0113jo&scaron;\u0101 t\u0113rauda ar l\u0101zeru apstr\u0101di un dimanta asin\u0101&scaron;anu.<\/span><br \/><span>Unik\u0101lais na\u017eu dizains \u013cauj urbt bez gr\u016bt\u012bb\u0101m.<\/span><\/span><\/span><\/span><\/p>\n","protected":false},"excerpt":{"rendered":"<p>Na\u017ei ir izgatavoti no augstas kvalit\u0101tes ner\u016bs\u0113jo&scaron;\u0101 t\u0113rauda ar l\u0101zeru apstr\u0101di un dimanta asin\u0101&scaron;anu.Unik\u0101lais na\u017eu dizains \u013cauj urbt bez gr\u016bt\u012bb\u0101m.<\/p>\n","protected":false},"featured_media":0,"template":"","meta":[],"product_brand":[901],"product_cat":[4585,4613,4640],"product_tag":[],"class_list":{"0":"post-79028","1":"product","2":"type-product","3":"status-publish","5":"product_brand-mora","6":"product_cat-winter-fishing-equipment-recreation","7":"product_cat-ice-drills-and-accessories-winter-fishing-equipment-recreation","8":"product_cat-recreation","10":"first","11":"instock","12":"shipping-taxable","13":"purchasable","14":"product-type-simple"},"_links":{"self":[{"href":"https:\/\/sezona.lv\/en\/wp-json\/wp\/v2\/product\/79028","targetHints":{"allow":["GET"]}}],"collection":[{"href":"https:\/\/sezona.lv\/en\/wp-json\/wp\/v2\/product"}],"about":[{"href":"https:\/\/sezona.lv\/en\/wp-json\/wp\/v2\/types\/product"}],"wp:attachment":[{"href":"https:\/\/sezona.lv\/en\/wp-json\/wp\/v2\/media?parent=79028"}],"wp:term":[{"taxonomy":"product_brand","embeddable":true,"href":"https:\/\/sezona.lv\/en\/wp-json\/wp\/v2\/product_brand?post=79028"},{"taxonomy":"product_cat","embeddable":true,"href":"https:\/\/sezona.lv\/en\/wp-json\/wp\/v2\/product_cat?post=79028"},{"taxonomy":"product_tag","embeddable":true,"href":"https:\/\/sezona.lv\/en\/wp-json\/wp\/v2\/product_tag?post=79028"}],"curies":[{"name":"wp","href":"https:\/\/api.w.org\/{rel}","templated":true}]}}