{"id":79030,"date":"2025-07-14T15:33:42","date_gmt":"2025-07-14T12:33:42","guid":{"rendered":"https:\/\/demo8.ecube.lv\/sezona.lv\/products\/rezerves-nazi-ledusurbim-rextor-storm-130mm\/"},"modified":"2025-07-14T15:33:42","modified_gmt":"2025-07-14T12:33:42","slug":"rezerves-nazi-ledusurbim-rextor-storm-130mm","status":"publish","type":"product","link":"https:\/\/sezona.lv\/en\/products\/rezerves-nazi-ledusurbim-rextor-storm-130mm\/","title":{"rendered":"Rezerves na\u017ei ledusurbim Rextor STORM 130mm"},"content":{"rendered":"<p>Mai\u0146as na\u017ei priek&scaron; Rextor Storm, sf\u0113riskas formas.<\/p>\n<div style=\"font-size: 13px;margin-top: -20px;margin-bottom: 20px;text-align: justify\"><\/div>\n<div style=\"font-size: 13px;margin-top: -20px;margin-bottom: 20px;text-align: justify\"><\/div>\n<div class=\"std\">\n<div class=\"short-description\">\n<div class=\"std\"><span><\/p>\n<div class=\"ma-main-container col2-right-layout\">\n<div class=\"container\">\n<div class=\"main\">\n<div class=\"main-inner\">\n<div class=\"row\">\n<div class=\"col-main col-xs-12 col-sm-9\">\n<div class=\"product-view\"><\/div>\n<\/div>\n<\/div>\n<\/div>\n<\/div>\n<\/div>\n<\/div>\n<p><\/span><\/div>\n<\/div>\n<\/div>\n<div class=\"std\"><span><\/p>\n<div class=\"ma-main-container col2-right-layout\">\n<div class=\"container\"><\/div>\n<\/div>\n<p><\/span><\/div>\n","protected":false},"excerpt":{"rendered":"<p>Mai\u0146as na\u017ei priek&scaron; Rextor Storm, sf\u0113riskas formas.<\/p>\n","protected":false},"featured_media":0,"template":"","meta":[],"product_brand":[],"product_cat":[4585,4613,4640],"product_tag":[],"class_list":{"0":"post-79030","1":"product","2":"type-product","3":"status-publish","5":"product_cat-winter-fishing-equipment-recreation","6":"product_cat-ice-drills-and-accessories-winter-fishing-equipment-recreation","7":"product_cat-recreation","9":"first","10":"instock","11":"shipping-taxable","12":"purchasable","13":"product-type-simple"},"_links":{"self":[{"href":"https:\/\/sezona.lv\/en\/wp-json\/wp\/v2\/product\/79030","targetHints":{"allow":["GET"]}}],"collection":[{"href":"https:\/\/sezona.lv\/en\/wp-json\/wp\/v2\/product"}],"about":[{"href":"https:\/\/sezona.lv\/en\/wp-json\/wp\/v2\/types\/product"}],"wp:attachment":[{"href":"https:\/\/sezona.lv\/en\/wp-json\/wp\/v2\/media?parent=79030"}],"wp:term":[{"taxonomy":"product_brand","embeddable":true,"href":"https:\/\/sezona.lv\/en\/wp-json\/wp\/v2\/product_brand?post=79030"},{"taxonomy":"product_cat","embeddable":true,"href":"https:\/\/sezona.lv\/en\/wp-json\/wp\/v2\/product_cat?post=79030"},{"taxonomy":"product_tag","embeddable":true,"href":"https:\/\/sezona.lv\/en\/wp-json\/wp\/v2\/product_tag?post=79030"}],"curies":[{"name":"wp","href":"https:\/\/api.w.org\/{rel}","templated":true}]}}