{"id":79031,"date":"2025-07-11T16:51:11","date_gmt":"2025-07-11T13:51:11","guid":{"rendered":"https:\/\/demo8.ecube.lv\/sezona.lv\/products\/salmo-aukla-monofila-ziemas-sigma-ultra\/"},"modified":"2025-07-14T15:33:43","modified_gmt":"2025-07-14T12:33:43","slug":"salmo-aukla-monofila-ziemas-sigma-ultra","status":"publish","type":"product","link":"https:\/\/sezona.lv\/en\/products\/salmo-aukla-monofila-ziemas-sigma-ultra\/","title":{"rendered":"Salmo aukla monof\u012bl\u0101 ziemas SIGMA ULTRA"},"content":{"rendered":"<p>Monofil\u0101 aukla, kas lieliski noder ziemas mak&scaron;\u0137er\u0113&scaron;an\u0101, tom\u0113r varat  izmantot ar\u012b vasaras cop\u0113. Maigumu un elast\u012bbu saglab\u0101 visda\u017e\u0101d\u0101kajos  apst\u0101k\u013cos.<\/p>\n","protected":false},"excerpt":{"rendered":"<p>Monofil\u0101 aukla, kas lieliski noder ziemas mak&scaron;\u0137er\u0113&scaron;an\u0101, tom\u0113r varat izmantot ar\u012b vasaras cop\u0113. Maigumu un elast\u012bbu saglab\u0101 visda\u017e\u0101d\u0101kajos apst\u0101k\u013cos.<\/p>\n","protected":false},"featured_media":0,"template":"","meta":[],"product_brand":[894],"product_cat":[4585,4988],"product_tag":[],"class_list":{"0":"post-79031","1":"product","2":"type-product","3":"status-publish","5":"product_brand-salmo","6":"product_cat-winter-fishing-equipment-recreation","7":"product_cat-winter-cords-winter-fishing-equipment-recreation","9":"first","10":"instock","11":"shipping-taxable","12":"purchasable","13":"product-type-simple"},"_links":{"self":[{"href":"https:\/\/sezona.lv\/en\/wp-json\/wp\/v2\/product\/79031","targetHints":{"allow":["GET"]}}],"collection":[{"href":"https:\/\/sezona.lv\/en\/wp-json\/wp\/v2\/product"}],"about":[{"href":"https:\/\/sezona.lv\/en\/wp-json\/wp\/v2\/types\/product"}],"wp:attachment":[{"href":"https:\/\/sezona.lv\/en\/wp-json\/wp\/v2\/media?parent=79031"}],"wp:term":[{"taxonomy":"product_brand","embeddable":true,"href":"https:\/\/sezona.lv\/en\/wp-json\/wp\/v2\/product_brand?post=79031"},{"taxonomy":"product_cat","embeddable":true,"href":"https:\/\/sezona.lv\/en\/wp-json\/wp\/v2\/product_cat?post=79031"},{"taxonomy":"product_tag","embeddable":true,"href":"https:\/\/sezona.lv\/en\/wp-json\/wp\/v2\/product_tag?post=79031"}],"curies":[{"name":"wp","href":"https:\/\/api.w.org\/{rel}","templated":true}]}}