{"id":79032,"date":"2025-07-14T15:33:44","date_gmt":"2025-07-14T12:33:44","guid":{"rendered":"https:\/\/demo8.ecube.lv\/sezona.lv\/products\/salmo-aukla-monofila-ziemas-lucky-john-mgc-030-010\/"},"modified":"2025-07-14T15:33:44","modified_gmt":"2025-07-14T12:33:44","slug":"salmo-aukla-monofila-ziemas-lucky-john-mgc-030-010","status":"publish","type":"product","link":"https:\/\/sezona.lv\/en\/products\/salmo-aukla-monofila-ziemas-lucky-john-mgc-030-010\/","title":{"rendered":"Salmo aukla monof\u012bl\u0101 ziemas Lucky John MGC 030\/010"},"content":{"rendered":"<p>Augstas kvalit\u0101tes monof\u012bl\u0101 aukla, ra\u017eota Jap\u0101n\u0101.<\/p>\n<p>30m<\/p>\n<p><strong> <\/strong><\/p>\n<p>&nbsp;<\/p>\n","protected":false},"excerpt":{"rendered":"<p>Augstas kvalit\u0101tes monof\u012bl\u0101 aukla, ra\u017eota Jap\u0101n\u0101. 30m &nbsp;<\/p>\n","protected":false},"featured_media":0,"template":"","meta":[],"product_brand":[894],"product_cat":[4585,4640,4988],"product_tag":[],"class_list":{"0":"post-79032","1":"product","2":"type-product","3":"status-publish","5":"product_brand-salmo","6":"product_cat-winter-fishing-equipment-recreation","7":"product_cat-recreation","8":"product_cat-winter-cords-winter-fishing-equipment-recreation","10":"first","11":"instock","12":"shipping-taxable","13":"purchasable","14":"product-type-simple"},"_links":{"self":[{"href":"https:\/\/sezona.lv\/en\/wp-json\/wp\/v2\/product\/79032","targetHints":{"allow":["GET"]}}],"collection":[{"href":"https:\/\/sezona.lv\/en\/wp-json\/wp\/v2\/product"}],"about":[{"href":"https:\/\/sezona.lv\/en\/wp-json\/wp\/v2\/types\/product"}],"wp:attachment":[{"href":"https:\/\/sezona.lv\/en\/wp-json\/wp\/v2\/media?parent=79032"}],"wp:term":[{"taxonomy":"product_brand","embeddable":true,"href":"https:\/\/sezona.lv\/en\/wp-json\/wp\/v2\/product_brand?post=79032"},{"taxonomy":"product_cat","embeddable":true,"href":"https:\/\/sezona.lv\/en\/wp-json\/wp\/v2\/product_cat?post=79032"},{"taxonomy":"product_tag","embeddable":true,"href":"https:\/\/sezona.lv\/en\/wp-json\/wp\/v2\/product_tag?post=79032"}],"curies":[{"name":"wp","href":"https:\/\/api.w.org\/{rel}","templated":true}]}}