{"id":79034,"date":"2025-07-14T15:33:45","date_gmt":"2025-07-14T12:33:45","guid":{"rendered":"https:\/\/demo8.ecube.lv\/sezona.lv\/products\/salmo-ziemas-makskere-handy-ice-rod-414-02\/"},"modified":"2025-07-14T15:33:45","modified_gmt":"2025-07-14T12:33:45","slug":"salmo-ziemas-makskere-handy-ice-rod-414-02","status":"publish","type":"product","link":"https:\/\/sezona.lv\/en\/products\/salmo-ziemas-makskere-handy-ice-rod-414-02\/","title":{"rendered":"Salmo ziemas mak\u0161\u0137ere HANDY ICE ROD (414-02)"},"content":{"rendered":"<p>Mak&scaron;\u0137ere ziemas Salmo HANDY ICE ROD, dzeltena.<\/p>\n<p><span>Garums: 24.3cm<\/span><\/p>\n","protected":false},"excerpt":{"rendered":"<p>Mak&scaron;\u0137ere ziemas Salmo HANDY ICE ROD, dzeltena. Garums: 24.3cm<\/p>\n","protected":false},"featured_media":0,"template":"","meta":[],"product_brand":[894],"product_cat":[4585,4586,4640],"product_tag":[],"class_list":{"0":"post-79034","1":"product","2":"type-product","3":"status-publish","5":"product_brand-salmo","6":"product_cat-winter-fishing-equipment-recreation","7":"product_cat-winter-fishing-rod-winter-fishing-equipment-recreation","8":"product_cat-recreation","10":"first","11":"instock","12":"shipping-taxable","13":"purchasable","14":"product-type-simple"},"_links":{"self":[{"href":"https:\/\/sezona.lv\/en\/wp-json\/wp\/v2\/product\/79034","targetHints":{"allow":["GET"]}}],"collection":[{"href":"https:\/\/sezona.lv\/en\/wp-json\/wp\/v2\/product"}],"about":[{"href":"https:\/\/sezona.lv\/en\/wp-json\/wp\/v2\/types\/product"}],"wp:attachment":[{"href":"https:\/\/sezona.lv\/en\/wp-json\/wp\/v2\/media?parent=79034"}],"wp:term":[{"taxonomy":"product_brand","embeddable":true,"href":"https:\/\/sezona.lv\/en\/wp-json\/wp\/v2\/product_brand?post=79034"},{"taxonomy":"product_cat","embeddable":true,"href":"https:\/\/sezona.lv\/en\/wp-json\/wp\/v2\/product_cat?post=79034"},{"taxonomy":"product_tag","embeddable":true,"href":"https:\/\/sezona.lv\/en\/wp-json\/wp\/v2\/product_tag?post=79034"}],"curies":[{"name":"wp","href":"https:\/\/api.w.org\/{rel}","templated":true}]}}