{"id":79038,"date":"2025-07-11T16:51:19","date_gmt":"2025-07-11T13:51:19","guid":{"rendered":"https:\/\/demo8.ecube.lv\/sezona.lv\/products\/salmo-ziemas-makskere-ice-travel-soft-50cm\/"},"modified":"2025-07-14T15:33:50","modified_gmt":"2025-07-14T12:33:50","slug":"salmo-ziemas-makskere-ice-travel-soft-50cm","status":"publish","type":"product","link":"https:\/\/sezona.lv\/en\/products\/salmo-ziemas-makskere-ice-travel-soft-50cm\/","title":{"rendered":"Salmo ziemas mak\u0161\u0137ere Ice Travel Soft 50cm"},"content":{"rendered":"<p><span>Ziemas mak&scaron;\u0137ere pl\u0113s\u012bgo zivju mak&scaron;\u0137er\u0113&scaron;anai<\/span><\/p>\n","protected":false},"excerpt":{"rendered":"<p>Ziemas mak&scaron;\u0137ere pl\u0113s\u012bgo zivju mak&scaron;\u0137er\u0113&scaron;anai<\/p>\n","protected":false},"featured_media":0,"template":"","meta":[],"product_brand":[894],"product_cat":[4585,4586],"product_tag":[],"class_list":{"0":"post-79038","1":"product","2":"type-product","3":"status-publish","5":"product_brand-salmo","6":"product_cat-winter-fishing-equipment-recreation","7":"product_cat-winter-fishing-rod-winter-fishing-equipment-recreation","9":"first","10":"instock","11":"shipping-taxable","12":"purchasable","13":"product-type-simple"},"_links":{"self":[{"href":"https:\/\/sezona.lv\/en\/wp-json\/wp\/v2\/product\/79038","targetHints":{"allow":["GET"]}}],"collection":[{"href":"https:\/\/sezona.lv\/en\/wp-json\/wp\/v2\/product"}],"about":[{"href":"https:\/\/sezona.lv\/en\/wp-json\/wp\/v2\/types\/product"}],"wp:attachment":[{"href":"https:\/\/sezona.lv\/en\/wp-json\/wp\/v2\/media?parent=79038"}],"wp:term":[{"taxonomy":"product_brand","embeddable":true,"href":"https:\/\/sezona.lv\/en\/wp-json\/wp\/v2\/product_brand?post=79038"},{"taxonomy":"product_cat","embeddable":true,"href":"https:\/\/sezona.lv\/en\/wp-json\/wp\/v2\/product_cat?post=79038"},{"taxonomy":"product_tag","embeddable":true,"href":"https:\/\/sezona.lv\/en\/wp-json\/wp\/v2\/product_tag?post=79038"}],"curies":[{"name":"wp","href":"https:\/\/api.w.org\/{rel}","templated":true}]}}