{"id":79042,"date":"2025-07-14T15:33:53","date_gmt":"2025-07-14T12:33:53","guid":{"rendered":"https:\/\/demo8.ecube.lv\/sezona.lv\/products\/salmo-ziemas-makskere-uni-60\/"},"modified":"2025-07-14T15:33:53","modified_gmt":"2025-07-14T12:33:53","slug":"salmo-ziemas-makskere-uni-60","status":"publish","type":"product","link":"https:\/\/sezona.lv\/en\/products\/salmo-ziemas-makskere-uni-60\/","title":{"rendered":"Salmo ziemas mak\u0161\u0137ere UNI 60\u0441\u043c"},"content":{"rendered":"<p>Mak&scaron;\u0137ere ziemas Salmo UNI.<\/p>\n<p>Garums: 60cm<\/p>\n<p>Vienda\u013c\u012bga<\/p>\n<p>Materi\u0101ls: kompozits<\/p>\n<p>Roktura materi\u0101ls: EVA<\/p>\n<p>Spoles stiprin\u0101jums ar aukstumu iztur\u012bgiem plastmasas gredzeniem.<\/p>\n<p>Gredzeni: Dynaflo<\/p>\n<p>Svars: 39g<\/p>\n","protected":false},"excerpt":{"rendered":"<p>Mak&scaron;\u0137ere ziemas Salmo UNI. Garums: 60cm Vienda\u013c\u012bga Materi\u0101ls: kompozits Roktura materi\u0101ls: EVA Spoles stiprin\u0101jums ar aukstumu iztur\u012bgiem plastmasas gredzeniem. Gredzeni: Dynaflo Svars: 39g<\/p>\n","protected":false},"featured_media":0,"template":"","meta":[],"product_brand":[894],"product_cat":[4585,4586,4640],"product_tag":[],"class_list":{"0":"post-79042","1":"product","2":"type-product","3":"status-publish","5":"product_brand-salmo","6":"product_cat-winter-fishing-equipment-recreation","7":"product_cat-winter-fishing-rod-winter-fishing-equipment-recreation","8":"product_cat-recreation","10":"first","11":"instock","12":"shipping-taxable","13":"purchasable","14":"product-type-simple"},"_links":{"self":[{"href":"https:\/\/sezona.lv\/en\/wp-json\/wp\/v2\/product\/79042","targetHints":{"allow":["GET"]}}],"collection":[{"href":"https:\/\/sezona.lv\/en\/wp-json\/wp\/v2\/product"}],"about":[{"href":"https:\/\/sezona.lv\/en\/wp-json\/wp\/v2\/types\/product"}],"wp:attachment":[{"href":"https:\/\/sezona.lv\/en\/wp-json\/wp\/v2\/media?parent=79042"}],"wp:term":[{"taxonomy":"product_brand","embeddable":true,"href":"https:\/\/sezona.lv\/en\/wp-json\/wp\/v2\/product_brand?post=79042"},{"taxonomy":"product_cat","embeddable":true,"href":"https:\/\/sezona.lv\/en\/wp-json\/wp\/v2\/product_cat?post=79042"},{"taxonomy":"product_tag","embeddable":true,"href":"https:\/\/sezona.lv\/en\/wp-json\/wp\/v2\/product_tag?post=79042"}],"curies":[{"name":"wp","href":"https:\/\/api.w.org\/{rel}","templated":true}]}}