{"id":79043,"date":"2025-07-14T15:33:54","date_gmt":"2025-07-14T12:33:54","guid":{"rendered":"https:\/\/demo8.ecube.lv\/sezona.lv\/products\/ziemas-makskere-lucky-john-travel-hard-50\/"},"modified":"2025-07-14T15:33:54","modified_gmt":"2025-07-14T12:33:54","slug":"ziemas-makskere-lucky-john-travel-hard-50","status":"publish","type":"product","link":"https:\/\/sezona.lv\/en\/products\/ziemas-makskere-lucky-john-travel-hard-50\/","title":{"rendered":"Ziemas mak\u0161\u0137ere Lucky John TRAVEL Hard 50\u0441\u043c"},"content":{"rendered":"<p>Mak&scaron;\u0137ere ziemas Lucky John TRAVEL Hard.<\/p>\n<p>Garums: 50cm<\/p>\n<p>Saliekama<\/p>\n<p>Materi\u0101ls: stikla&scaron;\u0137iedra<\/p>\n<p>Roktura materi\u0101ls: EVA<\/p>\n<p>Transport\u0113&scaron;anas garums: 37cm<\/p>\n<p>Gredzeni: Dynaflo<\/p>\n","protected":false},"excerpt":{"rendered":"<p>Mak&scaron;\u0137ere ziemas Lucky John TRAVEL Hard. Garums: 50cm Saliekama Materi\u0101ls: stikla&scaron;\u0137iedra Roktura materi\u0101ls: EVA Transport\u0113&scaron;anas garums: 37cm Gredzeni: Dynaflo<\/p>\n","protected":false},"featured_media":0,"template":"","meta":[],"product_brand":[3391],"product_cat":[4585,4586,4640],"product_tag":[],"class_list":{"0":"post-79043","1":"product","2":"type-product","3":"status-publish","5":"product_brand-lucky-john","6":"product_cat-winter-fishing-equipment-recreation","7":"product_cat-winter-fishing-rod-winter-fishing-equipment-recreation","8":"product_cat-recreation","10":"first","11":"instock","12":"shipping-taxable","13":"purchasable","14":"product-type-simple"},"_links":{"self":[{"href":"https:\/\/sezona.lv\/en\/wp-json\/wp\/v2\/product\/79043","targetHints":{"allow":["GET"]}}],"collection":[{"href":"https:\/\/sezona.lv\/en\/wp-json\/wp\/v2\/product"}],"about":[{"href":"https:\/\/sezona.lv\/en\/wp-json\/wp\/v2\/types\/product"}],"wp:attachment":[{"href":"https:\/\/sezona.lv\/en\/wp-json\/wp\/v2\/media?parent=79043"}],"wp:term":[{"taxonomy":"product_brand","embeddable":true,"href":"https:\/\/sezona.lv\/en\/wp-json\/wp\/v2\/product_brand?post=79043"},{"taxonomy":"product_cat","embeddable":true,"href":"https:\/\/sezona.lv\/en\/wp-json\/wp\/v2\/product_cat?post=79043"},{"taxonomy":"product_tag","embeddable":true,"href":"https:\/\/sezona.lv\/en\/wp-json\/wp\/v2\/product_tag?post=79043"}],"curies":[{"name":"wp","href":"https:\/\/api.w.org\/{rel}","templated":true}]}}