{"id":79045,"date":"2025-07-14T15:33:55","date_gmt":"2025-07-14T12:33:55","guid":{"rendered":"https:\/\/demo8.ecube.lv\/sezona.lv\/products\/spole-ziemas-lucky-john-scandi-10fd\/"},"modified":"2025-07-14T15:33:55","modified_gmt":"2025-07-14T12:33:55","slug":"spole-ziemas-lucky-john-scandi-10fd","status":"publish","type":"product","link":"https:\/\/sezona.lv\/en\/products\/spole-ziemas-lucky-john-scandi-10fd\/","title":{"rendered":"Spole ziemas Lucky John  SCANDI 10FD"},"content":{"rendered":"<p>Spole ziemas Lucky John SCANDI.<\/p>\n<p><span id=\"result_box\" lang=\"lv\"><span title=\"- \u0422\u043e\u0440\u043c\u043e\u0437 \u0444\u0440\u0438\u043a\u0446\u0438\u043e\u043d\u043d\u044b\u0439 \u043f\u0435\u0440\u0435\u0434\u043d\u0438\u0439 FD - 3 \u043f\u043e\u0434\u0448\u0438\u043f\u043d\u0438\u043a\u0430 \u0448\u0430\u0440\u0438\u043a\u043e\u0432\u044b\u0445 - 1 \u043f\u043e\u0434\u0448\u0438\u043f\u043d\u0438\u043a \u0440\u043e\u043b\u0438\u043a\u043e\u0432\u044b\u0439 - \u041c\u0433\u043d\u043e\u0432\u0435\u043d\u043d\u044b\u0439 \u0441\u0442\u043e\u043f\u043e\u0440 \u043e\u0431\u0440\u0430\u0442\u043d\u043e\u0433\u043e \u0445\u043e\u0434\u0430 (\u0430\u043d\u0442\u0438\u0440\u0435\u0432\u0435\u0440\u0441) - \u0412\u043a\u043b\u044e\u0447\u0430\u0442\u0435\u043b\u044c \u0430\u043d\u0442\u0438\u0440\u0435\u0432\u0435\u0440\u0441\u0430 \u0444\u043b\u0430\u0436\u043a\u043e\u0432\u044b\u0439 \u043d\u0438\u0436\u043d\u0438\u0439 - \u041a\u043e\u0440\u043f\u0443\u0441 \u0438 \u0440\u043e\u0442\u043e\u0440 \u043a\u0430\u0440\u0431\u043e\u043f\u043b\u0430\u0441\u0442\u043e\u0432\u044b\u0435 - \u0428\u043f\u0443\u043b\u044f \u043e\u0441\u043d\u043e\u0432\u043d\u0430\u044f \u0430\u043b\u044e\u043c\u0438\u043d\u0438\u0435\u0432\u0430\u044f - \u0428\u043f\u0443\u043b\u044f \u0434\u043e\u043f\u043e\u043b\u043d\u0438\u0442\u0435\u043b\u044c\u043d\u0430\u044f \u0433\u0440\u0430\u0444\u0438\u0442\u043e\u0432\u0430\u044f - \u0420\u043e\u043b\u0438\u043a \u043b\u0435\u0441\u043e\u0443\u043a\u043b\u0430\u0434\u044b\u0432\u0430\u0442\u0435\u043b\u044f \u043a\u043e\u043d\u0443\u0441\u043d\u044b\u0439 \u0443\u0432\u0435\u043b\u0438\u0447\u0435\u043d\u043d\u044b\u0439 (\u043f\u0440\u043e\u0442\u0438\u0432\u043e\u0437\u0430\u043a\u0440\u0443\u0447\u0438\u0432\u0430\u0442\u0435\u043b\u044c) - \u041f\u043e\u043a\u0440\u044b\u0442\u0438\u0435 \u0438\u0437\u043d\u043e\u0441\u043e\u0441\u0442\u043e\u0439\u043a\u043e\u0435\">Priek&scaron;\u0113j\u0101 frikcijas bremze FD&nbsp; <\/span><\/span><\/p>\n<p><span id=\"result_box\" lang=\"lv\"><span title=\"- \u0422\u043e\u0440\u043c\u043e\u0437 \u0444\u0440\u0438\u043a\u0446\u0438\u043e\u043d\u043d\u044b\u0439 \u043f\u0435\u0440\u0435\u0434\u043d\u0438\u0439 FD - 3 \u043f\u043e\u0434\u0448\u0438\u043f\u043d\u0438\u043a\u0430 \u0448\u0430\u0440\u0438\u043a\u043e\u0432\u044b\u0445 - 1 \u043f\u043e\u0434\u0448\u0438\u043f\u043d\u0438\u043a \u0440\u043e\u043b\u0438\u043a\u043e\u0432\u044b\u0439 - \u041c\u0433\u043d\u043e\u0432\u0435\u043d\u043d\u044b\u0439 \u0441\u0442\u043e\u043f\u043e\u0440 \u043e\u0431\u0440\u0430\u0442\u043d\u043e\u0433\u043e \u0445\u043e\u0434\u0430 (\u0430\u043d\u0442\u0438\u0440\u0435\u0432\u0435\u0440\u0441) - \u0412\u043a\u043b\u044e\u0447\u0430\u0442\u0435\u043b\u044c \u0430\u043d\u0442\u0438\u0440\u0435\u0432\u0435\u0440\u0441\u0430 \u0444\u043b\u0430\u0436\u043a\u043e\u0432\u044b\u0439 \u043d\u0438\u0436\u043d\u0438\u0439 - \u041a\u043e\u0440\u043f\u0443\u0441 \u0438 \u0440\u043e\u0442\u043e\u0440 \u043a\u0430\u0440\u0431\u043e\u043f\u043b\u0430\u0441\u0442\u043e\u0432\u044b\u0435 - \u0428\u043f\u0443\u043b\u044f \u043e\u0441\u043d\u043e\u0432\u043d\u0430\u044f \u0430\u043b\u044e\u043c\u0438\u043d\u0438\u0435\u0432\u0430\u044f - \u0428\u043f\u0443\u043b\u044f \u0434\u043e\u043f\u043e\u043b\u043d\u0438\u0442\u0435\u043b\u044c\u043d\u0430\u044f \u0433\u0440\u0430\u0444\u0438\u0442\u043e\u0432\u0430\u044f - \u0420\u043e\u043b\u0438\u043a \u043b\u0435\u0441\u043e\u0443\u043a\u043b\u0430\u0434\u044b\u0432\u0430\u0442\u0435\u043b\u044f \u043a\u043e\u043d\u0443\u0441\u043d\u044b\u0439 \u0443\u0432\u0435\u043b\u0438\u0447\u0435\u043d\u043d\u044b\u0439 (\u043f\u0440\u043e\u0442\u0438\u0432\u043e\u0437\u0430\u043a\u0440\u0443\u0447\u0438\u0432\u0430\u0442\u0435\u043b\u044c) - \u041f\u043e\u043a\u0440\u044b\u0442\u0438\u0435 \u0438\u0437\u043d\u043e\u0441\u043e\u0441\u0442\u043e\u0439\u043a\u043e\u0435\">3 lod\u012b&scaron;u gult\u0146i &#8211; 1 rull\u012b&scaron;u gultnis&nbsp; <\/span><\/span><\/p>\n<p><span id=\"result_box\" lang=\"lv\"><span title=\"- \u0422\u043e\u0440\u043c\u043e\u0437 \u0444\u0440\u0438\u043a\u0446\u0438\u043e\u043d\u043d\u044b\u0439 \u043f\u0435\u0440\u0435\u0434\u043d\u0438\u0439 FD - 3 \u043f\u043e\u0434\u0448\u0438\u043f\u043d\u0438\u043a\u0430 \u0448\u0430\u0440\u0438\u043a\u043e\u0432\u044b\u0445 - 1 \u043f\u043e\u0434\u0448\u0438\u043f\u043d\u0438\u043a \u0440\u043e\u043b\u0438\u043a\u043e\u0432\u044b\u0439 - \u041c\u0433\u043d\u043e\u0432\u0435\u043d\u043d\u044b\u0439 \u0441\u0442\u043e\u043f\u043e\u0440 \u043e\u0431\u0440\u0430\u0442\u043d\u043e\u0433\u043e \u0445\u043e\u0434\u0430 (\u0430\u043d\u0442\u0438\u0440\u0435\u0432\u0435\u0440\u0441) - \u0412\u043a\u043b\u044e\u0447\u0430\u0442\u0435\u043b\u044c \u0430\u043d\u0442\u0438\u0440\u0435\u0432\u0435\u0440\u0441\u0430 \u0444\u043b\u0430\u0436\u043a\u043e\u0432\u044b\u0439 \u043d\u0438\u0436\u043d\u0438\u0439 - \u041a\u043e\u0440\u043f\u0443\u0441 \u0438 \u0440\u043e\u0442\u043e\u0440 \u043a\u0430\u0440\u0431\u043e\u043f\u043b\u0430\u0441\u0442\u043e\u0432\u044b\u0435 - \u0428\u043f\u0443\u043b\u044f \u043e\u0441\u043d\u043e\u0432\u043d\u0430\u044f \u0430\u043b\u044e\u043c\u0438\u043d\u0438\u0435\u0432\u0430\u044f - \u0428\u043f\u0443\u043b\u044f \u0434\u043e\u043f\u043e\u043b\u043d\u0438\u0442\u0435\u043b\u044c\u043d\u0430\u044f \u0433\u0440\u0430\u0444\u0438\u0442\u043e\u0432\u0430\u044f - \u0420\u043e\u043b\u0438\u043a \u043b\u0435\u0441\u043e\u0443\u043a\u043b\u0430\u0434\u044b\u0432\u0430\u0442\u0435\u043b\u044f \u043a\u043e\u043d\u0443\u0441\u043d\u044b\u0439 \u0443\u0432\u0435\u043b\u0438\u0447\u0435\u043d\u043d\u044b\u0439 (\u043f\u0440\u043e\u0442\u0438\u0432\u043e\u0437\u0430\u043a\u0440\u0443\u0447\u0438\u0432\u0430\u0442\u0435\u043b\u044c) - \u041f\u043e\u043a\u0440\u044b\u0442\u0438\u0435 \u0438\u0437\u043d\u043e\u0441\u043e\u0441\u0442\u043e\u0439\u043a\u043e\u0435\">Papildu graf\u012bta rull\u012btis <\/span><\/span><\/p>\n<p><span id=\"result_box\" lang=\"lv\"><span title=\"- \u0422\u043e\u0440\u043c\u043e\u0437 \u0444\u0440\u0438\u043a\u0446\u0438\u043e\u043d\u043d\u044b\u0439 \u043f\u0435\u0440\u0435\u0434\u043d\u0438\u0439 FD - 3 \u043f\u043e\u0434\u0448\u0438\u043f\u043d\u0438\u043a\u0430 \u0448\u0430\u0440\u0438\u043a\u043e\u0432\u044b\u0445 - 1 \u043f\u043e\u0434\u0448\u0438\u043f\u043d\u0438\u043a \u0440\u043e\u043b\u0438\u043a\u043e\u0432\u044b\u0439 - \u041c\u0433\u043d\u043e\u0432\u0435\u043d\u043d\u044b\u0439 \u0441\u0442\u043e\u043f\u043e\u0440 \u043e\u0431\u0440\u0430\u0442\u043d\u043e\u0433\u043e \u0445\u043e\u0434\u0430 (\u0430\u043d\u0442\u0438\u0440\u0435\u0432\u0435\u0440\u0441) - \u0412\u043a\u043b\u044e\u0447\u0430\u0442\u0435\u043b\u044c \u0430\u043d\u0442\u0438\u0440\u0435\u0432\u0435\u0440\u0441\u0430 \u0444\u043b\u0430\u0436\u043a\u043e\u0432\u044b\u0439 \u043d\u0438\u0436\u043d\u0438\u0439 - \u041a\u043e\u0440\u043f\u0443\u0441 \u0438 \u0440\u043e\u0442\u043e\u0440 \u043a\u0430\u0440\u0431\u043e\u043f\u043b\u0430\u0441\u0442\u043e\u0432\u044b\u0435 - \u0428\u043f\u0443\u043b\u044f \u043e\u0441\u043d\u043e\u0432\u043d\u0430\u044f \u0430\u043b\u044e\u043c\u0438\u043d\u0438\u0435\u0432\u0430\u044f - \u0428\u043f\u0443\u043b\u044f \u0434\u043e\u043f\u043e\u043b\u043d\u0438\u0442\u0435\u043b\u044c\u043d\u0430\u044f \u0433\u0440\u0430\u0444\u0438\u0442\u043e\u0432\u0430\u044f - \u0420\u043e\u043b\u0438\u043a \u043b\u0435\u0441\u043e\u0443\u043a\u043b\u0430\u0434\u044b\u0432\u0430\u0442\u0435\u043b\u044f \u043a\u043e\u043d\u0443\u0441\u043d\u044b\u0439 \u0443\u0432\u0435\u043b\u0438\u0447\u0435\u043d\u043d\u044b\u0439 (\u043f\u0440\u043e\u0442\u0438\u0432\u043e\u0437\u0430\u043a\u0440\u0443\u0447\u0438\u0432\u0430\u0442\u0435\u043b\u044c) - \u041f\u043e\u043a\u0440\u044b\u0442\u0438\u0435 \u0438\u0437\u043d\u043e\u0441\u043e\u0441\u0442\u043e\u0439\u043a\u043e\u0435\">R<\/span><span title=\"\u043d\u0438\u0442\u0440\u0438\u0434\u043e\u043c \u0442\u0438\u0442\u0430\u043d\u0430: - \u0440\u043e\u043b\u0438\u043a\u0430 \u043b\u0435\u0441\u043a\u043e\u0443\u043a\u043b\u0430\u0434\u044b\u0432\u0430\u0442\u0435\u043b\u044f - \u0420\u0443\u043a\u043e\u044f\u0442\u043a\u0430: - \u0430\u043b\u044e\u043c\u0438\u043d\u0438\u0435\u0432\u0430\u044f \u043c\u0435\u0445\u0430\u043d\u0438\u0447\u0435\u0441\u043a\u0438 \u043e\u0431\u0440\u0430\u0431\u043e\u0442\u0430\u043d\u043d\u0430\u044f - \u0441 \u0432\u043e\u0437\u043c\u043e\u0436\u043d\u043e\u0441\u0442\u044c\u044e \u043f\u0440\u0430\u0432\u043e\/\u043b\u0435\u0432\u043e\u0441\u0442\u043e\u0440\u043e\u043d\u043d\u0435\u0439 \u0443\u0441\u0442\u0430\u043d\u043e\u0432\u043a\u0438 - \u0420\u0443\u0447\u043a\u0430 (\u043a\u043d\u043e\u0431) \u044d\u0440\u0433\u043e\u043d\u043e\u043c\u0438\u0447\u043d\u0430\u044f \u0438\u0437 \u0440\u0435\u0437\u0438\u043d\u044b\">okturis: &#8211; ar alum\u012bnija apstr\u0101di &#8211;  ar labo \/ kreiso roku uzst\u0101d\u012b&scaron;anu &#8211; rokturis no gumijas&nbsp; &#8211; ergonomisks<\/span><\/span><\/p>\n<p>Svars: 166g<\/p>\n<p>150m-0.18mm<\/p>\n<p>&nbsp;<\/p>\n","protected":false},"excerpt":{"rendered":"<p>Spole ziemas Lucky John SCANDI. Priek&scaron;\u0113j\u0101 frikcijas bremze FD&nbsp; 3 lod\u012b&scaron;u gult\u0146i &#8211; 1 rull\u012b&scaron;u gultnis&nbsp; Papildu graf\u012bta rull\u012btis Rokturis: &#8211; ar alum\u012bnija apstr\u0101di &#8211; ar labo \/ kreiso roku uzst\u0101d\u012b&scaron;anu &#8211; rokturis no gumijas&nbsp; &#8211; ergonomisks Svars: 166g 150m-0.18mm &nbsp;<\/p>\n","protected":false},"featured_media":0,"template":"","meta":[],"product_brand":[3391],"product_cat":[4585,4640,4987],"product_tag":[],"class_list":{"0":"post-79045","1":"product","2":"type-product","3":"status-publish","5":"product_brand-lucky-john","6":"product_cat-winter-fishing-equipment-recreation","7":"product_cat-recreation","8":"product_cat-winter-reels-winter-fishing-equipment-recreation","10":"first","11":"instock","12":"shipping-taxable","13":"purchasable","14":"product-type-simple"},"_links":{"self":[{"href":"https:\/\/sezona.lv\/en\/wp-json\/wp\/v2\/product\/79045","targetHints":{"allow":["GET"]}}],"collection":[{"href":"https:\/\/sezona.lv\/en\/wp-json\/wp\/v2\/product"}],"about":[{"href":"https:\/\/sezona.lv\/en\/wp-json\/wp\/v2\/types\/product"}],"wp:attachment":[{"href":"https:\/\/sezona.lv\/en\/wp-json\/wp\/v2\/media?parent=79045"}],"wp:term":[{"taxonomy":"product_brand","embeddable":true,"href":"https:\/\/sezona.lv\/en\/wp-json\/wp\/v2\/product_brand?post=79045"},{"taxonomy":"product_cat","embeddable":true,"href":"https:\/\/sezona.lv\/en\/wp-json\/wp\/v2\/product_cat?post=79045"},{"taxonomy":"product_tag","embeddable":true,"href":"https:\/\/sezona.lv\/en\/wp-json\/wp\/v2\/product_tag?post=79045"}],"curies":[{"name":"wp","href":"https:\/\/api.w.org\/{rel}","templated":true}]}}