{"id":79050,"date":"2025-07-14T15:34:01","date_gmt":"2025-07-14T12:34:01","guid":{"rendered":"https:\/\/demo8.ecube.lv\/sezona.lv\/products\/ziemas-makskere-salmo-elite-telejig-65cm\/"},"modified":"2025-07-14T15:34:01","modified_gmt":"2025-07-14T12:34:01","slug":"ziemas-makskere-salmo-elite-telejig-65cm","status":"publish","type":"product","link":"https:\/\/sezona.lv\/en\/products\/ziemas-makskere-salmo-elite-telejig-65cm\/","title":{"rendered":"Ziemas mak\u0161\u0137ere Salmo Elite TELEJIG 65cm"},"content":{"rendered":"<p>Mak&scaron;\u0137ere ziemas Salmo Elite TELEJIG.<\/p>\n<p>-garums 65cm<\/p>\n<p>-transport\u0113&scaron;anas garums: 48cm<\/p>\n<p>-rokturis: EVA<\/p>\n<p>-svars: 28g<\/p>\n","protected":false},"excerpt":{"rendered":"<p>Mak&scaron;\u0137ere ziemas Salmo Elite TELEJIG. -garums 65cm -transport\u0113&scaron;anas garums: 48cm -rokturis: EVA -svars: 28g<\/p>\n","protected":false},"featured_media":0,"template":"","meta":[],"product_brand":[894],"product_cat":[4585,4586,4640],"product_tag":[],"class_list":{"0":"post-79050","1":"product","2":"type-product","3":"status-publish","5":"product_brand-salmo","6":"product_cat-winter-fishing-equipment-recreation","7":"product_cat-winter-fishing-rod-winter-fishing-equipment-recreation","8":"product_cat-recreation","10":"first","11":"instock","12":"shipping-taxable","13":"purchasable","14":"product-type-simple"},"_links":{"self":[{"href":"https:\/\/sezona.lv\/en\/wp-json\/wp\/v2\/product\/79050","targetHints":{"allow":["GET"]}}],"collection":[{"href":"https:\/\/sezona.lv\/en\/wp-json\/wp\/v2\/product"}],"about":[{"href":"https:\/\/sezona.lv\/en\/wp-json\/wp\/v2\/types\/product"}],"wp:attachment":[{"href":"https:\/\/sezona.lv\/en\/wp-json\/wp\/v2\/media?parent=79050"}],"wp:term":[{"taxonomy":"product_brand","embeddable":true,"href":"https:\/\/sezona.lv\/en\/wp-json\/wp\/v2\/product_brand?post=79050"},{"taxonomy":"product_cat","embeddable":true,"href":"https:\/\/sezona.lv\/en\/wp-json\/wp\/v2\/product_cat?post=79050"},{"taxonomy":"product_tag","embeddable":true,"href":"https:\/\/sezona.lv\/en\/wp-json\/wp\/v2\/product_tag?post=79050"}],"curies":[{"name":"wp","href":"https:\/\/api.w.org\/{rel}","templated":true}]}}