{"id":79051,"date":"2025-07-14T15:34:02","date_gmt":"2025-07-14T12:34:02","guid":{"rendered":"https:\/\/demo8.ecube.lv\/sezona.lv\/products\/ziemas-makskere-salmo-sniper-jigger-45cm\/"},"modified":"2025-07-14T15:34:02","modified_gmt":"2025-07-14T12:34:02","slug":"ziemas-makskere-salmo-sniper-jigger-45cm","status":"publish","type":"product","link":"https:\/\/sezona.lv\/en\/products\/ziemas-makskere-salmo-sniper-jigger-45cm\/","title":{"rendered":"Ziemas mak\u0161\u0137ere Salmo Sniper Jigger 45cm"},"content":{"rendered":"<p>Mak&scaron;\u0137ere ziemas Salmo Sniper Jigger.<\/p>\n<p>-garums 45cm<\/p>\n<p>-materi\u0101ls: stikla&scaron;\u0137iedra<\/p>\n<p>-gredzenis: SIC<\/p>\n<p>-rokturis: EVA<\/p>\n<p>-svars: 35g<\/p>\n","protected":false},"excerpt":{"rendered":"<p>Mak&scaron;\u0137ere ziemas Salmo Sniper Jigger. -garums 45cm -materi\u0101ls: stikla&scaron;\u0137iedra -gredzenis: SIC -rokturis: EVA -svars: 35g<\/p>\n","protected":false},"featured_media":0,"template":"","meta":[],"product_brand":[894],"product_cat":[4585,4586,4640],"product_tag":[],"class_list":{"0":"post-79051","1":"product","2":"type-product","3":"status-publish","5":"product_brand-salmo","6":"product_cat-winter-fishing-equipment-recreation","7":"product_cat-winter-fishing-rod-winter-fishing-equipment-recreation","8":"product_cat-recreation","10":"first","11":"instock","12":"shipping-taxable","13":"purchasable","14":"product-type-simple"},"_links":{"self":[{"href":"https:\/\/sezona.lv\/en\/wp-json\/wp\/v2\/product\/79051","targetHints":{"allow":["GET"]}}],"collection":[{"href":"https:\/\/sezona.lv\/en\/wp-json\/wp\/v2\/product"}],"about":[{"href":"https:\/\/sezona.lv\/en\/wp-json\/wp\/v2\/types\/product"}],"wp:attachment":[{"href":"https:\/\/sezona.lv\/en\/wp-json\/wp\/v2\/media?parent=79051"}],"wp:term":[{"taxonomy":"product_brand","embeddable":true,"href":"https:\/\/sezona.lv\/en\/wp-json\/wp\/v2\/product_brand?post=79051"},{"taxonomy":"product_cat","embeddable":true,"href":"https:\/\/sezona.lv\/en\/wp-json\/wp\/v2\/product_cat?post=79051"},{"taxonomy":"product_tag","embeddable":true,"href":"https:\/\/sezona.lv\/en\/wp-json\/wp\/v2\/product_tag?post=79051"}],"curies":[{"name":"wp","href":"https:\/\/api.w.org\/{rel}","templated":true}]}}