{"id":79054,"date":"2025-07-11T16:51:36","date_gmt":"2025-07-11T13:51:36","guid":{"rendered":"https:\/\/demo8.ecube.lv\/sezona.lv\/products\/lietus-kostims-divdaligs-norfin-light-shell\/"},"modified":"2025-07-14T15:34:05","modified_gmt":"2025-07-14T12:34:05","slug":"lietus-kostims-divdaligs-norfin-light-shell","status":"publish","type":"product","link":"https:\/\/sezona.lv\/en\/products\/lietus-kostims-divdaligs-norfin-light-shell\/","title":{"rendered":"Lietus kost\u012bms divda\u013c\u012bgs Norfin Light Shell"},"content":{"rendered":"<div class=\"item_desc\">\n<p>Veigls divdal\u012bgs kost\u012bms, izgatavots no  elpojo&scaron;a, lietus un v\u0113ja necaurlaid\u012bga membr\u0101nas materi\u0101la NORTEX  Breathable. J\u016bsu komfortam un aizsardz\u012bbai no nokri&scaron;\u0146iem, jaka ir  apr\u012bkota ar dzi\u013cu, savelkamu kapuci, \u016bdensnecaurlaid\u012bgiem  r\u0101v\u0113jsl\u0113z\u0113jiem, savelkamu jakas apak&scaron;u un pagarin\u0101tu muguras da\u013cu.  Piln\u012bgai aizsardz\u012bbai no nokri&scaron;\u0146iem visas &scaron;uves ir nol\u012bm\u0113tas. Kost\u012bms ir  viegls un kompakts. Transport\u0113jot aiz\u0146em \u013coti maz vietas.&nbsp;<\/p>\n<div>&nbsp;<\/div>\n<div>Iztur\u012bgs Ripstop materi\u0101ls&nbsp;<\/div>\n<div>&nbsp;<\/div>\n<div>Kompakts un viegls&nbsp;<\/div>\n<div>&nbsp;<\/div>\n<div>\u0112rta piegriestne&nbsp;<\/div>\n<div>&nbsp;<\/div>\n<div><strong>JAKA&nbsp;<\/strong><\/div>\n<div>&nbsp;<\/div>\n<div>&bull; Viegls un \u0113rts materi\u0101ls&nbsp;<\/div>\n<div>&bull; Regul\u0113jama jakas apak&scaron;da\u013ca&nbsp;<\/div>\n<div>&bull; Divas s\u0101nu kabatas&nbsp;<\/div>\n<div>&bull; Dzi\u013ca, regul\u0113jama kapuce&nbsp;<\/div>\n<div>&bull; Nol\u012bm\u0113tas &scaron;uves&nbsp;<\/div>\n<div>&bull; Regul\u0113jamas man\u017eetes&nbsp;<\/div>\n<div>&nbsp;<\/div>\n<div><strong>BIKSES<\/strong>&nbsp;<\/div>\n<div>&nbsp;<\/div>\n<div>&bull; Divas s\u0101nu kabatas ar \u016bdensnecaurlaid\u012bgiem r\u0101v\u0113jsl\u0113dz\u0113jiem&nbsp;<\/div>\n<div>&bull; Elast\u012bga jostas vieta&nbsp;<\/div>\n<div>&nbsp;<\/div>\n<div>Materi\u0101ls: <strong>NORTEX BREATHABLE&nbsp;<\/strong><\/div>\n<div>Mitrumiztur\u012bba: 8 000 mm&nbsp;<\/div>\n<div>Elpotsp\u0113ja: 5 000 g\/m&sup2;\/24h<\/div>\n<\/div>\n<p><span id=\"main_catalog\"> <\/span><\/p>\n","protected":false},"excerpt":{"rendered":"<p>Veigls divdal\u012bgs kost\u012bms, izgatavots no elpojo&scaron;a, lietus un v\u0113ja necaurlaid\u012bga membr\u0101nas materi\u0101la NORTEX Breathable. J\u016bsu komfortam un aizsardz\u012bbai no nokri&scaron;\u0146iem, jaka ir apr\u012bkota ar dzi\u013cu, savelkamu kapuci, \u016bdensnecaurlaid\u012bgiem r\u0101v\u0113jsl\u0113z\u0113jiem, savelkamu jakas apak&scaron;u un pagarin\u0101tu muguras da\u013cu. Piln\u012bgai aizsardz\u012bbai no nokri&scaron;\u0146iem visas &scaron;uves ir nol\u012bm\u0113tas. Kost\u012bms ir viegls un kompakts. Transport\u0113jot aiz\u0146em \u013coti maz vietas.&nbsp; &nbsp; [&hellip;]<\/p>\n","protected":false},"featured_media":0,"template":"","meta":[],"product_brand":[899],"product_cat":[4538,4559,4560],"product_tag":[],"class_list":{"0":"post-79054","1":"product","2":"type-product","3":"status-publish","5":"product_brand-norfin","6":"product_cat-fishing-equipment-recreation","7":"product_cat-equipment-fishing-equipment-recreation","8":"product_cat-clothes-equipment-fishing-equipment-recreation","10":"first","11":"instock","12":"shipping-taxable","13":"purchasable","14":"product-type-simple"},"_links":{"self":[{"href":"https:\/\/sezona.lv\/en\/wp-json\/wp\/v2\/product\/79054","targetHints":{"allow":["GET"]}}],"collection":[{"href":"https:\/\/sezona.lv\/en\/wp-json\/wp\/v2\/product"}],"about":[{"href":"https:\/\/sezona.lv\/en\/wp-json\/wp\/v2\/types\/product"}],"wp:attachment":[{"href":"https:\/\/sezona.lv\/en\/wp-json\/wp\/v2\/media?parent=79054"}],"wp:term":[{"taxonomy":"product_brand","embeddable":true,"href":"https:\/\/sezona.lv\/en\/wp-json\/wp\/v2\/product_brand?post=79054"},{"taxonomy":"product_cat","embeddable":true,"href":"https:\/\/sezona.lv\/en\/wp-json\/wp\/v2\/product_cat?post=79054"},{"taxonomy":"product_tag","embeddable":true,"href":"https:\/\/sezona.lv\/en\/wp-json\/wp\/v2\/product_tag?post=79054"}],"curies":[{"name":"wp","href":"https:\/\/api.w.org\/{rel}","templated":true}]}}