{"id":79055,"date":"2025-07-11T16:51:37","date_gmt":"2025-07-11T13:51:37","guid":{"rendered":"https:\/\/demo8.ecube.lv\/sezona.lv\/products\/bikses-norfin-dynamic-pants\/"},"modified":"2025-07-14T15:34:06","modified_gmt":"2025-07-14T12:34:06","slug":"bikses-norfin-dynamic-pants","status":"publish","type":"product","link":"https:\/\/sezona.lv\/en\/products\/bikses-norfin-dynamic-pants\/","title":{"rendered":"Bikses Norfin DYNAMIC PANTS"},"content":{"rendered":"<ul>\n<\/ul>\n<div id=\"tab1\" class=\"tabContents\">\n<div class=\"item_desc\">\n<p>Bikses ir izgatavotas no viegla,augstas kvalit\u0101tes, elpojo&scaron;a <strong>SOFT SHELL<\/strong> materi\u0101la, lai nodro&scaron;in\u0101tu komfortu, siltumu un pasarg\u0101tu J\u016bs no v\u0113ja.  Bikses ir lieliksi piem\u0113rotas da\u017e\u0101da veida akt\u012bvai atp\u016btai, k\u0101 ar\u012b  valk\u0101&scaron;anai ikdien\u0101. Pateicoties iztur\u012bgajam materi\u0101lam un stiprin\u0101tai  bik&scaron;u lejas da\u013cai, bikses ir ljoti iztur\u012bgas un kalpos ilgi.&nbsp;<\/p>\n<div>&nbsp;<\/div>\n<div>\n<ul>\n<li><span style=\"font-size: 9pt\">Materi\u0101ls SOFT SHELL&nbsp;<\/span><\/li>\n<li><span style=\"font-size: 9pt\">Divas kabatas ar r\u0101v\u0113jsl\u0113dz\u0113jiem&nbsp;<\/span><\/li>\n<li><span style=\"font-size: 9pt\">Regul\u0113jamas, no\u0146emamas lences&nbsp;<\/span><\/li>\n<li><span style=\"font-size: 9pt\">Cilpas jostai Bik&scaron;u aizdare ir apr\u012bkota ar r\u0101v\u0113jsl\u0113dz\u0113ju un div\u0101m spiedpog\u0101m&nbsp;<\/span><\/li>\n<li><span style=\"font-size: 9pt\">Stiprin\u0101ta bik&scaron;u apak&scaron;da\u013ca&nbsp;<\/span><\/li>\n<\/ul>\n<\/div>\n<div>&nbsp;<\/div>\n<div>\u041cateri\u0101ls: <strong>SOFT SHELL<\/strong> (70% <strong>POLIESTERS<\/strong>, 30% <strong>PU<\/strong> membr\u0101na)&nbsp;<\/div>\n<div>&rdquo;Elpotsp\u0113ja&rdquo;: 5 000 g\/mm2\/24h<\/div>\n<\/div>\n<\/div>\n<ul>\n<\/ul>\n","protected":false},"excerpt":{"rendered":"<p>Bikses ir izgatavotas no viegla,augstas kvalit\u0101tes, elpojo&scaron;a SOFT SHELL materi\u0101la, lai nodro&scaron;in\u0101tu komfortu, siltumu un pasarg\u0101tu J\u016bs no v\u0113ja. Bikses ir lieliksi piem\u0113rotas da\u017e\u0101da veida akt\u012bvai atp\u016btai, k\u0101 ar\u012b valk\u0101&scaron;anai ikdien\u0101. Pateicoties iztur\u012bgajam materi\u0101lam un stiprin\u0101tai bik&scaron;u lejas da\u013cai, bikses ir ljoti iztur\u012bgas un kalpos ilgi.&nbsp; &nbsp; Materi\u0101ls SOFT SHELL&nbsp; Divas kabatas ar r\u0101v\u0113jsl\u0113dz\u0113jiem&nbsp; Regul\u0113jamas, [&hellip;]<\/p>\n","protected":false},"featured_media":71299,"template":"","meta":[],"product_brand":[899],"product_cat":[4538,4559,4560],"product_tag":[],"class_list":{"0":"post-79055","1":"product","2":"type-product","3":"status-publish","4":"has-post-thumbnail","6":"product_brand-norfin","7":"product_cat-fishing-equipment-recreation","8":"product_cat-equipment-fishing-equipment-recreation","9":"product_cat-clothes-equipment-fishing-equipment-recreation","11":"first","12":"instock","13":"shipping-taxable","14":"purchasable","15":"product-type-simple"},"_links":{"self":[{"href":"https:\/\/sezona.lv\/en\/wp-json\/wp\/v2\/product\/79055","targetHints":{"allow":["GET"]}}],"collection":[{"href":"https:\/\/sezona.lv\/en\/wp-json\/wp\/v2\/product"}],"about":[{"href":"https:\/\/sezona.lv\/en\/wp-json\/wp\/v2\/types\/product"}],"wp:featuredmedia":[{"embeddable":true,"href":"https:\/\/sezona.lv\/en\/wp-json\/wp\/v2\/media\/71299"}],"wp:attachment":[{"href":"https:\/\/sezona.lv\/en\/wp-json\/wp\/v2\/media?parent=79055"}],"wp:term":[{"taxonomy":"product_brand","embeddable":true,"href":"https:\/\/sezona.lv\/en\/wp-json\/wp\/v2\/product_brand?post=79055"},{"taxonomy":"product_cat","embeddable":true,"href":"https:\/\/sezona.lv\/en\/wp-json\/wp\/v2\/product_cat?post=79055"},{"taxonomy":"product_tag","embeddable":true,"href":"https:\/\/sezona.lv\/en\/wp-json\/wp\/v2\/product_tag?post=79055"}],"curies":[{"name":"wp","href":"https:\/\/api.w.org\/{rel}","templated":true}]}}