{"id":79056,"date":"2025-07-14T15:34:07","date_gmt":"2025-07-14T12:34:07","guid":{"rendered":"https:\/\/demo8.ecube.lv\/sezona.lv\/products\/jaka-norfin-dynamic\/"},"modified":"2025-07-14T15:34:07","modified_gmt":"2025-07-14T12:34:07","slug":"jaka-norfin-dynamic","status":"publish","type":"product","link":"https:\/\/sezona.lv\/en\/products\/jaka-norfin-dynamic\/","title":{"rendered":"Jaka Norfin DYNAMIC"},"content":{"rendered":"<ul>\n<\/ul>\n<p>No <strong>SOFT SHELL<\/strong> materi\u0101la izgatavota, elpojo&scaron;a, v\u0113ja necaurlaid\u012bga jaka <strong>NORFIN DYNAMIC<\/strong> ir lieliski piem\u0113rota visda\u017e\u0101d\u0101k\u0101 vieda aktivit\u0101t\u0113m br\u012bv\u0101 dab\u0101 k\u0101 ar\u012b  valk\u0101&scaron;anai ikdien\u0101. Jaka ir apr\u012bkota ar \u0113rtu, viegli savelkamu kapuci,  k\u0101 ar\u012bar vienu kr\u016b&scaron;u un div\u0101m s\u0101nu kabat\u0101m ar r\u0101v\u0113jsl\u0113dz\u0113jiem.<\/p>\n<div><\/div>\n<div><\/div>\n<ul>\n<li><span style=\"font-size: 9pt\">Moderns dizains&nbsp;<\/span><\/li>\n<li><span style=\"font-size: 9pt\">Materi\u0101ls <strong>SOFT SHELL&nbsp;<\/strong><\/span><\/li>\n<li><span style=\"font-size: 9pt\">Regul\u0113jama   kapuce&nbsp;<\/span><\/li>\n<li><span style=\"font-size: 9pt\">Kr\u016b&scaron;u kabata ar r\u0101v\u0113jsl\u0113dz\u0113ju&nbsp;<\/span><\/li>\n<li><span style=\"font-size: 9pt\">Divas s\u0101nu kabatas ar r\u0101v\u0113jsl\u0113dz\u0113ju&nbsp;<\/span><\/li>\n<li><span style=\"font-size: 9pt\">Plastmasas gredzens zvejas aksesu\u0101ru stiprin\u0101&scaron;anai&nbsp;<\/span><\/li>\n<li><span style=\"font-size: 9pt\">Regul\u0113jama jakas apak&scaron;da\u013ca&nbsp;<\/span><\/li>\n<li><span style=\"font-size: 9pt\">Stiprin\u0101ti elko\u0146i&nbsp;<\/span><\/li>\n<li><span style=\"font-size: 9pt\">Regul\u0113jamas piedurk\u0146u aproces&nbsp;<\/span><\/li>\n<\/ul>\n<div><\/div>\n<div>\u041cateri\u0101ls: <strong>SOFT SHELL<\/strong> (70% <strong>POLIESTERS<\/strong>, 30% <strong>PU<\/strong> membr\u0101na)&nbsp;<\/div>\n<div>&ldquo;Elpotsp\u0113ja&rdquo;: 5 000 g\/mm2\/24h<\/div>\n<ul>\n<\/ul>\n","protected":false},"excerpt":{"rendered":"<p>No SOFT SHELL materi\u0101la izgatavota, elpojo&scaron;a, v\u0113ja necaurlaid\u012bga jaka NORFIN DYNAMIC ir lieliski piem\u0113rota visda\u017e\u0101d\u0101k\u0101 vieda aktivit\u0101t\u0113m br\u012bv\u0101 dab\u0101 k\u0101 ar\u012b valk\u0101&scaron;anai ikdien\u0101. Jaka ir apr\u012bkota ar \u0113rtu, viegli savelkamu kapuci, k\u0101 ar\u012bar vienu kr\u016b&scaron;u un div\u0101m s\u0101nu kabat\u0101m ar r\u0101v\u0113jsl\u0113dz\u0113jiem. Moderns dizains&nbsp; Materi\u0101ls SOFT SHELL&nbsp; Regul\u0113jama kapuce&nbsp; Kr\u016b&scaron;u kabata ar r\u0101v\u0113jsl\u0113dz\u0113ju&nbsp; Divas s\u0101nu kabatas [&hellip;]<\/p>\n","protected":false},"featured_media":0,"template":"","meta":[],"product_brand":[899],"product_cat":[4619,4640,4716],"product_tag":[],"class_list":{"0":"post-79056","1":"product","2":"type-product","3":"status-publish","5":"product_brand-norfin","6":"product_cat-winter-clothes-recreation","7":"product_cat-recreation","8":"product_cat-softshell-jackets-winter-clothes-recreation","10":"first","11":"instock","12":"shipping-taxable","13":"purchasable","14":"product-type-simple"},"_links":{"self":[{"href":"https:\/\/sezona.lv\/en\/wp-json\/wp\/v2\/product\/79056","targetHints":{"allow":["GET"]}}],"collection":[{"href":"https:\/\/sezona.lv\/en\/wp-json\/wp\/v2\/product"}],"about":[{"href":"https:\/\/sezona.lv\/en\/wp-json\/wp\/v2\/types\/product"}],"wp:attachment":[{"href":"https:\/\/sezona.lv\/en\/wp-json\/wp\/v2\/media?parent=79056"}],"wp:term":[{"taxonomy":"product_brand","embeddable":true,"href":"https:\/\/sezona.lv\/en\/wp-json\/wp\/v2\/product_brand?post=79056"},{"taxonomy":"product_cat","embeddable":true,"href":"https:\/\/sezona.lv\/en\/wp-json\/wp\/v2\/product_cat?post=79056"},{"taxonomy":"product_tag","embeddable":true,"href":"https:\/\/sezona.lv\/en\/wp-json\/wp\/v2\/product_tag?post=79056"}],"curies":[{"name":"wp","href":"https:\/\/api.w.org\/{rel}","templated":true}]}}