{"id":79058,"date":"2025-07-11T16:51:41","date_gmt":"2025-07-11T13:51:41","guid":{"rendered":"https:\/\/demo8.ecube.lv\/sezona.lv\/products\/zabakbikses-norfin-flow\/"},"modified":"2025-07-14T15:34:10","modified_gmt":"2025-07-14T12:34:10","slug":"zabakbikses-norfin-flow","status":"publish","type":"product","link":"https:\/\/sezona.lv\/en\/products\/zabakbikses-norfin-flow\/","title":{"rendered":"Z\u0101bakbikses Norfin Flow"},"content":{"rendered":"<div>\n<div>\n<p class=\"black-color\">Z\u0101bakbikse<em>s <\/em><em>kas <\/em>ir izgatavotas no augstas kvalit\u0101tes 4-sl\u0101\u0146u materi\u0101la, kas nodro&scaron;ina ide\u0101lu l\u012bdzsvaru starp iztur\u012bbu un gaisa caurlaid\u012bbu.<\/p>\n<p><span class=\"black-color\"><br \/><\/span> <span class=\"black-color\">&bull; \u0100r\u0113ja kr\u016b&scaron;u kabata ar \u016bdensnecaurlaid\u012bgu r\u0101v\u0113jsl\u0113dz\u0113ju.<br \/> &bull; Iek&scaron;\u0113j\u0101 zip kabata<br \/> &bull; Regul\u0113jamas elast\u012bg\u0101s siksnas<br \/> &bull; Regul\u0113jama elast\u012bga jostasvieta<br \/> &bull; Neopr\u0113na ze\u0137es.<br \/> &bull; Pastiprin\u0101ts audums bik&scaron;u apak&scaron;\u0101 un uz ce\u013cgaliem<\/span><\/p>\n<p><span class=\"black-color\"><br \/><\/span> <span class=\"black-color\">Materi\u0101ls:<br \/> &bull; Materi\u0101ls: 70% <strong>poliesteris,<\/strong> 30% <strong>PU<\/strong> membr\u0101na, neopr\u0113na ze\u0137es<br \/> &bull; Mitrumiztur\u012bba: 20 000<br \/> &bull; Elpotsp\u0113ja: 4 000 g\/m&sup2;\/24h <\/span><\/p>\n<\/div>\n<\/div>\n","protected":false},"excerpt":{"rendered":"<p>Z\u0101bakbikses kas ir izgatavotas no augstas kvalit\u0101tes 4-sl\u0101\u0146u materi\u0101la, kas nodro&scaron;ina ide\u0101lu l\u012bdzsvaru starp iztur\u012bbu un gaisa caurlaid\u012bbu. &bull; \u0100r\u0113ja kr\u016b&scaron;u kabata ar \u016bdensnecaurlaid\u012bgu r\u0101v\u0113jsl\u0113dz\u0113ju. &bull; Iek&scaron;\u0113j\u0101 zip kabata &bull; Regul\u0113jamas elast\u012bg\u0101s siksnas &bull; Regul\u0113jama elast\u012bga jostasvieta &bull; Neopr\u0113na ze\u0137es. &bull; Pastiprin\u0101ts audums bik&scaron;u apak&scaron;\u0101 un uz ce\u013cgaliem Materi\u0101ls: &bull; Materi\u0101ls: 70% poliesteris, 30% PU [&hellip;]<\/p>\n","protected":false},"featured_media":71305,"template":"","meta":[],"product_brand":[899],"product_cat":[4538,4559,4561],"product_tag":[],"class_list":{"0":"post-79058","1":"product","2":"type-product","3":"status-publish","4":"has-post-thumbnail","6":"product_brand-norfin","7":"product_cat-fishing-equipment-recreation","8":"product_cat-equipment-fishing-equipment-recreation","9":"product_cat-high-boots-equipment-fishing-equipment-recreation","11":"first","12":"instock","13":"shipping-taxable","14":"purchasable","15":"product-type-simple"},"_links":{"self":[{"href":"https:\/\/sezona.lv\/en\/wp-json\/wp\/v2\/product\/79058","targetHints":{"allow":["GET"]}}],"collection":[{"href":"https:\/\/sezona.lv\/en\/wp-json\/wp\/v2\/product"}],"about":[{"href":"https:\/\/sezona.lv\/en\/wp-json\/wp\/v2\/types\/product"}],"wp:featuredmedia":[{"embeddable":true,"href":"https:\/\/sezona.lv\/en\/wp-json\/wp\/v2\/media\/71305"}],"wp:attachment":[{"href":"https:\/\/sezona.lv\/en\/wp-json\/wp\/v2\/media?parent=79058"}],"wp:term":[{"taxonomy":"product_brand","embeddable":true,"href":"https:\/\/sezona.lv\/en\/wp-json\/wp\/v2\/product_brand?post=79058"},{"taxonomy":"product_cat","embeddable":true,"href":"https:\/\/sezona.lv\/en\/wp-json\/wp\/v2\/product_cat?post=79058"},{"taxonomy":"product_tag","embeddable":true,"href":"https:\/\/sezona.lv\/en\/wp-json\/wp\/v2\/product_tag?post=79058"}],"curies":[{"name":"wp","href":"https:\/\/api.w.org\/{rel}","templated":true}]}}