{"id":79061,"date":"2025-07-14T15:34:12","date_gmt":"2025-07-14T12:34:12","guid":{"rendered":"https:\/\/demo8.ecube.lv\/sezona.lv\/products\/lucky-john-t-krekls-ar-logotipu-peleks\/"},"modified":"2025-07-14T15:34:12","modified_gmt":"2025-07-14T12:34:12","slug":"lucky-john-t-krekls-ar-logotipu-peleks","status":"publish","type":"product","link":"https:\/\/sezona.lv\/en\/products\/lucky-john-t-krekls-ar-logotipu-peleks\/","title":{"rendered":"Lucky John T- krekls ar logotipu pel\u0113ks"},"content":{"rendered":"<ul>\n<\/ul>\n<div class=\"item_desc\">\n<div class=\"inner-content\">\n<div id=\"tab1\" class=\"tabContents\">\n<div class=\"item_desc\">\n<div id=\"tab1\" class=\"tabContents\">\n<div class=\"item_desc\">\n<div id=\"tab1\" class=\"tabContents\">\n<div class=\"item_desc\">\n<div class=\"desc_block\">\n<div id=\"at3\" class=\"pane description\" style=\"top: -2px\">\n<div id=\"at3\" class=\"pane description\" style=\"top: -2px\">\n<div id=\"at3\" class=\"pane description\" style=\"top: -2px\">\n<ul>\n<\/ul>\n<div class=\"item_desc\">\n<div class=\"inner-content\">\n<div id=\"tab1\" class=\"tabContents\">\n<div class=\"item_desc\">\n<div id=\"tab1\" class=\"tabContents\">\n<div class=\"item_desc\">\n<div id=\"tab1\" class=\"tabContents\">\n<div class=\"item_desc\">\n<div class=\"desc_block\">\n<div id=\"at3\" class=\"pane description\" style=\"top: -2px\">\n<div id=\"at3\" class=\"pane description\" style=\"top: -2px\">\n<div id=\"at3\" class=\"pane description\" style=\"top: -2px\">\n<ul>\n<\/ul>\n<p>Krekls ar Lucky John logotipu.<\/p>\n<p>Materi\u0101ls: 100% kokvilna<\/p>\n<p>Kr\u0101sa: pel\u0113ks<\/p>\n<ul>\n<\/ul>\n<\/div>\n<\/div>\n<\/div>\n<\/div>\n<\/div>\n<\/div>\n<\/div>\n<\/div>\n<\/div>\n<\/div>\n<\/div>\n<\/div>\n<ul>\n<\/ul>\n<\/div>\n<\/div>\n<\/div>\n<\/div>\n<\/div>\n<\/div>\n<\/div>\n<\/div>\n<\/div>\n<\/div>\n<\/div>\n<\/div>\n<ul>\n<\/ul>\n","protected":false},"excerpt":{"rendered":"<p>Krekls ar Lucky John logotipu. Materi\u0101ls: 100% kokvilna Kr\u0101sa: pel\u0113ks<\/p>\n","protected":false},"featured_media":0,"template":"","meta":[],"product_brand":[3391],"product_cat":[4538,4559,4640],"product_tag":[],"class_list":{"0":"post-79061","1":"product","2":"type-product","3":"status-publish","5":"product_brand-lucky-john","6":"product_cat-fishing-equipment-recreation","7":"product_cat-equipment-fishing-equipment-recreation","8":"product_cat-recreation","10":"first","11":"instock","12":"shipping-taxable","13":"purchasable","14":"product-type-simple"},"_links":{"self":[{"href":"https:\/\/sezona.lv\/en\/wp-json\/wp\/v2\/product\/79061","targetHints":{"allow":["GET"]}}],"collection":[{"href":"https:\/\/sezona.lv\/en\/wp-json\/wp\/v2\/product"}],"about":[{"href":"https:\/\/sezona.lv\/en\/wp-json\/wp\/v2\/types\/product"}],"wp:attachment":[{"href":"https:\/\/sezona.lv\/en\/wp-json\/wp\/v2\/media?parent=79061"}],"wp:term":[{"taxonomy":"product_brand","embeddable":true,"href":"https:\/\/sezona.lv\/en\/wp-json\/wp\/v2\/product_brand?post=79061"},{"taxonomy":"product_cat","embeddable":true,"href":"https:\/\/sezona.lv\/en\/wp-json\/wp\/v2\/product_cat?post=79061"},{"taxonomy":"product_tag","embeddable":true,"href":"https:\/\/sezona.lv\/en\/wp-json\/wp\/v2\/product_tag?post=79061"}],"curies":[{"name":"wp","href":"https:\/\/api.w.org\/{rel}","templated":true}]}}