{"id":79066,"date":"2025-07-14T15:34:17","date_gmt":"2025-07-14T12:34:17","guid":{"rendered":"https:\/\/demo8.ecube.lv\/sezona.lv\/products\/t-krekls-ar-garam-piedurknem-norfin\/"},"modified":"2025-07-14T15:34:17","modified_gmt":"2025-07-14T12:34:17","slug":"t-krekls-ar-garam-piedurknem-norfin","status":"publish","type":"product","link":"https:\/\/sezona.lv\/en\/products\/t-krekls-ar-garam-piedurknem-norfin\/","title":{"rendered":"T-krekls ar gar\u0101m piedurkn\u0113m Norfin"},"content":{"rendered":"<ul>\n<\/ul>\n<div class=\"item_desc\">\n<div class=\"inner-content\">\n<div id=\"tab1\" class=\"tabContents\">\n<div class=\"item_desc\">\n<div id=\"tab1\" class=\"tabContents\">\n<div class=\"item_desc\">\n<div id=\"tab1\" class=\"tabContents\">\n<div class=\"item_desc\">\n<div class=\"desc_block\">\n<div id=\"at3\" class=\"pane description\" style=\"top: -2px\">\n<div id=\"at3\" class=\"pane description\" style=\"top: -2px\">\n<div id=\"at3\" class=\"pane description\" style=\"top: -2px\">\n<ul>\n<\/ul>\n<div class=\"item_desc\">\n<div class=\"inner-content\">\n<div id=\"tab1\" class=\"tabContents\">\n<div class=\"item_desc\">\n<div id=\"tab1\" class=\"tabContents\">\n<div class=\"item_desc\">\n<div id=\"tab1\" class=\"tabContents\">\n<div class=\"item_desc\">\n<div class=\"desc_block\">\n<div id=\"at3\" class=\"pane description\" style=\"top: -2px\">\n<div id=\"at3\" class=\"pane description\" style=\"top: -2px\">\n<div id=\"at3\" class=\"pane description\" style=\"top: -2px\">\n<ul>\n<\/ul>\n<div class=\"desc_block\">\n<div style=\"max-width: 440px\">\n<div class=\"desc_block\">\n<div id=\"at3\" class=\"pane description\" style=\"top: -2px\">\n<ul>\n<\/ul>\n<div class=\"desc_block\">\n<div id=\"at3\" class=\"pane description\" style=\"top: -2px\">\n<ul>\n<\/ul>\n<div class=\"desc_block\">\n<p>T-krekls ar gar\u0101m piedurkn\u0113m, ar Norfin logo apdruku priek&scaron;pus\u0113.<\/p>\n<p>Mteri\u0101ls: 95% kokvilna, 5% Spandex<\/p><\/div>\n<ul>\n<\/ul>\n<\/div>\n<\/div>\n<ul>\n<\/ul>\n<\/div>\n<\/div>\n<\/div>\n<\/div>\n<ul>\n<\/ul>\n<\/div>\n<\/div>\n<\/div>\n<\/div>\n<\/div>\n<\/div>\n<\/div>\n<\/div>\n<\/div>\n<\/div>\n<\/div>\n<\/div>\n<ul>\n<\/ul>\n<\/div>\n<\/div>\n<\/div>\n<\/div>\n<\/div>\n<\/div>\n<\/div>\n<\/div>\n<\/div>\n<\/div>\n<\/div>\n<\/div>\n<ul>\n<\/ul>\n","protected":false},"excerpt":{"rendered":"<p>T-krekls ar gar\u0101m piedurkn\u0113m, ar Norfin logo apdruku priek&scaron;pus\u0113. Mteri\u0101ls: 95% kokvilna, 5% Spandex<\/p>\n","protected":false},"featured_media":0,"template":"","meta":[],"product_brand":[899],"product_cat":[4538,4559,4640],"product_tag":[],"class_list":{"0":"post-79066","1":"product","2":"type-product","3":"status-publish","5":"product_brand-norfin","6":"product_cat-fishing-equipment-recreation","7":"product_cat-equipment-fishing-equipment-recreation","8":"product_cat-recreation","10":"first","11":"instock","12":"shipping-taxable","13":"purchasable","14":"product-type-simple"},"_links":{"self":[{"href":"https:\/\/sezona.lv\/en\/wp-json\/wp\/v2\/product\/79066","targetHints":{"allow":["GET"]}}],"collection":[{"href":"https:\/\/sezona.lv\/en\/wp-json\/wp\/v2\/product"}],"about":[{"href":"https:\/\/sezona.lv\/en\/wp-json\/wp\/v2\/types\/product"}],"wp:attachment":[{"href":"https:\/\/sezona.lv\/en\/wp-json\/wp\/v2\/media?parent=79066"}],"wp:term":[{"taxonomy":"product_brand","embeddable":true,"href":"https:\/\/sezona.lv\/en\/wp-json\/wp\/v2\/product_brand?post=79066"},{"taxonomy":"product_cat","embeddable":true,"href":"https:\/\/sezona.lv\/en\/wp-json\/wp\/v2\/product_cat?post=79066"},{"taxonomy":"product_tag","embeddable":true,"href":"https:\/\/sezona.lv\/en\/wp-json\/wp\/v2\/product_tag?post=79066"}],"curies":[{"name":"wp","href":"https:\/\/api.w.org\/{rel}","templated":true}]}}