{"id":79067,"date":"2025-07-11T16:51:51","date_gmt":"2025-07-11T13:51:51","guid":{"rendered":"https:\/\/demo8.ecube.lv\/sezona.lv\/products\/t-krekls-norfin\/"},"modified":"2025-07-14T15:34:17","modified_gmt":"2025-07-14T12:34:17","slug":"t-krekls-norfin","status":"publish","type":"product","link":"https:\/\/sezona.lv\/en\/products\/t-krekls-norfin\/","title":{"rendered":"T-krekls Norfin"},"content":{"rendered":"<ul>\n<\/ul>\n<div class=\"item_desc\">\n<div class=\"inner-content\">\n<div id=\"tab1\" class=\"tabContents\">\n<div class=\"item_desc\">\n<div id=\"tab1\" class=\"tabContents\">\n<div class=\"item_desc\">\n<div id=\"tab1\" class=\"tabContents\">\n<div class=\"item_desc\">\n<div class=\"desc_block\">\n<div id=\"at3\" class=\"pane description\" style=\"top: -2px\">\n<div id=\"at3\" class=\"pane description\" style=\"top: -2px\">\n<div id=\"at3\" class=\"pane description\" style=\"top: -2px\">\n<ul>\n<\/ul>\n<div class=\"item_desc\">\n<div class=\"inner-content\">\n<div id=\"tab1\" class=\"tabContents\">\n<div class=\"item_desc\">\n<div id=\"tab1\" class=\"tabContents\">\n<div class=\"item_desc\">\n<div id=\"tab1\" class=\"tabContents\">\n<div class=\"item_desc\">\n<div class=\"desc_block\">\n<div id=\"at3\" class=\"pane description\" style=\"top: -2px\">\n<div id=\"at3\" class=\"pane description\" style=\"top: -2px\">\n<div id=\"at3\" class=\"pane description\" style=\"top: -2px\">\n<ul>\n<\/ul>\n<div class=\"desc_block\">\n<div style=\"max-width: 440px\">\n<div class=\"desc_block\">\n<div id=\"at3\" class=\"pane description\" style=\"top: -2px\">\n<ul>\n<\/ul>\n<div class=\"desc_block\">\n<div id=\"at3\" class=\"pane description\" style=\"top: -2px\">\n<ul>\n<\/ul>\n<div class=\"desc_block\">\n<div class=\"desc_block\">\n<div id=\"at3\" class=\"pane description\" style=\"top: -2px\">\n<div id=\"at3\" class=\"pane description\" style=\"top: -2px\">\n<div id=\"at3\" class=\"pane description\" style=\"top: -2px\">\n<ul>\n<li>T-krekls ar \u012bsaj\u0101m piedurkn\u0113m<\/li>\n<li>Kombin\u0113ts materi\u0101ls<\/li>\n<li>Materi\u0101ls: 95% kokvilna, 5% Spandex<\/li>\n<\/ul>\n<\/div>\n<\/div>\n<\/div>\n<\/div>\n<\/div>\n<ul>\n<\/ul>\n<\/div>\n<\/div>\n<ul>\n<\/ul>\n<\/div>\n<\/div>\n<\/div>\n<\/div>\n<ul>\n<\/ul>\n<\/div>\n<\/div>\n<\/div>\n<\/div>\n<\/div>\n<\/div>\n<\/div>\n<\/div>\n<\/div>\n<\/div>\n<\/div>\n<\/div>\n<ul>\n<\/ul>\n<\/div>\n<\/div>\n<\/div>\n<\/div>\n<\/div>\n<\/div>\n<\/div>\n<\/div>\n<\/div>\n<\/div>\n<\/div>\n<\/div>\n<ul>\n<\/ul>\n","protected":false},"excerpt":{"rendered":"<p>T-krekls ar \u012bsaj\u0101m piedurkn\u0113m Kombin\u0113ts materi\u0101ls Materi\u0101ls: 95% kokvilna, 5% Spandex<\/p>\n","protected":false},"featured_media":0,"template":"","meta":[],"product_brand":[899],"product_cat":[4538,4559],"product_tag":[],"class_list":{"0":"post-79067","1":"product","2":"type-product","3":"status-publish","5":"product_brand-norfin","6":"product_cat-fishing-equipment-recreation","7":"product_cat-equipment-fishing-equipment-recreation","9":"first","10":"instock","11":"shipping-taxable","12":"purchasable","13":"product-type-simple"},"_links":{"self":[{"href":"https:\/\/sezona.lv\/en\/wp-json\/wp\/v2\/product\/79067","targetHints":{"allow":["GET"]}}],"collection":[{"href":"https:\/\/sezona.lv\/en\/wp-json\/wp\/v2\/product"}],"about":[{"href":"https:\/\/sezona.lv\/en\/wp-json\/wp\/v2\/types\/product"}],"wp:attachment":[{"href":"https:\/\/sezona.lv\/en\/wp-json\/wp\/v2\/media?parent=79067"}],"wp:term":[{"taxonomy":"product_brand","embeddable":true,"href":"https:\/\/sezona.lv\/en\/wp-json\/wp\/v2\/product_brand?post=79067"},{"taxonomy":"product_cat","embeddable":true,"href":"https:\/\/sezona.lv\/en\/wp-json\/wp\/v2\/product_cat?post=79067"},{"taxonomy":"product_tag","embeddable":true,"href":"https:\/\/sezona.lv\/en\/wp-json\/wp\/v2\/product_tag?post=79067"}],"curies":[{"name":"wp","href":"https:\/\/api.w.org\/{rel}","templated":true}]}}