{"id":79072,"date":"2025-07-14T15:34:21","date_gmt":"2025-07-14T12:34:21","guid":{"rendered":"https:\/\/demo8.ecube.lv\/sezona.lv\/products\/krekls-norfin-cool-long-sleeves\/"},"modified":"2025-07-14T15:34:21","modified_gmt":"2025-07-14T12:34:21","slug":"krekls-norfin-cool-long-sleeves","status":"publish","type":"product","link":"https:\/\/sezona.lv\/en\/products\/krekls-norfin-cool-long-sleeves\/","title":{"rendered":"Krekls NORFIN COOL LONG SLEEVES"},"content":{"rendered":"<ul>\n<\/ul>\n<div class=\"item_desc\">\n<div class=\"inner-content\">\n<div id=\"tab1\" class=\"tabContents\">\n<div class=\"item_desc\">\n<div id=\"tab1\" class=\"tabContents\">\n<div class=\"item_desc\">\n<div id=\"tab1\" class=\"tabContents\">\n<div class=\"item_desc\">\n<div class=\"desc_block\">\n<div id=\"at3\" class=\"pane description\" style=\"top: -2px\">\n<div id=\"at3\" class=\"pane description\" style=\"top: -2px\">\n<div id=\"at3\" class=\"pane description\" style=\"top: -2px\">\n<ul>\n<\/ul>\n<div class=\"item_desc\">\n<div class=\"inner-content\">\n<div id=\"tab1\" class=\"tabContents\">\n<div class=\"item_desc\">\n<div id=\"tab1\" class=\"tabContents\">\n<div class=\"item_desc\">\n<div id=\"tab1\" class=\"tabContents\">\n<div class=\"item_desc\">\n<div class=\"desc_block\">\n<div id=\"at3\" class=\"pane description\" style=\"top: -2px\">\n<div id=\"at3\" class=\"pane description\" style=\"top: -2px\">\n<div id=\"at3\" class=\"pane description\" style=\"top: -2px\">\n<ul>\n<\/ul>\n<div class=\"desc_block\">\n<div style=\"max-width: 440px\">\n<div class=\"desc_block\">\n<div id=\"at3\" class=\"pane description\" style=\"top: -2px\">\n<ul>\n<\/ul>\n<div class=\"desc_block\">\n<div id=\"at3\" class=\"pane description\" style=\"top: -2px\">\n<ul>\n<\/ul>\n<div class=\"desc_block\">\n<div class=\"desc_block\">\n<div id=\"at3\" class=\"pane description\" style=\"top: -2px\">\n<div id=\"at3\" class=\"pane description\" style=\"top: -2px\">\n<div id=\"at3\" class=\"pane description\" style=\"top: -2px\">\n<ul>\n<\/ul>\n<div class=\"desc_block\">\n<div class=\"desc_block\">\n<div class=\"desc_block\">\n<p>Viegls vasaras krekls ar gar\u0101m piedurkn\u0113m.  \u0100tri \u017e\u016bsto&scaron;s un \u013coti iztur\u012bgs Korej\u0101 ra\u017eots materi\u0101ls. Neilona  materi\u0101ls rada v\u0113suma saj\u016btu, \u0101tri \u017e\u016bst, nodro&scaron;ina komfortu..<\/p>\n<p>&bull; Divas kr\u016b&scaron;u kabatas<\/p>\n<p>&bull; Papildu ventil\u0101cija uz muguras<\/p>\n<p>&bull; Cilpa instrument\u0430 piestiprin\u0101&scaron;anai<\/p>\n<p>&bull; Piedurknes var uzloc\u012bt un aizpog\u0101t.<\/p>\n<\/div>\n<\/div>\n<\/div>\n<ul>\n<\/ul>\n<\/div>\n<\/div>\n<\/div>\n<\/div>\n<\/div>\n<ul>\n<\/ul>\n<\/div>\n<\/div>\n<ul>\n<\/ul>\n<\/div>\n<\/div>\n<\/div>\n<\/div>\n<ul>\n<\/ul>\n<\/div>\n<\/div>\n<\/div>\n<\/div>\n<\/div>\n<\/div>\n<\/div>\n<\/div>\n<\/div>\n<\/div>\n<\/div>\n<\/div>\n<ul>\n<\/ul>\n<\/div>\n<\/div>\n<\/div>\n<\/div>\n<\/div>\n<\/div>\n<\/div>\n<\/div>\n<\/div>\n<\/div>\n<\/div>\n<\/div>\n<ul>\n<\/ul>\n","protected":false},"excerpt":{"rendered":"<p>Viegls vasaras krekls ar gar\u0101m piedurkn\u0113m. \u0100tri \u017e\u016bsto&scaron;s un \u013coti iztur\u012bgs Korej\u0101 ra\u017eots materi\u0101ls. Neilona materi\u0101ls rada v\u0113suma saj\u016btu, \u0101tri \u017e\u016bst, nodro&scaron;ina komfortu.. &bull; Divas kr\u016b&scaron;u kabatas &bull; Papildu ventil\u0101cija uz muguras &bull; Cilpa instrument\u0430 piestiprin\u0101&scaron;anai &bull; Piedurknes var uzloc\u012bt un aizpog\u0101t.<\/p>\n","protected":false},"featured_media":0,"template":"","meta":[],"product_brand":[899],"product_cat":[4538,4559,4640],"product_tag":[],"class_list":{"0":"post-79072","1":"product","2":"type-product","3":"status-publish","5":"product_brand-norfin","6":"product_cat-fishing-equipment-recreation","7":"product_cat-equipment-fishing-equipment-recreation","8":"product_cat-recreation","10":"first","11":"instock","12":"shipping-taxable","13":"purchasable","14":"product-type-simple"},"_links":{"self":[{"href":"https:\/\/sezona.lv\/en\/wp-json\/wp\/v2\/product\/79072","targetHints":{"allow":["GET"]}}],"collection":[{"href":"https:\/\/sezona.lv\/en\/wp-json\/wp\/v2\/product"}],"about":[{"href":"https:\/\/sezona.lv\/en\/wp-json\/wp\/v2\/types\/product"}],"wp:attachment":[{"href":"https:\/\/sezona.lv\/en\/wp-json\/wp\/v2\/media?parent=79072"}],"wp:term":[{"taxonomy":"product_brand","embeddable":true,"href":"https:\/\/sezona.lv\/en\/wp-json\/wp\/v2\/product_brand?post=79072"},{"taxonomy":"product_cat","embeddable":true,"href":"https:\/\/sezona.lv\/en\/wp-json\/wp\/v2\/product_cat?post=79072"},{"taxonomy":"product_tag","embeddable":true,"href":"https:\/\/sezona.lv\/en\/wp-json\/wp\/v2\/product_tag?post=79072"}],"curies":[{"name":"wp","href":"https:\/\/api.w.org\/{rel}","templated":true}]}}