{"id":79073,"date":"2025-07-11T16:51:57","date_gmt":"2025-07-11T13:51:57","guid":{"rendered":"https:\/\/demo8.ecube.lv\/sezona.lv\/products\/rapala-nazis-finlander-fillet-flf6\/"},"modified":"2025-07-14T15:34:22","modified_gmt":"2025-07-14T12:34:22","slug":"rapala-nazis-finlander-fillet-flf6","status":"publish","type":"product","link":"https:\/\/sezona.lv\/en\/products\/rapala-nazis-finlander-fillet-flf6\/","title":{"rendered":"Rapala nazis Finlander Fillet FLF6"},"content":{"rendered":"<p>Rapala nazis Spoon Fillet RSPF9.<\/p>\n<p>Skandin\u0101vu &#8220;Premium&#8221; Ner\u016bs\u0113jo&scaron;ais t\u0113rauda asmens.<\/p>\n<p>Spals izgatavots no koka.<\/p>\n<p>Viegli t\u012br\u0101ms un glab\u0101jams.<\/p>\n<p>Asme\u0146a garums: 15 cm<\/p>\n<p><strong>Komplekt\u0101 iek\u013cauts dab\u012bg\u0101s \u0101das uzglab\u0101&scaron;anas apvalks, k\u0101 ar\u012b Rapala <\/strong><span class=\"a-list-item\"><strong>SH1 na\u017ea asin\u0101mais!<\/strong><\/span><\/p>\n","protected":false},"excerpt":{"rendered":"<p>Rapala nazis Spoon Fillet RSPF9. Skandin\u0101vu &#8220;Premium&#8221; Ner\u016bs\u0113jo&scaron;ais t\u0113rauda asmens. Spals izgatavots no koka. Viegli t\u012br\u0101ms un glab\u0101jams. Asme\u0146a garums: 15 cm Komplekt\u0101 iek\u013cauts dab\u012bg\u0101s \u0101das uzglab\u0101&scaron;anas apvalks, k\u0101 ar\u012b Rapala SH1 na\u017ea asin\u0101mais!<\/p>\n","protected":false},"featured_media":71317,"template":"","meta":[],"product_brand":[],"product_cat":[4558,4571,4733],"product_tag":[],"class_list":{"0":"post-79073","1":"product","2":"type-product","3":"status-publish","4":"has-post-thumbnail","6":"product_cat-for-tourism-recreation","7":"product_cat-dishes-knives-folding-tables-for-tourism-recreation","8":"product_cat-knives-dishes-knives-folding-tables-for-tourism-recreation","10":"first","11":"instock","12":"shipping-taxable","13":"purchasable","14":"product-type-simple"},"_links":{"self":[{"href":"https:\/\/sezona.lv\/en\/wp-json\/wp\/v2\/product\/79073","targetHints":{"allow":["GET"]}}],"collection":[{"href":"https:\/\/sezona.lv\/en\/wp-json\/wp\/v2\/product"}],"about":[{"href":"https:\/\/sezona.lv\/en\/wp-json\/wp\/v2\/types\/product"}],"wp:featuredmedia":[{"embeddable":true,"href":"https:\/\/sezona.lv\/en\/wp-json\/wp\/v2\/media\/71317"}],"wp:attachment":[{"href":"https:\/\/sezona.lv\/en\/wp-json\/wp\/v2\/media?parent=79073"}],"wp:term":[{"taxonomy":"product_brand","embeddable":true,"href":"https:\/\/sezona.lv\/en\/wp-json\/wp\/v2\/product_brand?post=79073"},{"taxonomy":"product_cat","embeddable":true,"href":"https:\/\/sezona.lv\/en\/wp-json\/wp\/v2\/product_cat?post=79073"},{"taxonomy":"product_tag","embeddable":true,"href":"https:\/\/sezona.lv\/en\/wp-json\/wp\/v2\/product_tag?post=79073"}],"curies":[{"name":"wp","href":"https:\/\/api.w.org\/{rel}","templated":true}]}}